{"id":28884,"date":"2022-01-20T11:05:14","date_gmt":"2022-01-20T10:05:14","guid":{"rendered":"https:\/\/concourshelenedemontgeroult.ch\/?page_id=28884"},"modified":"2024-12-10T09:47:40","modified_gmt":"2024-12-10T08:47:40","slug":"association-concours-montgeroultch","status":"publish","type":"page","link":"http:\/\/concourshelenedemontgeroult.ch\/it\/association-concours-montgeroultch\/","title":{"rendered":"Associazione Concours H\u00e9l\u00e8ne de Montgeroult-de Nervo, Romont, Suisse"},"content":{"rendered":"<h2 class=\"wp-block-heading alignwide has-text-align-center\" id=\"association-concours-helene-de-montgeroult-de-nervo-romont-suisse\" style=\"font-size:25px\">Association \u00ab\u00a0Concours H\u00e9l\u00e8ne de Montgeroult-de Nervo, Romont, Suisse\u00a0\u00bb<\/h2>\n\n\n<style>.kb-row-layout-id28884_cd0ff5-10 > .kt-row-column-wrap{align-content:start;}:where(.kb-row-layout-id28884_cd0ff5-10 > .kt-row-column-wrap) > .wp-block-kadence-column{justify-content:start;}.kb-row-layout-id28884_cd0ff5-10 > .kt-row-column-wrap{column-gap:var(--global-kb-gap-md, 2rem);row-gap:var(--global-kb-gap-md, 2rem);padding-top:var(--global-kb-spacing-sm, 1.5rem);padding-bottom:var(--global-kb-spacing-sm, 1.5rem);grid-template-columns:minmax(0, 1fr);}.kb-row-layout-id28884_cd0ff5-10 > .kt-row-layout-overlay{opacity:0.30;}@media all and (max-width: 1024px){.kb-row-layout-id28884_cd0ff5-10 > .kt-row-column-wrap{grid-template-columns:minmax(0, 1fr);}}@media all and (max-width: 767px){.kb-row-layout-id28884_cd0ff5-10 > .kt-row-column-wrap{grid-template-columns:minmax(0, 1fr);}}<\/style><div class=\"kb-row-layout-wrap kb-row-layout-id28884_cd0ff5-10 alignnone wp-block-kadence-rowlayout\"><div class=\"kt-row-column-wrap kt-has-1-columns kt-row-layout-equal kt-tab-layout-inherit kt-mobile-layout-row kt-row-valign-top\">\n<style>.kadence-column28884_9fa0dd-e9 > .kt-inside-inner-col{padding-top:10px;padding-right:20px;padding-bottom:10px;padding-left:20px;}.kadence-column28884_9fa0dd-e9 > .kt-inside-inner-col,.kadence-column28884_9fa0dd-e9 > .kt-inside-inner-col:before{border-top-left-radius:0px;border-top-right-radius:0px;border-bottom-right-radius:0px;border-bottom-left-radius:0px;}.kadence-column28884_9fa0dd-e9 > .kt-inside-inner-col{column-gap:var(--global-kb-gap-sm, 1rem);}.kadence-column28884_9fa0dd-e9 > .kt-inside-inner-col{flex-direction:column;}.kadence-column28884_9fa0dd-e9 > .kt-inside-inner-col > .aligncenter{width:100%;}.kadence-column28884_9fa0dd-e9 > .kt-inside-inner-col{background-color:var(--global-palette7, #EDF2F7);}.kadence-column28884_9fa0dd-e9 > .kt-inside-inner-col:before{opacity:0.3;}.kadence-column28884_9fa0dd-e9{position:relative;}@media all and (max-width: 1024px){.kadence-column28884_9fa0dd-e9 > .kt-inside-inner-col{flex-direction:column;justify-content:center;}}@media all and (max-width: 767px){.kadence-column28884_9fa0dd-e9 > .kt-inside-inner-col{flex-direction:column;justify-content:center;}}<\/style>\n<div class=\"wp-block-kadence-column kadence-column28884_9fa0dd-e9 inner-column-1\"><div class=\"kt-inside-inner-col\">\n<p>Durante una conversazione a una festa di famiglia nell'agosto 2021, abbiamo scoperto che una importante e dimenticata musicista proveniva da una famiglia locale. <\/p>\n\n\n\n<p>Da allora, abbiamo voluto far conoscere e apprezzare le opere di questa lontana cugina di molti abitanti di Romont e dintorni: tutti i D\u00e9nervaud e altri portatori di cognomi simili sono infatti discendenti di Rodolphe de Nervaud, vissuto a Bouloz alla fine del XV secolo. Questa famiglia \u00e8 originaria di una frazione nei pressi di una valle scura e boscosa (Val Noir) situata a Prez-vers-Siviriez, nella Gl\u00e2ne fribourgeoise, a due passi da Romont. <\/p>\n\n\n\n<p>Un <a href=\"https:\/\/concourshelenedemontgeroult.ch\/it\/comite\/\" data-type=\"page\" data-id=\"29205\">comit\u00e9<\/a> s&rsquo;est rapidement constitu\u00e9: il r\u00e9unit une Conseill\u00e8re d&rsquo;\u00c9tat \u00e9m\u00e9rite et des pianistes, tous peu ou prou apparent\u00e9s \u00e0 H\u00e9l\u00e8ne de Montgeroult, n\u00e9e de Nervo.<\/p>\n\n\n\n<p>L&rsquo;Association \u00ab\u00a0Concours H\u00e9l\u00e8ne de Montgeroult-de Nervo, Romont, Suisse\u00a0\u00bb a \u00e9t\u00e9 fond\u00e9e le 7 d\u00e9cembre 2021, sous le patronage de l&rsquo;<a rel=\"noreferrer noopener\" href=\"http:\/\/www.denervaud.org\/\" target=\"_blank\">\u00ab\u00a0Association des descendants de Rodolphe de Nervaud\u00a0\u00bb<\/a><\/p>\n\n\n\n<p>Vous pouvez consulter ses statuts <a href=\"https:\/\/concourshelenedemontgeroult.ch\/it\/statuts\/\" data-type=\"page\" data-id=\"29083\">qui<\/a>.<\/p>\n\n\n<style>.wp-block-kadence-advancedbtn.kb-btns28884_8781ea-ef{gap:var(--global-kb-gap-xs, 0.5rem );justify-content:center;align-items:center;}.kt-btns28884_8781ea-ef .kt-button{font-weight:normal;font-style:normal;}<\/style>\n<div class=\"wp-block-kadence-advancedbtn kb-buttons-wrap kb-btns28884_8781ea-ef\"><style>ul.menu .wp-block-kadence-advancedbtn .kb-btn28884_86d767-2f.kb-button{width:initial;}.wp-block-kadence-advancedbtn .kb-btn28884_86d767-2f.kb-button{color:#555555;border-top-color:#555555;border-top-style:solid;border-right-color:#555555;border-right-style:solid;border-bottom-color:#555555;border-bottom-style:solid;border-left-color:#555555;border-left-style:solid;}.wp-block-kadence-advancedbtn .kb-btn28884_86d767-2f.kb-button:hover, .wp-block-kadence-advancedbtn .kb-btn28884_86d767-2f.kb-button:focus{color:#ffffff;background:#444444;border-top-color:#444444;border-top-style:solid;border-right-color:#444444;border-right-style:solid;border-bottom-color:#444444;border-bottom-style:solid;border-left-color:#444444;border-left-style:solid;}@media all and (max-width: 1024px){.wp-block-kadence-advancedbtn .kb-btn28884_86d767-2f.kb-button{border-top-color:#555555;border-top-style:solid;border-right-color:#555555;border-right-style:solid;border-bottom-color:#555555;border-bottom-style:solid;border-left-color:#555555;border-left-style:solid;}}@media all and (max-width: 1024px){.wp-block-kadence-advancedbtn .kb-btn28884_86d767-2f.kb-button:hover, .wp-block-kadence-advancedbtn .kb-btn28884_86d767-2f.kb-button:focus{border-top-color:#444444;border-top-style:solid;border-right-color:#444444;border-right-style:solid;border-bottom-color:#444444;border-bottom-style:solid;border-left-color:#444444;border-left-style:solid;}}@media all and (max-width: 767px){.wp-block-kadence-advancedbtn .kb-btn28884_86d767-2f.kb-button{border-top-color:#555555;border-top-style:solid;border-right-color:#555555;border-right-style:solid;border-bottom-color:#555555;border-bottom-style:solid;border-left-color:#555555;border-left-style:solid;}.wp-block-kadence-advancedbtn .kb-btn28884_86d767-2f.kb-button:hover, .wp-block-kadence-advancedbtn .kb-btn28884_86d767-2f.kb-button:focus{border-top-color:#444444;border-top-style:solid;border-right-color:#444444;border-right-style:solid;border-bottom-color:#444444;border-bottom-style:solid;border-left-color:#444444;border-left-style:solid;}}<\/style><a class=\"kb-button kt-button button kb-btn28884_86d767-2f kt-btn-size-standard kt-btn-width-type-auto kb-btn-global-outline  kt-btn-has-text-true kt-btn-has-svg-false  wp-block-kadence-singlebtn\" href=\"https:\/\/concourshelenedemontgeroult.ch\/it\/concours-helene-de-montgeroult-de-nervo\/\"><span class=\"kt-btn-inner-text\">Adh\u00e9rer \u00e0 l&rsquo;Association<\/span><\/a><\/div>\n<\/div><\/div>\n\n<\/div><\/div>\n\n\n<h2 class=\"wp-block-heading has-medium-font-size\" id=\"origines\">Les origines fribourgeoises d&rsquo;H\u00e9l\u00e8ne de Montgeroult, n\u00e9e de Nervo<\/h2>\n\n\n<style>.kb-row-layout-id28884_ef62b8-2c > .kt-row-column-wrap{align-content:start;}:where(.kb-row-layout-id28884_ef62b8-2c > .kt-row-column-wrap) > .wp-block-kadence-column{justify-content:start;}.kb-row-layout-id28884_ef62b8-2c > .kt-row-column-wrap{column-gap:var(--global-kb-gap-md, 2rem);row-gap:var(--global-kb-gap-md, 2rem);padding-top:var(--global-kb-spacing-sm, 1.5rem);padding-bottom:var(--global-kb-spacing-sm, 1.5rem);grid-template-columns:minmax(0, 1fr);}.kb-row-layout-id28884_ef62b8-2c > .kt-row-layout-overlay{opacity:0.30;}@media all and (max-width: 1024px){.kb-row-layout-id28884_ef62b8-2c > .kt-row-column-wrap{grid-template-columns:minmax(0, 1fr);}}@media all and (max-width: 767px){.kb-row-layout-id28884_ef62b8-2c > .kt-row-column-wrap{grid-template-columns:minmax(0, 1fr);}}<\/style><div class=\"kb-row-layout-wrap kb-row-layout-id28884_ef62b8-2c alignnone wp-block-kadence-rowlayout\"><div class=\"kt-row-column-wrap kt-has-1-columns kt-row-layout-equal kt-tab-layout-inherit kt-mobile-layout-row kt-row-valign-top\">\n<style>.kadence-column28884_3c80bb-93 > .kt-inside-inner-col{padding-top:10px;padding-right:20px;padding-bottom:10px;padding-left:20px;}.kadence-column28884_3c80bb-93 > .kt-inside-inner-col,.kadence-column28884_3c80bb-93 > .kt-inside-inner-col:before{border-top-left-radius:0px;border-top-right-radius:0px;border-bottom-right-radius:0px;border-bottom-left-radius:0px;}.kadence-column28884_3c80bb-93 > .kt-inside-inner-col{column-gap:var(--global-kb-gap-sm, 1rem);}.kadence-column28884_3c80bb-93 > .kt-inside-inner-col{flex-direction:column;}.kadence-column28884_3c80bb-93 > .kt-inside-inner-col > .aligncenter{width:100%;}.kadence-column28884_3c80bb-93 > .kt-inside-inner-col{background-color:var(--global-palette7, #EDF2F7);}.kadence-column28884_3c80bb-93 > .kt-inside-inner-col:before{opacity:0.3;}.kadence-column28884_3c80bb-93{position:relative;}@media all and (max-width: 1024px){.kadence-column28884_3c80bb-93 > .kt-inside-inner-col{flex-direction:column;justify-content:center;}}@media all and (max-width: 767px){.kadence-column28884_3c80bb-93 > .kt-inside-inner-col{flex-direction:column;justify-content:center;}}<\/style>\n<div class=\"wp-block-kadence-column kadence-column28884_3c80bb-93 inner-column-1\"><div class=\"kt-inside-inner-col\">\n<p>En 1617, deux fr\u00e8res, Jean et Fran\u00e7ois de Nervo quittent Porsel (Fribourg) pour s&rsquo;installer \u00e0 Lyon. Ils y travaillent l&rsquo;or et l&rsquo;argent destin\u00e9 aux broderies sur les soies et \u00e9toffes pr\u00e9cieuses produites \u00e0 Lyon et qui font sa r\u00e9putation. Ce m\u00e9tier aujourd&rsquo;hui disparu a pour nom \u00ab\u00a0ma\u00eetre tireur escacheur d&rsquo;or\u00a0\u00bb. <\/p>\n\n\n\n<p>En 1704, une Cour des Monnaies est cr\u00e9\u00e9e \u00e0 Lyon, pour r\u00e9primer les fraudes ayant cours tant dans les \u00e9missions de monnaies que dans les m\u00e9tiers ayant trait aux m\u00e9taux pr\u00e9cieux. Afin d&rsquo;attirer les candidats \u00e0 cette charge judiciaire, il fut d\u00e9cid\u00e9 que les familles qui conserveraient cette charge durant 20 ans seraient anoblies. En 1751, l&rsquo;un des fils de Jean, Barth\u00e9l\u00e9my (n\u00e9 en 1677), \u00e2g\u00e9  de septante-cinq ans, fait l&rsquo;acquisition d&rsquo;une charge de \u00ab\u00a0Conseiller secr\u00e9taire du roi pr\u00e8s la Cour des Monnaies\u00a0\u00bb et permet \u00e0 la famille de Nervo d&rsquo;entrer ainsi dans la noblesse lyonnaise.<\/p>\n\n\n\n<p>Son petit-fils, le p\u00e8re d&rsquo;H\u00e9l\u00e8ne, Jean-Baptiste, fait construire un h\u00f4tel particulier, toujours visible au 17 de la rue de la Charit\u00e9 \u00e0 Lyon dans lequel est n\u00e9e H\u00e9l\u00e8ne de Nervo<\/p>\n<\/div><\/div>\n\n<\/div><\/div>\n\n\n<div class=\"wp-block-media-text is-stacked-on-mobile has-theme-palette-6-background-color has-background\" style=\"grid-template-columns:25% auto\"><figure class=\"wp-block-media-text__media\"><img loading=\"lazy\" decoding=\"async\" width=\"284\" height=\"300\" src=\"https:\/\/concourshelenedemontgeroult.ch\/wp-content\/uploads\/2022\/01\/Lyon_2e_-_Rue_de_la_Charite_-_Hotel_de_Nervo_portail_dentreepour-laffichageok-284x300.jpg\" alt=\"Portail d'entr\u00e9e de l'H\u00f4tel de Nervo \u00e0 Lyon o\u00f9 est n\u00e9e H\u00e9l\u00e8ne de Nervo\" class=\"wp-image-29075 size-medium\" srcset=\"https:\/\/concourshelenedemontgeroult.ch\/wp-content\/uploads\/2022\/01\/Lyon_2e_-_Rue_de_la_Charite_-_Hotel_de_Nervo_portail_dentreepour-laffichageok-284x300.jpg 284w, https:\/\/concourshelenedemontgeroult.ch\/wp-content\/uploads\/2022\/01\/Lyon_2e_-_Rue_de_la_Charite_-_Hotel_de_Nervo_portail_dentreepour-laffichageok-968x1024.jpg 968w, https:\/\/concourshelenedemontgeroult.ch\/wp-content\/uploads\/2022\/01\/Lyon_2e_-_Rue_de_la_Charite_-_Hotel_de_Nervo_portail_dentreepour-laffichageok-768x812.jpg 768w, https:\/\/concourshelenedemontgeroult.ch\/wp-content\/uploads\/2022\/01\/Lyon_2e_-_Rue_de_la_Charite_-_Hotel_de_Nervo_portail_dentreepour-laffichageok.jpg 1409w\" sizes=\"auto, (max-width: 284px) 100vw, 284px\" \/><\/figure><div class=\"wp-block-media-text__content\">\n<p class=\"has-text-align-left has-theme-palette-3-color has-text-color\" style=\"font-size:27px;line-height:1.1\">H\u00e9l\u00e8ne-Antoinette-Marie de Nervo est n\u00e9e \u00e0 Lyon le 2 mars  1764, \u00e0 l&rsquo;h\u00f4tel de Nervo, rue de la Charit\u00e9 17. <\/p>\n<\/div><\/div>\n\n\n\n<p class=\"has-theme-palette-7-background-color has-background\">En 1784, elle \u00e9pouse le marquis Andr\u00e9-Marie-Gautier de Montgeroult, son a\u00een\u00e9 de pr\u00e8s de trente ans, conseiller \u00e0 la cour des comptes de Montpellier et militaire au service du roi. Devenue ainsi marquise de Montgeroult, elle signera d\u00e9sormais toutes ses oeuvres musicales de ce nom, en d\u00e9pit de ses mariages ult\u00e9rieurs.<\/p>\n\n\n<div class=\"wp-block-image\">\n<figure class=\"aligncenter size-full is-resized\"><img loading=\"lazy\" decoding=\"async\" width=\"861\" height=\"386\" src=\"https:\/\/concourshelenedemontgeroult.ch\/wp-content\/uploads\/2022\/01\/Mongeroult-signature-1.png\" alt=\"signature d'H\u00e9l\u00e8ne de Montgeroult\" class=\"wp-image-28849\" style=\"width:646px;height:290px\" srcset=\"https:\/\/concourshelenedemontgeroult.ch\/wp-content\/uploads\/2022\/01\/Mongeroult-signature-1.png 861w, https:\/\/concourshelenedemontgeroult.ch\/wp-content\/uploads\/2022\/01\/Mongeroult-signature-1-300x134.png 300w, https:\/\/concourshelenedemontgeroult.ch\/wp-content\/uploads\/2022\/01\/Mongeroult-signature-1-768x344.png 768w\" sizes=\"auto, (max-width: 861px) 100vw, 861px\" \/><\/figure>\n<\/div>\n\n\n<p class=\"has-theme-palette-7-background-color has-background\">La pr\u00e9sence de la magnifique salle de concert du <a href=\"https:\/\/www.bicubic.ch\/\" data-type=\"URL\" data-id=\"https:\/\/www.bicubic.ch\/\" target=\"_blank\" rel=\"noreferrer noopener\">Bicubic<\/a> \u00e0 Romont, \u00e9quip\u00e9e d&rsquo;un Steinway D, nous a convaincus que l&rsquo;organisation d&rsquo;un <a href=\"https:\/\/concourshelenedemontgeroult.ch\/it\/concours-international-de-piano\/\" target=\"_blank\" rel=\"noreferrer noopener\">concours de piano<\/a> ouvert aux jeunes musiciens de toutes provenances \u00e9tait la meilleure mani\u00e8re de mettre en valeur l&rsquo;oeuvre de cette artiste exceptionnelle.<\/p>","protected":false},"excerpt":{"rendered":"<p>Association \u00ab\u00a0Concours H\u00e9l\u00e8ne de Montgeroult-de Nervo, Romont, Suisse\u00a0\u00bb C&rsquo;est au d\u00e9tour d&rsquo;une conversation, lors d&rsquo;une f\u00eate familiale en ao\u00fbt 2021, que nous avons d\u00e9couvert qu&rsquo;une \u00e9minente musicienne oubli\u00e9e \u00e9tait issue d&rsquo;une famille de la r\u00e9gion. D\u00e8s lors, nous avons souhait\u00e9 faire d\u00e9couvrir et mettre en valeur les oeuvres de cette lointaine cousine de nombreux habitants&#8230;<\/p>","protected":false},"author":1,"featured_media":0,"parent":0,"menu_order":0,"comment_status":"closed","ping_status":"closed","template":"","meta":{"_kad_post_transparent":"","_kad_post_title":"","_kad_post_layout":"","_kad_post_sidebar_id":"","_kad_post_content_style":"","_kad_post_vertical_padding":"","_kad_post_feature":"","_kad_post_feature_position":"","_kad_post_header":false,"_kad_post_footer":false,"_kad_post_classname":"","footnotes":""},"class_list":["post-28884","page","type-page","status-publish","hentry"],"_links":{"self":[{"href":"http:\/\/concourshelenedemontgeroult.ch\/it\/wp-json\/wp\/v2\/pages\/28884","targetHints":{"allow":["GET"]}}],"collection":[{"href":"http:\/\/concourshelenedemontgeroult.ch\/it\/wp-json\/wp\/v2\/pages"}],"about":[{"href":"http:\/\/concourshelenedemontgeroult.ch\/it\/wp-json\/wp\/v2\/types\/page"}],"author":[{"embeddable":true,"href":"http:\/\/concourshelenedemontgeroult.ch\/it\/wp-json\/wp\/v2\/users\/1"}],"replies":[{"embeddable":true,"href":"http:\/\/concourshelenedemontgeroult.ch\/it\/wp-json\/wp\/v2\/comments?post=28884"}],"version-history":[{"count":46,"href":"http:\/\/concourshelenedemontgeroult.ch\/it\/wp-json\/wp\/v2\/pages\/28884\/revisions"}],"predecessor-version":[{"id":30926,"href":"http:\/\/concourshelenedemontgeroult.ch\/it\/wp-json\/wp\/v2\/pages\/28884\/revisions\/30926"}],"wp:attachment":[{"href":"http:\/\/concourshelenedemontgeroult.ch\/it\/wp-json\/wp\/v2\/media?parent=28884"}],"curies":[{"name":"wp","href":"https:\/\/api.w.org\/{rel}","templated":true}]}}