{"id":28884,"date":"2022-01-20T11:05:14","date_gmt":"2022-01-20T10:05:14","guid":{"rendered":"https:\/\/concourshelenedemontgeroult.ch\/?page_id=28884"},"modified":"2024-12-10T09:47:40","modified_gmt":"2024-12-10T08:47:40","slug":"association-concours-montgeroultch","status":"publish","type":"page","link":"https:\/\/concourshelenedemontgeroult.ch\/de\/association-concours-montgeroultch\/","title":{"rendered":"Verein H\u00e9l\u00e8ne de Montgeroult Wettbewerb"},"content":{"rendered":"<h2 class=\"wp-block-heading alignwide has-text-align-center\" id=\"association-concours-helene-de-montgeroult-de-nervo-romont-suisse\" style=\"font-size:25px\">Verein \u00ab\u00a0Wettbewerb H\u00e9l\u00e8ne de Montgeroult-de Nervo, Romont, Schweiz \u00bb<\/h2>\n\n\n<style>.kb-row-layout-id28884_cd0ff5-10 > .kt-row-column-wrap{align-content:start;}:where(.kb-row-layout-id28884_cd0ff5-10 > .kt-row-column-wrap) > .wp-block-kadence-column{justify-content:start;}.kb-row-layout-id28884_cd0ff5-10 > .kt-row-column-wrap{column-gap:var(--global-kb-gap-md, 2rem);row-gap:var(--global-kb-gap-md, 2rem);padding-top:var(--global-kb-spacing-sm, 1.5rem);padding-bottom:var(--global-kb-spacing-sm, 1.5rem);grid-template-columns:minmax(0, 1fr);}.kb-row-layout-id28884_cd0ff5-10 > .kt-row-layout-overlay{opacity:0.30;}@media all and (max-width: 1024px){.kb-row-layout-id28884_cd0ff5-10 > .kt-row-column-wrap{grid-template-columns:minmax(0, 1fr);}}@media all and (max-width: 767px){.kb-row-layout-id28884_cd0ff5-10 > .kt-row-column-wrap{grid-template-columns:minmax(0, 1fr);}}<\/style><div class=\"kb-row-layout-wrap kb-row-layout-id28884_cd0ff5-10 alignnone wp-block-kadence-rowlayout\"><div class=\"kt-row-column-wrap kt-has-1-columns kt-row-layout-equal kt-tab-layout-inherit kt-mobile-layout-row kt-row-valign-top\">\n<style>.kadence-column28884_9fa0dd-e9 > .kt-inside-inner-col{padding-top:10px;padding-right:20px;padding-bottom:10px;padding-left:20px;}.kadence-column28884_9fa0dd-e9 > .kt-inside-inner-col,.kadence-column28884_9fa0dd-e9 > .kt-inside-inner-col:before{border-top-left-radius:0px;border-top-right-radius:0px;border-bottom-right-radius:0px;border-bottom-left-radius:0px;}.kadence-column28884_9fa0dd-e9 > .kt-inside-inner-col{column-gap:var(--global-kb-gap-sm, 1rem);}.kadence-column28884_9fa0dd-e9 > .kt-inside-inner-col{flex-direction:column;}.kadence-column28884_9fa0dd-e9 > .kt-inside-inner-col > .aligncenter{width:100%;}.kadence-column28884_9fa0dd-e9 > .kt-inside-inner-col{background-color:var(--global-palette7, #EDF2F7);}.kadence-column28884_9fa0dd-e9 > .kt-inside-inner-col:before{opacity:0.3;}.kadence-column28884_9fa0dd-e9{position:relative;}@media all and (max-width: 1024px){.kadence-column28884_9fa0dd-e9 > .kt-inside-inner-col{flex-direction:column;justify-content:center;}}@media all and (max-width: 767px){.kadence-column28884_9fa0dd-e9 > .kt-inside-inner-col{flex-direction:column;justify-content:center;}}<\/style>\n<div class=\"wp-block-kadence-column kadence-column28884_9fa0dd-e9 inner-column-1\"><div class=\"kt-inside-inner-col\">\n<p>Durch ein Gespr\u00e4ch bei einer Familienfeier im August 2021 erfuhren wir, dass eine vergessene bedeutende Musikerin aus einer Familie in der Region stammte. <\/p>\n\n\n\n<p>Von da an wollten wir die Werke dieser entfernten Cousine vieler Einwohner von Romont und Umgebung aufwerten und entdecken lassen: alle D\u00e9nervauds und andere Tr\u00e4ger verwandter Familiennamen sind Nachkommen von Rodolphe de Nervaud, der Ende des 15. Jahrhunderts in Bouloz lebte. Der Ursprung der Familie liegt in einem Weiler in einem dunklen, bewaldeten Tal (Val Noir) bei Prez-vers-Siviriez im Freiburger Gl\u00e2ne Bezirk, in unmittelbarer N\u00e4he von Romont. <\/p>\n\n\n\n<p class=\"translation-block\">Eine Alt Staatsr\u00e4tin und Pianisten, die alle mit H\u00e9l\u00e8ne de Montgeroult, geborene de Nervo, von nah oder fern verwandt waren, bildeten schnell einen <a href=\"https:\/\/concourshelenedemontgeroult.ch\/de\/comite\/\" data-type=\"page\" data-id=\"29205\" target=\"_self\">Vorstand<\/a>.<\/p>\n\n\n\n<p class=\"translation-block\">Der Verein \u00ab\u00a0Wettbewerb H\u00e9l\u00e8ne de Montgeroult-de Nervo, Romont, Schweiz\u00bb wurde am 7. Dezember 2021 unter der Schirmherrschaft der <a rel=\"noreferrer noopener\" href=\"http:\/\/www.denervaud.org\/\" target=\"_blank\">\u00ab\u00a0Association des descendants de Rodolphe de Nervaud\u00a0\u00bb<\/a> (Verein der Nachkommen von Rodolphe de Nervaud) gegr\u00fcndet.<\/p>\n\n\n\n<p class=\"translation-block\"><a href=\"https:\/\/concourshelenedemontgeroult.ch\/de\/statuts\/\" data-type=\"page\" data-id=\"29083\" target=\"_self\">Hier<\/a> k\u00f6nnen Sie seine Statuten einsehen.<\/p>\n\n\n<style>.wp-block-kadence-advancedbtn.kb-btns28884_8781ea-ef{gap:var(--global-kb-gap-xs, 0.5rem );justify-content:center;align-items:center;}.kt-btns28884_8781ea-ef .kt-button{font-weight:normal;font-style:normal;}<\/style>\n<div class=\"wp-block-kadence-advancedbtn kb-buttons-wrap kb-btns28884_8781ea-ef\"><style>ul.menu .wp-block-kadence-advancedbtn .kb-btn28884_86d767-2f.kb-button{width:initial;}.wp-block-kadence-advancedbtn .kb-btn28884_86d767-2f.kb-button{color:#555555;border-top-color:#555555;border-top-style:solid;border-right-color:#555555;border-right-style:solid;border-bottom-color:#555555;border-bottom-style:solid;border-left-color:#555555;border-left-style:solid;}.wp-block-kadence-advancedbtn .kb-btn28884_86d767-2f.kb-button:hover, .wp-block-kadence-advancedbtn .kb-btn28884_86d767-2f.kb-button:focus{color:#ffffff;background:#444444;border-top-color:#444444;border-top-style:solid;border-right-color:#444444;border-right-style:solid;border-bottom-color:#444444;border-bottom-style:solid;border-left-color:#444444;border-left-style:solid;}@media all and (max-width: 1024px){.wp-block-kadence-advancedbtn .kb-btn28884_86d767-2f.kb-button{border-top-color:#555555;border-top-style:solid;border-right-color:#555555;border-right-style:solid;border-bottom-color:#555555;border-bottom-style:solid;border-left-color:#555555;border-left-style:solid;}}@media all and (max-width: 1024px){.wp-block-kadence-advancedbtn .kb-btn28884_86d767-2f.kb-button:hover, .wp-block-kadence-advancedbtn .kb-btn28884_86d767-2f.kb-button:focus{border-top-color:#444444;border-top-style:solid;border-right-color:#444444;border-right-style:solid;border-bottom-color:#444444;border-bottom-style:solid;border-left-color:#444444;border-left-style:solid;}}@media all and (max-width: 767px){.wp-block-kadence-advancedbtn .kb-btn28884_86d767-2f.kb-button{border-top-color:#555555;border-top-style:solid;border-right-color:#555555;border-right-style:solid;border-bottom-color:#555555;border-bottom-style:solid;border-left-color:#555555;border-left-style:solid;}.wp-block-kadence-advancedbtn .kb-btn28884_86d767-2f.kb-button:hover, .wp-block-kadence-advancedbtn .kb-btn28884_86d767-2f.kb-button:focus{border-top-color:#444444;border-top-style:solid;border-right-color:#444444;border-right-style:solid;border-bottom-color:#444444;border-bottom-style:solid;border-left-color:#444444;border-left-style:solid;}}<\/style><a class=\"kb-button kt-button button kb-btn28884_86d767-2f kt-btn-size-standard kt-btn-width-type-auto kb-btn-global-outline  kt-btn-has-text-true kt-btn-has-svg-false  wp-block-kadence-singlebtn\" href=\"https:\/\/concourshelenedemontgeroult.ch\/de\/concours-helene-de-montgeroult-de-nervo\/\"><span class=\"kt-btn-inner-text\">In den Verein beitreten<\/span><\/a><\/div>\n<\/div><\/div>\n\n<\/div><\/div>\n\n\n<h2 class=\"wp-block-heading has-medium-font-size\" id=\"origines\">Die freiburgischen Wurzeln von H\u00e9l\u00e8ne de Montgeroult, geborene de Nervo<\/h2>\n\n\n<style>.kb-row-layout-id28884_ef62b8-2c > .kt-row-column-wrap{align-content:start;}:where(.kb-row-layout-id28884_ef62b8-2c > .kt-row-column-wrap) > .wp-block-kadence-column{justify-content:start;}.kb-row-layout-id28884_ef62b8-2c > .kt-row-column-wrap{column-gap:var(--global-kb-gap-md, 2rem);row-gap:var(--global-kb-gap-md, 2rem);padding-top:var(--global-kb-spacing-sm, 1.5rem);padding-bottom:var(--global-kb-spacing-sm, 1.5rem);grid-template-columns:minmax(0, 1fr);}.kb-row-layout-id28884_ef62b8-2c > .kt-row-layout-overlay{opacity:0.30;}@media all and (max-width: 1024px){.kb-row-layout-id28884_ef62b8-2c > .kt-row-column-wrap{grid-template-columns:minmax(0, 1fr);}}@media all and (max-width: 767px){.kb-row-layout-id28884_ef62b8-2c > .kt-row-column-wrap{grid-template-columns:minmax(0, 1fr);}}<\/style><div class=\"kb-row-layout-wrap kb-row-layout-id28884_ef62b8-2c alignnone wp-block-kadence-rowlayout\"><div class=\"kt-row-column-wrap kt-has-1-columns kt-row-layout-equal kt-tab-layout-inherit kt-mobile-layout-row kt-row-valign-top\">\n<style>.kadence-column28884_3c80bb-93 > .kt-inside-inner-col{padding-top:10px;padding-right:20px;padding-bottom:10px;padding-left:20px;}.kadence-column28884_3c80bb-93 > .kt-inside-inner-col,.kadence-column28884_3c80bb-93 > .kt-inside-inner-col:before{border-top-left-radius:0px;border-top-right-radius:0px;border-bottom-right-radius:0px;border-bottom-left-radius:0px;}.kadence-column28884_3c80bb-93 > .kt-inside-inner-col{column-gap:var(--global-kb-gap-sm, 1rem);}.kadence-column28884_3c80bb-93 > .kt-inside-inner-col{flex-direction:column;}.kadence-column28884_3c80bb-93 > .kt-inside-inner-col > .aligncenter{width:100%;}.kadence-column28884_3c80bb-93 > .kt-inside-inner-col{background-color:var(--global-palette7, #EDF2F7);}.kadence-column28884_3c80bb-93 > .kt-inside-inner-col:before{opacity:0.3;}.kadence-column28884_3c80bb-93{position:relative;}@media all and (max-width: 1024px){.kadence-column28884_3c80bb-93 > .kt-inside-inner-col{flex-direction:column;justify-content:center;}}@media all and (max-width: 767px){.kadence-column28884_3c80bb-93 > .kt-inside-inner-col{flex-direction:column;justify-content:center;}}<\/style>\n<div class=\"wp-block-kadence-column kadence-column28884_3c80bb-93 inner-column-1\"><div class=\"kt-inside-inner-col\">\n<p>1617 verlassen die beiden Br\u00fcder Jean und Fran\u00e7ois de Nervo Porsel (Freiburg), um sich in Lyon niederzulassen. Dort verarbeiten sie Gold und Silber f\u00fcr Stickereien auf Seide und wertvollen Stoffen, die in Lyon hergestellt wurden und den Ruf der Stadt begr\u00fcndeten. Dieser Beruf, der heute nicht mehr existiert, wurde \"ma\u00eetre tireur escacheur d'or\" (Goldschmiedemeister) genannt. <\/p>\n\n\n\n<p>1704 wurde in Lyon ein M\u00fcnzgericht eingerichtet, um Betr\u00fcgereien zu unterbinden, die sowohl bei der Ausgabe von M\u00fcnzen als auch in Berufen, die mit Edelmetallen zu tun haben, vorkamen. Um Kandidaten f\u00fcr dieses Richteramt zu gewinnen, wurde beschlossen, dass Familien, die dieses Amt 20 Jahre lang innehatten, in den Adelsstand erhoben wurden. 1751 erwarb einer von Jeans S\u00f6hnen, Barth\u00e9l\u00e9my (geb. 1677), im Alter von f\u00fcnfundsiebzig Jahren das Amt eines \"Conseiller secr\u00e9taire du roi pr\u00e8s la Cour des Monnaies\" (Ratssekret\u00e4r des K\u00f6nigs beim M\u00fcnzgericht) und verhalf der Familie de Nervo damit zum Eintritt in den Adelsstand von Lyon.<\/p>\n\n\n\n<p>Ihr Enkel, H\u00e9l\u00e8nes Vater Jean-Baptiste, lie\u00df ein Privathaus bauen, das noch heute in der Rue de la Charit\u00e9 17 in Lyon zu sehen ist, in dem H\u00e9l\u00e8ne de Nervo geboren wurde.<\/p>\n<\/div><\/div>\n\n<\/div><\/div>\n\n\n<div class=\"wp-block-media-text is-stacked-on-mobile has-theme-palette-6-background-color has-background\" style=\"grid-template-columns:25% auto\"><figure class=\"wp-block-media-text__media\"><img loading=\"lazy\" decoding=\"async\" width=\"284\" height=\"300\" src=\"https:\/\/concourshelenedemontgeroult.ch\/wp-content\/uploads\/2022\/01\/Lyon_2e_-_Rue_de_la_Charite_-_Hotel_de_Nervo_portail_dentreepour-laffichageok-284x300.jpg\" alt=\"Portail d'entr\u00e9e de l'H\u00f4tel de Nervo \u00e0 Lyon o\u00f9 est n\u00e9e H\u00e9l\u00e8ne de Nervo\" class=\"wp-image-29075 size-medium\" srcset=\"https:\/\/concourshelenedemontgeroult.ch\/wp-content\/uploads\/2022\/01\/Lyon_2e_-_Rue_de_la_Charite_-_Hotel_de_Nervo_portail_dentreepour-laffichageok-284x300.jpg 284w, https:\/\/concourshelenedemontgeroult.ch\/wp-content\/uploads\/2022\/01\/Lyon_2e_-_Rue_de_la_Charite_-_Hotel_de_Nervo_portail_dentreepour-laffichageok-968x1024.jpg 968w, https:\/\/concourshelenedemontgeroult.ch\/wp-content\/uploads\/2022\/01\/Lyon_2e_-_Rue_de_la_Charite_-_Hotel_de_Nervo_portail_dentreepour-laffichageok-768x812.jpg 768w, https:\/\/concourshelenedemontgeroult.ch\/wp-content\/uploads\/2022\/01\/Lyon_2e_-_Rue_de_la_Charite_-_Hotel_de_Nervo_portail_dentreepour-laffichageok.jpg 1409w\" sizes=\"auto, (max-width: 284px) 100vw, 284px\" \/><\/figure><div class=\"wp-block-media-text__content\">\n<p class=\"has-text-align-left has-theme-palette-3-color has-text-color\" style=\"font-size:27px;line-height:1.1\">H\u00e9l\u00e8ne-Antoinette-Marie de Nervo wurde am 2. M\u00e4rz 1764 in Lyon im Hotel de Nervo, Rue de la Charit\u00e9 17, geboren. <\/p>\n<\/div><\/div>\n\n\n\n<p class=\"has-theme-palette-7-background-color has-background\">1784 heiratete sie den fast drei\u00dfig Jahre \u00e4lteren Marquis Andr\u00e9-Marie-Gautier de Montgeroult, der Berater am Rechnungshof von Montpellier war und als Soldat im Dienste des K\u00f6nigs stand. Sie wurde so zur Marquise de Montgeroult und signierte trotz ihrer sp\u00e4teren Ehen alle ihre musikalischen Werke mit diesem Namen.<\/p>\n\n\n<div class=\"wp-block-image\">\n<figure class=\"aligncenter size-full is-resized\"><img loading=\"lazy\" decoding=\"async\" width=\"861\" height=\"386\" src=\"https:\/\/concourshelenedemontgeroult.ch\/wp-content\/uploads\/2022\/01\/Mongeroult-signature-1.png\" alt=\"signature d'H\u00e9l\u00e8ne de Montgeroult\" class=\"wp-image-28849\" style=\"width:646px;height:290px\" srcset=\"https:\/\/concourshelenedemontgeroult.ch\/wp-content\/uploads\/2022\/01\/Mongeroult-signature-1.png 861w, https:\/\/concourshelenedemontgeroult.ch\/wp-content\/uploads\/2022\/01\/Mongeroult-signature-1-300x134.png 300w, https:\/\/concourshelenedemontgeroult.ch\/wp-content\/uploads\/2022\/01\/Mongeroult-signature-1-768x344.png 768w\" sizes=\"auto, (max-width: 861px) 100vw, 861px\" \/><\/figure>\n<\/div>\n\n\n<p class=\"has-theme-palette-7-background-color has-background translation-block\">Die Anwesenheit des pr\u00e4chtigen Konzertsaals des <a rel=\"noreferrer noopener\" href=\"https:\/\/www.bicubic.ch\/\" data-type=\"URL\" data-id=\"https:\/\/www.bicubic.ch\/\" target=\"_blank\">Bicubic<\/a> in Romont, der mit einem Steinway D ausgestattet ist, hat uns davon \u00fcberzeugt, dass die Organisation eines  <a href=\"https:\/\/concourshelenedemontgeroult.ch\/de\/concours-de-piano\/\" data-type=\"page\" data-id=\"28881\" target=\"_self\">Klavierwettbewerb<\/a> , der jungen Musikern aller Provenienzen offen steht, die beste M\u00f6glichkeit ist, das Werk dieser au\u00dfergew\u00f6hnlichen K\u00fcnstlerin zu w\u00fcrdigen.<\/p>","protected":false},"excerpt":{"rendered":"<p>Association \u00ab\u00a0Concours H\u00e9l\u00e8ne de Montgeroult-de Nervo, Romont, Suisse\u00a0\u00bb C&rsquo;est au d\u00e9tour d&rsquo;une conversation, lors d&rsquo;une f\u00eate familiale en ao\u00fbt 2021, que nous avons d\u00e9couvert qu&rsquo;une \u00e9minente musicienne oubli\u00e9e \u00e9tait issue d&rsquo;une famille de la r\u00e9gion. D\u00e8s lors, nous avons souhait\u00e9 faire d\u00e9couvrir et mettre en valeur les oeuvres de cette lointaine cousine de nombreux habitants&#8230;<\/p>","protected":false},"author":1,"featured_media":0,"parent":0,"menu_order":0,"comment_status":"closed","ping_status":"closed","template":"","meta":{"_kad_post_transparent":"","_kad_post_title":"","_kad_post_layout":"","_kad_post_sidebar_id":"","_kad_post_content_style":"","_kad_post_vertical_padding":"","_kad_post_feature":"","_kad_post_feature_position":"","_kad_post_header":false,"_kad_post_footer":false,"_kad_post_classname":"","footnotes":""},"class_list":["post-28884","page","type-page","status-publish","hentry"],"_links":{"self":[{"href":"https:\/\/concourshelenedemontgeroult.ch\/de\/wp-json\/wp\/v2\/pages\/28884","targetHints":{"allow":["GET"]}}],"collection":[{"href":"https:\/\/concourshelenedemontgeroult.ch\/de\/wp-json\/wp\/v2\/pages"}],"about":[{"href":"https:\/\/concourshelenedemontgeroult.ch\/de\/wp-json\/wp\/v2\/types\/page"}],"author":[{"embeddable":true,"href":"https:\/\/concourshelenedemontgeroult.ch\/de\/wp-json\/wp\/v2\/users\/1"}],"replies":[{"embeddable":true,"href":"https:\/\/concourshelenedemontgeroult.ch\/de\/wp-json\/wp\/v2\/comments?post=28884"}],"version-history":[{"count":46,"href":"https:\/\/concourshelenedemontgeroult.ch\/de\/wp-json\/wp\/v2\/pages\/28884\/revisions"}],"predecessor-version":[{"id":30926,"href":"https:\/\/concourshelenedemontgeroult.ch\/de\/wp-json\/wp\/v2\/pages\/28884\/revisions\/30926"}],"wp:attachment":[{"href":"https:\/\/concourshelenedemontgeroult.ch\/de\/wp-json\/wp\/v2\/media?parent=28884"}],"curies":[{"name":"wp","href":"https:\/\/api.w.org\/{rel}","templated":true}]}}