{"id":29734,"date":"2022-09-07T19:28:48","date_gmt":"2022-09-07T17:28:48","guid":{"rendered":"https:\/\/concourshelenedemontgeroult.ch\/?page_id=29734"},"modified":"2025-06-28T16:21:42","modified_gmt":"2025-06-28T14:21:42","slug":"merci-a-nos-partenaires","status":"publish","type":"page","link":"https:\/\/concourshelenedemontgeroult.ch\/de\/merci-a-nos-partenaires\/","title":{"rendered":"Nos partenaires:"},"content":{"rendered":"\n<h3 class=\"wp-block-heading has-theme-palette-3-color has-text-color has-link-color wp-elements-6af6e5a52352a2ddee10a25140d0c1b3\">Concours international H\u00e9l\u00e8ne de Montgeroult 2025 <\/h3>\n\n\n\n<p class=\"has-theme-palette-3-color has-text-color has-link-color has-medium-font-size wp-elements-06b05b67e611a0b3ed98d941b982f25e\">avec le soutien de<\/p>\n\n\n\n<div class=\"wp-block-cover is-light\" style=\"min-height:776px;aspect-ratio:unset;\"><span aria-hidden=\"true\" class=\"wp-block-cover__background has-kb-palette-1-background-color has-background-dim-70 has-background-dim\"><\/span><div class=\"wp-block-cover__inner-container is-layout-flow wp-block-cover-is-layout-flow\">\n<div class=\"wp-block-group is-layout-grid wp-container-core-group-is-layout-9649a0d9 wp-block-group-is-layout-grid\"><style>.kb-image29734_3780fa-9a.kb-image-is-ratio-size, .kb-image29734_3780fa-9a .kb-image-is-ratio-size{max-width:188px;width:100%;}.wp-block-kadence-column > .kt-inside-inner-col > .kb-image29734_3780fa-9a.kb-image-is-ratio-size, .wp-block-kadence-column > .kt-inside-inner-col > .kb-image29734_3780fa-9a .kb-image-is-ratio-size{align-self:unset;}.kb-image29734_3780fa-9a{max-width:188px;}.image-is-svg.kb-image29734_3780fa-9a{-webkit-flex:0 1 100%;flex:0 1 100%;}.image-is-svg.kb-image29734_3780fa-9a img{width:100%;}.kb-image29734_3780fa-9a:not(.kb-image-is-ratio-size) .kb-img, .kb-image29734_3780fa-9a.kb-image-is-ratio-size{padding-top:var(--global-kb-spacing-3xl, 6.5rem);padding-left:0px;}.kb-image29734_3780fa-9a .kb-image-has-overlay:after{opacity:0.3;}<\/style>\n<figure class=\"wp-block-kadence-image kb-image29734_3780fa-9a\"><img loading=\"lazy\" decoding=\"async\" width=\"2363\" height=\"824\" src=\"https:\/\/concourshelenedemontgeroult.ch\/wp-content\/uploads\/2022\/11\/LoRo-LogoBeneficiaires-MONO.png\" alt=\"Logo de la Loterie Romande\" class=\"kb-img wp-image-30038\" srcset=\"https:\/\/concourshelenedemontgeroult.ch\/wp-content\/uploads\/2022\/11\/LoRo-LogoBeneficiaires-MONO.png 2363w, https:\/\/concourshelenedemontgeroult.ch\/wp-content\/uploads\/2022\/11\/LoRo-LogoBeneficiaires-MONO-300x105.png 300w, https:\/\/concourshelenedemontgeroult.ch\/wp-content\/uploads\/2022\/11\/LoRo-LogoBeneficiaires-MONO-1024x357.png 1024w, https:\/\/concourshelenedemontgeroult.ch\/wp-content\/uploads\/2022\/11\/LoRo-LogoBeneficiaires-MONO-768x268.png 768w, https:\/\/concourshelenedemontgeroult.ch\/wp-content\/uploads\/2022\/11\/LoRo-LogoBeneficiaires-MONO-1536x536.png 1536w, https:\/\/concourshelenedemontgeroult.ch\/wp-content\/uploads\/2022\/11\/LoRo-LogoBeneficiaires-MONO-2048x714.png 2048w, https:\/\/concourshelenedemontgeroult.ch\/wp-content\/uploads\/2022\/11\/LoRo-LogoBeneficiaires-MONO-18x6.png 18w\" sizes=\"auto, (max-width: 2363px) 100vw, 2363px\" \/><\/figure>\n\n\n<style>.kb-image29734_759763-bf.kb-image-is-ratio-size, .kb-image29734_759763-bf .kb-image-is-ratio-size{max-width:200px;width:100%;}.wp-block-kadence-column > .kt-inside-inner-col > .kb-image29734_759763-bf.kb-image-is-ratio-size, .wp-block-kadence-column > .kt-inside-inner-col > .kb-image29734_759763-bf .kb-image-is-ratio-size{align-self:unset;}.kb-image29734_759763-bf{max-width:200px;}.image-is-svg.kb-image29734_759763-bf{-webkit-flex:0 1 100%;flex:0 1 100%;}.image-is-svg.kb-image29734_759763-bf img{width:100%;}.kb-image29734_759763-bf:not(.kb-image-is-ratio-size) .kb-img, .kb-image29734_759763-bf.kb-image-is-ratio-size{padding-top:var(--global-kb-spacing-3xl, 6.5rem);padding-left:var(--global-kb-spacing-xxs, 0.5rem);}.kb-image29734_759763-bf .kb-image-has-overlay:after{opacity:0.3;}<\/style>\n<figure class=\"wp-block-kadence-image kb-image29734_759763-bf size-full\"><a href=\"https:\/\/www.mobiliere.ch\/agences-generales\/bulle\" class=\"kb-advanced-image-link\" target=\"_blank\" rel=\"noopener noreferrer\"><img loading=\"lazy\" decoding=\"async\" width=\"300\" height=\"46\" src=\"https:\/\/concourshelenedemontgeroult.ch\/wp-content\/uploads\/2024\/11\/image.png\" alt=\"Logo de La Mobili\u00e8re\" class=\"kb-img wp-image-30807\" srcset=\"https:\/\/concourshelenedemontgeroult.ch\/wp-content\/uploads\/2024\/11\/image.png 300w, https:\/\/concourshelenedemontgeroult.ch\/wp-content\/uploads\/2024\/11\/image-18x3.png 18w\" sizes=\"auto, (max-width: 300px) 100vw, 300px\" \/><\/a><\/figure>\n\n\n<style>.kb-image29734_cce412-f5:not(.kb-image-is-ratio-size) .kb-img, .kb-image29734_cce412-f5.kb-image-is-ratio-size{padding-top:var(--global-kb-spacing-3xl, 6.5rem);padding-right:var(--global-kb-spacing-xxs, 0.5rem);padding-left:var(--global-kb-spacing-xxs, 0.5rem);}.kb-image29734_cce412-f5 .kb-image-has-overlay:after{opacity:0.3;}<\/style>\n<figure class=\"wp-block-kadence-image kb-image29734_cce412-f5 size-full\"><img loading=\"lazy\" decoding=\"async\" width=\"425\" height=\"147\" src=\"https:\/\/concourshelenedemontgeroult.ch\/wp-content\/uploads\/2025\/06\/Bellarena_LOGO_blanc.png\" alt=\"Bellarena Events\" class=\"kb-img wp-image-31113\" srcset=\"https:\/\/concourshelenedemontgeroult.ch\/wp-content\/uploads\/2025\/06\/Bellarena_LOGO_blanc.png 425w, https:\/\/concourshelenedemontgeroult.ch\/wp-content\/uploads\/2025\/06\/Bellarena_LOGO_blanc-300x104.png 300w, https:\/\/concourshelenedemontgeroult.ch\/wp-content\/uploads\/2025\/06\/Bellarena_LOGO_blanc-18x6.png 18w\" sizes=\"auto, (max-width: 425px) 100vw, 425px\" \/><\/figure>\n\n\n<style>.kb-image29734_c1c3e1-e2.kb-image-is-ratio-size, .kb-image29734_c1c3e1-e2 .kb-image-is-ratio-size{max-width:128px;width:100%;}.wp-block-kadence-column > .kt-inside-inner-col > .kb-image29734_c1c3e1-e2.kb-image-is-ratio-size, .wp-block-kadence-column > .kt-inside-inner-col > .kb-image29734_c1c3e1-e2 .kb-image-is-ratio-size{align-self:unset;}.kb-image29734_c1c3e1-e2{max-width:128px;}.image-is-svg.kb-image29734_c1c3e1-e2{-webkit-flex:0 1 100%;flex:0 1 100%;}.image-is-svg.kb-image29734_c1c3e1-e2 img{width:100%;}.kb-image29734_c1c3e1-e2:not(.kb-image-is-ratio-size) .kb-img, .kb-image29734_c1c3e1-e2.kb-image-is-ratio-size{padding-top:var(--global-kb-spacing-xxl, 5rem);padding-bottom:0px;padding-left:var(--global-kb-spacing-md, 2rem);}.kb-image29734_c1c3e1-e2 .kb-image-has-overlay:after{opacity:0.3;}<\/style>\n<figure class=\"wp-block-kadence-image kb-image29734_c1c3e1-e2 size-large\"><img loading=\"lazy\" decoding=\"async\" width=\"1024\" height=\"1011\" src=\"https:\/\/concourshelenedemontgeroult.ch\/wp-content\/uploads\/2025\/01\/Logo_site_web_partenaire-1024x1011.png\" alt=\"Logo de l'\u00c9tat de Fribourg\n\" class=\"kb-img wp-image-30931\" srcset=\"https:\/\/concourshelenedemontgeroult.ch\/wp-content\/uploads\/2025\/01\/Logo_site_web_partenaire-1024x1011.png 1024w, https:\/\/concourshelenedemontgeroult.ch\/wp-content\/uploads\/2025\/01\/Logo_site_web_partenaire-300x296.png 300w, https:\/\/concourshelenedemontgeroult.ch\/wp-content\/uploads\/2025\/01\/Logo_site_web_partenaire-768x758.png 768w, https:\/\/concourshelenedemontgeroult.ch\/wp-content\/uploads\/2025\/01\/Logo_site_web_partenaire-1536x1516.png 1536w, https:\/\/concourshelenedemontgeroult.ch\/wp-content\/uploads\/2025\/01\/Logo_site_web_partenaire-2048x2021.png 2048w, https:\/\/concourshelenedemontgeroult.ch\/wp-content\/uploads\/2025\/01\/Logo_site_web_partenaire-12x12.png 12w\" sizes=\"auto, (max-width: 1024px) 100vw, 1024px\" \/><\/figure>\n\n\n<style>.kb-image29734_e90c9d-d6:not(.kb-image-is-ratio-size) .kb-img, .kb-image29734_e90c9d-d6.kb-image-is-ratio-size{padding-top:var(--global-kb-spacing-4xl, 8rem);}.kb-image29734_e90c9d-d6 .kb-image-has-overlay:after{opacity:0.3;}<\/style>\n<figure class=\"wp-block-kadence-image kb-image29734_e90c9d-d6 size-large\"><img loading=\"lazy\" decoding=\"async\" width=\"1024\" height=\"158\" src=\"https:\/\/concourshelenedemontgeroult.ch\/wp-content\/uploads\/2025\/01\/gm_logo_hor_cmjn_bicol-_1_-1024x158.png\" alt=\"Logo du Groupe Mutuel\" class=\"kb-img wp-image-30933\" srcset=\"https:\/\/concourshelenedemontgeroult.ch\/wp-content\/uploads\/2025\/01\/gm_logo_hor_cmjn_bicol-_1_-1024x158.png 1024w, https:\/\/concourshelenedemontgeroult.ch\/wp-content\/uploads\/2025\/01\/gm_logo_hor_cmjn_bicol-_1_-300x46.png 300w, https:\/\/concourshelenedemontgeroult.ch\/wp-content\/uploads\/2025\/01\/gm_logo_hor_cmjn_bicol-_1_-768x118.png 768w, https:\/\/concourshelenedemontgeroult.ch\/wp-content\/uploads\/2025\/01\/gm_logo_hor_cmjn_bicol-_1_-18x3.png 18w, https:\/\/concourshelenedemontgeroult.ch\/wp-content\/uploads\/2025\/01\/gm_logo_hor_cmjn_bicol-_1_.png 1181w\" sizes=\"auto, (max-width: 1024px) 100vw, 1024px\" \/><\/figure>\n\n\n<style>.kb-image29734_b32447-06.kb-image-is-ratio-size, .kb-image29734_b32447-06 .kb-image-is-ratio-size{max-width:173px;width:100%;}.wp-block-kadence-column > .kt-inside-inner-col > .kb-image29734_b32447-06.kb-image-is-ratio-size, .wp-block-kadence-column > .kt-inside-inner-col > .kb-image29734_b32447-06 .kb-image-is-ratio-size{align-self:unset;}.kb-image29734_b32447-06{max-width:173px;}.image-is-svg.kb-image29734_b32447-06{-webkit-flex:0 1 100%;flex:0 1 100%;}.image-is-svg.kb-image29734_b32447-06 img{width:100%;}.kb-image29734_b32447-06:not(.kb-image-is-ratio-size) .kb-img, .kb-image29734_b32447-06.kb-image-is-ratio-size{padding-top:var(--global-kb-spacing-xxl, 5rem);padding-bottom:var(--global-kb-spacing-xl, 4rem);}.kb-image29734_b32447-06 .kb-image-has-overlay:after{opacity:0.3;}<\/style>\n<figure class=\"wp-block-kadence-image kb-image29734_b32447-06 size-full\"><img loading=\"lazy\" decoding=\"async\" width=\"150\" height=\"150\" src=\"https:\/\/concourshelenedemontgeroult.ch\/wp-content\/uploads\/2025\/03\/image.png\" alt=\"\" class=\"kb-img wp-image-31033\" srcset=\"https:\/\/concourshelenedemontgeroult.ch\/wp-content\/uploads\/2025\/03\/image.png 150w, https:\/\/concourshelenedemontgeroult.ch\/wp-content\/uploads\/2025\/03\/image-12x12.png 12w\" sizes=\"auto, (max-width: 150px) 100vw, 150px\" \/><figcaption>Groupe de Romont<\/figcaption><\/figure>\n\n\n<style>.wp-block-kadence-advancedheading.kt-adv-heading29734_3b6850-9c, .wp-block-kadence-advancedheading.kt-adv-heading29734_3b6850-9c[data-kb-block=\"kb-adv-heading29734_3b6850-9c\"]{padding-top:var(--global-kb-spacing-lg, 3rem);font-size:var(--global-kb-font-size-md, 1.25rem);font-style:normal;}.wp-block-kadence-advancedheading.kt-adv-heading29734_3b6850-9c mark.kt-highlight, .wp-block-kadence-advancedheading.kt-adv-heading29734_3b6850-9c[data-kb-block=\"kb-adv-heading29734_3b6850-9c\"] mark.kt-highlight{font-style:normal;color:#f76a0c;-webkit-box-decoration-break:clone;box-decoration-break:clone;padding-top:0px;padding-right:0px;padding-bottom:0px;padding-left:0px;}.wp-block-kadence-advancedheading.kt-adv-heading29734_3b6850-9c img.kb-inline-image, .wp-block-kadence-advancedheading.kt-adv-heading29734_3b6850-9c[data-kb-block=\"kb-adv-heading29734_3b6850-9c\"] img.kb-inline-image{width:150px;vertical-align:baseline;}<\/style>\n<h2 class=\"kt-adv-heading29734_3b6850-9c wp-block-kadence-advancedheading has-theme-palette-9-color has-text-color\" data-kb-block=\"kb-adv-heading29734_3b6850-9c\">Association des descendants de Rodolphe de Nervaud<\/h2>\n\n\n<style>.kb-image29734_78841b-5e:not(.kb-image-is-ratio-size) .kb-img, .kb-image29734_78841b-5e.kb-image-is-ratio-size{padding-top:var(--global-kb-spacing-3xl, 6.5rem);}.kb-image29734_78841b-5e .kb-image-has-overlay:after{opacity:0.3;}<\/style>\n<figure class=\"wp-block-kadence-image kb-image29734_78841b-5e size-full\"><img loading=\"lazy\" decoding=\"async\" width=\"227\" height=\"84\" src=\"https:\/\/concourshelenedemontgeroult.ch\/wp-content\/uploads\/2025\/01\/image001.png\" alt=\"logo du Rotary\" class=\"kb-img wp-image-30934\" srcset=\"https:\/\/concourshelenedemontgeroult.ch\/wp-content\/uploads\/2025\/01\/image001.png 227w, https:\/\/concourshelenedemontgeroult.ch\/wp-content\/uploads\/2025\/01\/image001-18x7.png 18w\" sizes=\"auto, (max-width: 227px) 100vw, 227px\" \/><\/figure>\n\n\n<style>.kb-image29734_0c8e91-f5:not(.kb-image-is-ratio-size) .kb-img, .kb-image29734_0c8e91-f5.kb-image-is-ratio-size{padding-top:var(--global-kb-spacing-4xl, 8rem);}.kb-image29734_0c8e91-f5 .kb-image-has-overlay:after{opacity:0.3;}<\/style>\n<figure class=\"wp-block-kadence-image kb-image29734_0c8e91-f5 size-full\"><img loading=\"lazy\" decoding=\"async\" width=\"166\" height=\"39\" src=\"https:\/\/concourshelenedemontgeroult.ch\/wp-content\/uploads\/2022\/09\/ville-de-romont-2.png\" alt=\"Ville de Romont\" class=\"kb-img wp-image-29773\" srcset=\"https:\/\/concourshelenedemontgeroult.ch\/wp-content\/uploads\/2022\/09\/ville-de-romont-2.png 166w, https:\/\/concourshelenedemontgeroult.ch\/wp-content\/uploads\/2022\/09\/ville-de-romont-2-18x4.png 18w\" sizes=\"auto, (max-width: 166px) 100vw, 166px\" \/><\/figure>\n<\/div>\n<\/div><\/div>\n\n\n\n<h1 class=\"wp-block-heading has-theme-palette-4-color has-text-color has-link-color has-medium-font-size wp-elements-fe76af8c3013ada8ad3db358e5554a49\">Merci aux institutions et entreprises qui nous ont soutenus en 2023:<\/h1>\n\n\n<style>.kadence-column29734_e4a1b0-9b > .kt-inside-inner-col{padding-right:10px;padding-left:10px;}.kadence-column29734_e4a1b0-9b > .kt-inside-inner-col,.kadence-column29734_e4a1b0-9b > .kt-inside-inner-col:before{border-top-left-radius:0px;border-top-right-radius:0px;border-bottom-right-radius:0px;border-bottom-left-radius:0px;}.kadence-column29734_e4a1b0-9b > .kt-inside-inner-col{column-gap:var(--global-kb-gap-sm, 1rem);}.kadence-column29734_e4a1b0-9b > .kt-inside-inner-col{flex-direction:column;}.kadence-column29734_e4a1b0-9b > .kt-inside-inner-col > .aligncenter{width:100%;}.kadence-column29734_e4a1b0-9b > .kt-inside-inner-col{background-color:var(--global-palette7, #EDF2F7);}.kadence-column29734_e4a1b0-9b > .kt-inside-inner-col:before{opacity:0.3;}.kadence-column29734_e4a1b0-9b{position:relative;}@media all and (max-width: 1024px){.kadence-column29734_e4a1b0-9b > .kt-inside-inner-col{flex-direction:column;justify-content:center;}}@media all and (max-width: 767px){.kadence-column29734_e4a1b0-9b > .kt-inside-inner-col{flex-direction:column;justify-content:center;}}<\/style>\n<div class=\"wp-block-kadence-column kadence-column29734_e4a1b0-9b\"><div class=\"kt-inside-inner-col\">\n<p class=\"has-theme-palette-4-color has-text-color has-link-color wp-elements-08b99a2f8391677059ebeb28e33c2e47\" style=\"font-size:18px\">Banque cantonale de Fribourg<\/p>\n\n\n\n<p style=\"font-size:18px;line-height:0.3\">La Mobili\u00e8re<\/p>\n\n\n\n<p style=\"font-size:18px;line-height:0\">Loterie romande<\/p>\n\n\n\n<p style=\"font-size:18px;line-height:0.3\">Pour cent culturel MIGROS<\/p>\n\n\n\n<p class=\"has--font-size\" style=\"line-height:0\">ECAB-KGV<\/p>\n\n\n\n<p style=\"line-height:0.3\">Ville de Romont<\/p>\n\n\n\n<p style=\"font-size:18px;line-height:0.3\">R\u00e9gion Gl\u00e2ne Veveyse<\/p>\n\n\n\n<p style=\"font-size:18px;line-height:0.3\">Amis d\u2019H\u00e9l\u00e8ne de Montgeroult<\/p>\n\n\n\n<p style=\"font-size:18px;line-height:0.9\">Soroptimist  international club de Romont<\/p>\n\n\n\n<p style=\"font-size:18px;line-height:0.9\">Association des descendants de Rodolphe de Nervaud<\/p>\n\n\n\n<p style=\"font-size:18px\">Partenaire media&nbsp;: La Libert\u00e9<\/p>\n<\/div><\/div>\n\n\n\n<p><\/p>\n","protected":false},"excerpt":{"rendered":"<p>Concours international H\u00e9l\u00e8ne de Montgeroult 2025 avec le soutien de Merci aux institutions et entreprises qui nous ont soutenus en 2023: Banque cantonale de Fribourg La Mobili\u00e8re Loterie romande Pour cent culturel MIGROS ECAB-KGV Ville de Romont R\u00e9gion Gl\u00e2ne Veveyse Amis d\u2019H\u00e9l\u00e8ne de Montgeroult Soroptimist international club de Romont Association des descendants de Rodolphe de&#8230;<\/p>","protected":false},"author":1,"featured_media":0,"parent":0,"menu_order":0,"comment_status":"closed","ping_status":"closed","template":"","meta":{"_kad_post_transparent":"","_kad_post_title":"","_kad_post_layout":"","_kad_post_sidebar_id":"","_kad_post_content_style":"","_kad_post_vertical_padding":"","_kad_post_feature":"","_kad_post_feature_position":"","_kad_post_header":false,"_kad_post_footer":false,"_kad_post_classname":"","footnotes":""},"class_list":["post-29734","page","type-page","status-publish","hentry"],"_links":{"self":[{"href":"https:\/\/concourshelenedemontgeroult.ch\/de\/wp-json\/wp\/v2\/pages\/29734","targetHints":{"allow":["GET"]}}],"collection":[{"href":"https:\/\/concourshelenedemontgeroult.ch\/de\/wp-json\/wp\/v2\/pages"}],"about":[{"href":"https:\/\/concourshelenedemontgeroult.ch\/de\/wp-json\/wp\/v2\/types\/page"}],"author":[{"embeddable":true,"href":"https:\/\/concourshelenedemontgeroult.ch\/de\/wp-json\/wp\/v2\/users\/1"}],"replies":[{"embeddable":true,"href":"https:\/\/concourshelenedemontgeroult.ch\/de\/wp-json\/wp\/v2\/comments?post=29734"}],"version-history":[{"count":74,"href":"https:\/\/concourshelenedemontgeroult.ch\/de\/wp-json\/wp\/v2\/pages\/29734\/revisions"}],"predecessor-version":[{"id":31123,"href":"https:\/\/concourshelenedemontgeroult.ch\/de\/wp-json\/wp\/v2\/pages\/29734\/revisions\/31123"}],"wp:attachment":[{"href":"https:\/\/concourshelenedemontgeroult.ch\/de\/wp-json\/wp\/v2\/media?parent=29734"}],"curies":[{"name":"wp","href":"https:\/\/api.w.org\/{rel}","templated":true}]}}