{"id":30625,"date":"2023-12-04T11:53:56","date_gmt":"2023-12-04T10:53:56","guid":{"rendered":"https:\/\/concourshelenedemontgeroult.ch\/?page_id=30625"},"modified":"2024-03-06T17:00:39","modified_gmt":"2024-03-06T16:00:39","slug":"revue_de_presse","status":"publish","type":"page","link":"https:\/\/concourshelenedemontgeroult.ch\/de\/revue_de_presse\/","title":{"rendered":"Revue de presse 2023"},"content":{"rendered":"<style>.kb-row-layout-id30625_3992ae-e5 > .kt-row-column-wrap{align-content:start;}:where(.kb-row-layout-id30625_3992ae-e5 > .kt-row-column-wrap) > .wp-block-kadence-column{justify-content:start;}.kb-row-layout-id30625_3992ae-e5 > .kt-row-column-wrap{column-gap:var(--global-kb-gap-md, 2rem);row-gap:var(--global-kb-gap-md, 2rem);padding-top:var(--global-kb-spacing-sm, 1.5rem);padding-bottom:var(--global-kb-spacing-sm, 1.5rem);grid-template-columns:minmax(0, 1fr);}.kb-row-layout-id30625_3992ae-e5 > .kt-row-layout-overlay{opacity:0.30;}@media all and (max-width: 1024px){.kb-row-layout-id30625_3992ae-e5 > .kt-row-column-wrap{grid-template-columns:minmax(0, 1fr);}}@media all and (max-width: 767px){.kb-row-layout-id30625_3992ae-e5 > .kt-row-column-wrap{grid-template-columns:minmax(0, 1fr);}}<\/style><div class=\"kb-row-layout-wrap kb-row-layout-id30625_3992ae-e5 aligncenter wp-block-kadence-rowlayout\"><div class=\"kt-row-column-wrap kt-has-1-columns kt-row-layout-equal kt-tab-layout-inherit kt-mobile-layout-row kt-row-valign-top\">\n<style>.kadence-column30625_09ee93-63 > .kt-inside-inner-col{display:flex;}.kadence-column30625_09ee93-63 > .kt-inside-inner-col{padding-right:10px;padding-left:10px;}.kadence-column30625_09ee93-63 > .kt-inside-inner-col,.kadence-column30625_09ee93-63 > .kt-inside-inner-col:before{border-top-left-radius:0px;border-top-right-radius:0px;border-bottom-right-radius:0px;border-bottom-left-radius:0px;}.kadence-column30625_09ee93-63 > .kt-inside-inner-col{row-gap:0px;column-gap:var(--global-kb-gap-sm, 1rem);}.kadence-column30625_09ee93-63 > .kt-inside-inner-col{flex-direction:column;justify-content:center;}.kadence-column30625_09ee93-63 > .kt-inside-inner-col > .aligncenter{width:100%;}.kt-row-column-wrap > .kadence-column30625_09ee93-63{align-self:center;}.kt-inner-column-height-full:not(.kt-has-1-columns) > .wp-block-kadence-column.kadence-column30625_09ee93-63{align-self:auto;}.kt-inner-column-height-full:not(.kt-has-1-columns) > .wp-block-kadence-column.kadence-column30625_09ee93-63 > .kt-inside-inner-col{flex-direction:column;justify-content:center;}.kadence-column30625_09ee93-63 > .kt-inside-inner-col{background-color:var(--global-palette7, #EDF2F7);}.kadence-column30625_09ee93-63 > .kt-inside-inner-col:before{opacity:0.3;}.kadence-column30625_09ee93-63{text-align:left;}.kadence-column30625_09ee93-63{position:relative;}@media all and (max-width: 1024px){.kt-row-column-wrap > .kadence-column30625_09ee93-63{align-self:center;}}@media all and (max-width: 1024px){.kt-inner-column-height-full:not(.kt-has-1-columns) > .wp-block-kadence-column.kadence-column30625_09ee93-63{align-self:auto;}}@media all and (max-width: 1024px){.kt-inner-column-height-full:not(.kt-has-1-columns) > .wp-block-kadence-column.kadence-column30625_09ee93-63 > .kt-inside-inner-col{flex-direction:column;justify-content:center;}}@media all and (max-width: 1024px){.kadence-column30625_09ee93-63 > .kt-inside-inner-col{flex-direction:column;justify-content:center;}}@media all and (max-width: 767px){.kt-row-column-wrap > .kadence-column30625_09ee93-63{align-self:center;}.kt-inner-column-height-full:not(.kt-has-1-columns) > .wp-block-kadence-column.kadence-column30625_09ee93-63{align-self:auto;}.kt-inner-column-height-full:not(.kt-has-1-columns) > .wp-block-kadence-column.kadence-column30625_09ee93-63 > .kt-inside-inner-col{flex-direction:column;justify-content:center;}.kadence-column30625_09ee93-63 > .kt-inside-inner-col{flex-direction:column;justify-content:center;}}<\/style>\n<div class=\"wp-block-kadence-column kadence-column30625_09ee93-63\"><div class=\"kt-inside-inner-col\"><style>.kadence-column30625_ec9d4f-1d > .kt-inside-inner-col{padding-right:10px;padding-left:10px;}.kadence-column30625_ec9d4f-1d > .kt-inside-inner-col,.kadence-column30625_ec9d4f-1d > .kt-inside-inner-col:before{border-top-left-radius:0px;border-top-right-radius:0px;border-bottom-right-radius:0px;border-bottom-left-radius:0px;}.kadence-column30625_ec9d4f-1d > .kt-inside-inner-col{column-gap:var(--global-kb-gap-sm, 1rem);}.kadence-column30625_ec9d4f-1d > .kt-inside-inner-col{flex-direction:column;}.kadence-column30625_ec9d4f-1d > .kt-inside-inner-col > .aligncenter{width:100%;}.kadence-column30625_ec9d4f-1d > .kt-inside-inner-col{background-color:var(--global-palette7, #EDF2F7);}.kadence-column30625_ec9d4f-1d > .kt-inside-inner-col:before{opacity:0.3;}.kadence-column30625_ec9d4f-1d a{color:var(--global-palette4, #2D3748);}.kadence-column30625_ec9d4f-1d a:hover{color:var(--global-palette7, #EDF2F7);}.kadence-column30625_ec9d4f-1d{position:relative;}@media all and (max-width: 1024px){.kadence-column30625_ec9d4f-1d > .kt-inside-inner-col{flex-direction:column;justify-content:center;}}@media all and (max-width: 767px){.kadence-column30625_ec9d4f-1d > .kt-inside-inner-col{flex-direction:column;justify-content:center;}}<\/style>\n<div class=\"wp-block-kadence-column kadence-column30625_ec9d4f-1d\"><div class=\"kt-inside-inner-col\">\n<p class=\"has-theme-palette-3-color has-text-color has-link-color wp-elements-686b0746878ad9c4073824492e3a2897\" style=\"font-size:15px;font-style:normal;font-weight:400\"><strong><a href=\"https:\/\/www.laliberte.ch\/news\/culture\/musique\/romont-un-nouveau-concours-de-piano-rend-hommage-ahelene-de-montgeroult-708775\" target=\"_blank\" rel=\"noreferrer noopener\">Romont: un nouveau concours de piano rend hommage \u00e0\u00a0H\u00e9l\u00e8ne de Montgeroult<\/a><\/strong>                                                                                                            <a href=\"https:\/\/www.laliberte.ch\/news\/culture\/musique\/romont-un-nouveau-concours-de-piano-rend-hommage-ahelene-de-montgeroult-708775\" target=\"_blank\" rel=\"noreferrer noopener\">Un nouveau concours de piano, organis\u00e9 \u00e0 Romont, est consacr\u00e9 \u00e0 l\u2019\u0153uvre de cette pianiste m\u00e9connue et en avance sur son temps.                                                                                                                          40 tr\u00e8s jeunes pianistes se d\u00e9marqueront les 18 et 19 novembre sur ses \u0153uvres.\u00a0<\/a>                                                                                                                   <strong>La Libert\u00e9, 10 novembre 2023<\/strong><\/p>\n<\/div><\/div>\n<\/div><\/div>\n\n<\/div><\/div>\n\n<style>.kadence-column30625_c01d10-a1 > .kt-inside-inner-col{padding-top:var(--global-kb-spacing-xs, 1rem);padding-left:var(--global-kb-spacing-xs, 1rem);}.kadence-column30625_c01d10-a1 > .kt-inside-inner-col,.kadence-column30625_c01d10-a1 > .kt-inside-inner-col:before{border-top-left-radius:0px;border-top-right-radius:0px;border-bottom-right-radius:0px;border-bottom-left-radius:0px;}.kadence-column30625_c01d10-a1 > .kt-inside-inner-col{column-gap:var(--global-kb-gap-sm, 1rem);}.kadence-column30625_c01d10-a1 > .kt-inside-inner-col{flex-direction:column;}.kadence-column30625_c01d10-a1 > .kt-inside-inner-col > .aligncenter{width:100%;}.kadence-column30625_c01d10-a1 > .kt-inside-inner-col{background-color:var(--global-palette7, #EDF2F7);}.kadence-column30625_c01d10-a1 > .kt-inside-inner-col:before{opacity:0.3;}.kadence-column30625_c01d10-a1, .kadence-column30625_c01d10-a1 h1, .kadence-column30625_c01d10-a1 h2, .kadence-column30625_c01d10-a1 h3, .kadence-column30625_c01d10-a1 h4, .kadence-column30625_c01d10-a1 h5, .kadence-column30625_c01d10-a1 h6{color:var(--global-palette7, #EDF2F7);}.kadence-column30625_c01d10-a1 a{color:var(--global-palette1, #3182CE);}.kadence-column30625_c01d10-a1{position:relative;}@media all and (max-width: 1024px){.kadence-column30625_c01d10-a1 > .kt-inside-inner-col{flex-direction:column;justify-content:center;}}@media all and (max-width: 767px){.kadence-column30625_c01d10-a1 > .kt-inside-inner-col{flex-direction:column;justify-content:center;}}<\/style>\n<div class=\"wp-block-kadence-column kadence-column30625_c01d10-a1\"><div class=\"kt-inside-inner-col\">\n<p class=\"has-theme-palette-3-color has-text-color has-link-color wp-elements-2aa390336572f615ead96ae1d54f6e29\" style=\"font-size:15px;font-style:normal;font-weight:400\"><strong><a href=\"https:\/\/concourshelenedemontgeroult.ch\/wp-content\/uploads\/2024\/03\/20231102-GRUYERE-GRUY-006.pdf\" target=\"_blank\" rel=\"noreferrer noopener\">Les m\u00e9lodies d&rsquo;une marquise sonneront \u00e0 Romont<\/a><\/strong>.<a href=\"https:\/\/concourshelenedemontgeroult.ch\/wp-content\/uploads\/2024\/03\/20231102-GRUYERE-GRUY-006.pdf\" target=\"_blank\" rel=\"noreferrer noopener\"> Un concours international de piano est pr\u00e9vu au Bicubic. Il mettra en lumi\u00e8re les oeuvres d&rsquo;H\u00e9l\u00e8ne de Montgeroult, marquise et artiste fran\u00e7aise d&rsquo;origine gl\u00e2noise.<\/a>                                                                                                                                                              <strong>La Gruy\u00e8re, 2 novembre 2023 <\/strong><\/p>\n\n\n\n<p class=\"has-theme-palette-3-color has-text-color has-link-color wp-elements-17ec826247fe5c0e305f6d138e941c28\" style=\"font-size:15px;font-style:normal;font-weight:400\"><strong><a href=\"https:\/\/concourshelenedemontgeroult.ch\/wp-content\/uploads\/2024\/03\/20231121-GRUYERE-GRUY-007.pdf\" target=\"_blank\" rel=\"noreferrer noopener\">Talents \u00e0 revendre sur la sc\u00e8ne du Bicubic<\/a><\/strong>                                                                                                                                                                                    <strong>La Gruy\u00e8re<\/strong>, <strong>21 novembre 2023<\/strong><\/p>\n\n\n\n<p><\/p>\n<\/div><\/div>\n\n\n<style>.kadence-column30625_64ec7d-0e > .kt-inside-inner-col{padding-right:10px;padding-left:10px;}.kadence-column30625_64ec7d-0e > .kt-inside-inner-col,.kadence-column30625_64ec7d-0e > .kt-inside-inner-col:before{border-top-left-radius:0px;border-top-right-radius:0px;border-bottom-right-radius:0px;border-bottom-left-radius:0px;}.kadence-column30625_64ec7d-0e > .kt-inside-inner-col{column-gap:var(--global-kb-gap-sm, 1rem);}.kadence-column30625_64ec7d-0e > .kt-inside-inner-col{flex-direction:column;}.kadence-column30625_64ec7d-0e > .kt-inside-inner-col > .aligncenter{width:100%;}.kadence-column30625_64ec7d-0e > .kt-inside-inner-col{background-color:var(--global-palette7, #EDF2F7);}.kadence-column30625_64ec7d-0e > .kt-inside-inner-col:before{opacity:0.3;}.kadence-column30625_64ec7d-0e{position:relative;}@media all and (max-width: 1024px){.kadence-column30625_64ec7d-0e > .kt-inside-inner-col{flex-direction:column;justify-content:center;}}@media all and (max-width: 767px){.kadence-column30625_64ec7d-0e > .kt-inside-inner-col{flex-direction:column;justify-content:center;}}<\/style>\n<div class=\"wp-block-kadence-column kadence-column30625_64ec7d-0e\"><div class=\"kt-inside-inner-col\">\n<p class=\"has-theme-palette-3-color has-text-color has-link-color wp-elements-b5d4818ae53c3409b2515832cbfff766\" style=\"padding-right:var(--wp--preset--spacing--30);padding-left:var(--wp--preset--spacing--30);font-size:15px;font-style:normal;font-weight:400\"><strong><a href=\"https:\/\/concourshelenedemontgeroult.ch\/wp-content\/uploads\/2024\/03\/RMS_11.2023_Concours.pdf\" target=\"_blank\" rel=\"noreferrer noopener\">Concours H\u00e9l\u00e8ne de Montgeroult \u00e0 Romont<\/a><\/strong>. <a href=\"https:\/\/concourshelenedemontgeroult.ch\/wp-content\/uploads\/2024\/03\/RMS_11.2023_Concours.pdf\">Pour rendre hommage \u00e0 une compositrice lointaine parente d&rsquo;une famille fribourgeoise, la premi\u00e8re \u00e9dition d&rsquo;un concours pour jeunes pianistes a \u00e9t\u00e9 organis\u00e9e \u00e0 Romont.<\/a>                                                                                                                                                       <strong>Revue Musicale Suisse, novembre 2023<\/strong><\/p>\n<\/div><\/div>\n\n\n<style>.kadence-column30625_86fe6d-c8 > .kt-inside-inner-col{padding-right:10px;padding-left:10px;}.kadence-column30625_86fe6d-c8 > .kt-inside-inner-col,.kadence-column30625_86fe6d-c8 > .kt-inside-inner-col:before{border-top-left-radius:0px;border-top-right-radius:0px;border-bottom-right-radius:0px;border-bottom-left-radius:0px;}.kadence-column30625_86fe6d-c8 > .kt-inside-inner-col{column-gap:var(--global-kb-gap-sm, 1rem);}.kadence-column30625_86fe6d-c8 > .kt-inside-inner-col{flex-direction:column;}.kadence-column30625_86fe6d-c8 > .kt-inside-inner-col > .aligncenter{width:100%;}.kadence-column30625_86fe6d-c8 > .kt-inside-inner-col{background-color:var(--global-palette7, #EDF2F7);}.kadence-column30625_86fe6d-c8 > .kt-inside-inner-col:before{opacity:0.3;}.kadence-column30625_86fe6d-c8{position:relative;}@media all and (max-width: 1024px){.kadence-column30625_86fe6d-c8 > .kt-inside-inner-col{flex-direction:column;justify-content:center;}}@media all and (max-width: 767px){.kadence-column30625_86fe6d-c8 > .kt-inside-inner-col{flex-direction:column;justify-content:center;}}<\/style>\n<div class=\"wp-block-kadence-column kadence-column30625_86fe6d-c8\"><div class=\"kt-inside-inner-col\"><style>.kb-image30625_1e8058-b7:not(.kb-image-is-ratio-size) .kb-img, .kb-image30625_1e8058-b7.kb-image-is-ratio-size{padding-top:var(--global-kb-spacing-md, 2rem);}.kb-image30625_1e8058-b7 .kb-image-has-overlay:after{opacity:0.3;}<\/style>\n<div class=\"wp-block-kadence-image kb-image30625_1e8058-b7\"><figure class=\"aligncenter size-large\"><img loading=\"lazy\" decoding=\"async\" width=\"668\" height=\"1024\" src=\"https:\/\/concourshelenedemontgeroult.ch\/wp-content\/uploads\/2023\/12\/2023-11-03Feuille-fribourgeoise-p.-01-668x1024.jpeg\" alt=\"Feuille Fribourgeoise 3.11.23_Concours international pour jeunes pianistes\" class=\"kb-img wp-image-30620\" srcset=\"https:\/\/concourshelenedemontgeroult.ch\/wp-content\/uploads\/2023\/12\/2023-11-03Feuille-fribourgeoise-p.-01-668x1024.jpeg 668w, https:\/\/concourshelenedemontgeroult.ch\/wp-content\/uploads\/2023\/12\/2023-11-03Feuille-fribourgeoise-p.-01-196x300.jpeg 196w, https:\/\/concourshelenedemontgeroult.ch\/wp-content\/uploads\/2023\/12\/2023-11-03Feuille-fribourgeoise-p.-01-768x1177.jpeg 768w, https:\/\/concourshelenedemontgeroult.ch\/wp-content\/uploads\/2023\/12\/2023-11-03Feuille-fribourgeoise-p.-01-1003x1536.jpeg 1003w, https:\/\/concourshelenedemontgeroult.ch\/wp-content\/uploads\/2023\/12\/2023-11-03Feuille-fribourgeoise-p.-01-1337x2048.jpeg 1337w, https:\/\/concourshelenedemontgeroult.ch\/wp-content\/uploads\/2023\/12\/2023-11-03Feuille-fribourgeoise-p.-01-8x12.jpeg 8w, https:\/\/concourshelenedemontgeroult.ch\/wp-content\/uploads\/2023\/12\/2023-11-03Feuille-fribourgeoise-p.-01-scaled.jpeg 1671w\" sizes=\"auto, (max-width: 668px) 100vw, 668px\" \/><figcaption>Feuille fribourgeoise, 3 novembre 2023<\/figcaption><\/figure><\/div>\n\n\n<style>.kadence-column30625_f403a7-8e > .kt-inside-inner-col{padding-right:10px;padding-left:10px;}.kadence-column30625_f403a7-8e > .kt-inside-inner-col,.kadence-column30625_f403a7-8e > .kt-inside-inner-col:before{border-top-left-radius:0px;border-top-right-radius:0px;border-bottom-right-radius:0px;border-bottom-left-radius:0px;}.kadence-column30625_f403a7-8e > .kt-inside-inner-col{column-gap:var(--global-kb-gap-sm, 1rem);}.kadence-column30625_f403a7-8e > .kt-inside-inner-col{flex-direction:column;}.kadence-column30625_f403a7-8e > .kt-inside-inner-col > .aligncenter{width:100%;}.kadence-column30625_f403a7-8e > .kt-inside-inner-col{background-color:var(--global-palette7, #EDF2F7);}.kadence-column30625_f403a7-8e > .kt-inside-inner-col:before{opacity:0.3;}.kadence-column30625_f403a7-8e{position:relative;}@media all and (max-width: 1024px){.kadence-column30625_f403a7-8e > .kt-inside-inner-col{flex-direction:column;justify-content:center;}}@media all and (max-width: 767px){.kadence-column30625_f403a7-8e > .kt-inside-inner-col{flex-direction:column;justify-content:center;}}<\/style>\n<div class=\"wp-block-kadence-column kadence-column30625_f403a7-8e\"><div class=\"kt-inside-inner-col\"><style>.kb-image30625_94a074-61 .kb-image-has-overlay:after{opacity:0.3;}<\/style>\n<div class=\"wp-block-kadence-image kb-image30625_94a074-61\"><figure class=\"aligncenter size-large\"><img loading=\"lazy\" decoding=\"async\" width=\"934\" height=\"1024\" src=\"https:\/\/concourshelenedemontgeroult.ch\/wp-content\/uploads\/2023\/12\/Feuille-fribourgeoise.23.11.23.-resultats_20231204_0001-1-934x1024.jpeg\" alt=\"\" class=\"kb-img wp-image-30688\" srcset=\"https:\/\/concourshelenedemontgeroult.ch\/wp-content\/uploads\/2023\/12\/Feuille-fribourgeoise.23.11.23.-resultats_20231204_0001-1-934x1024.jpeg 934w, https:\/\/concourshelenedemontgeroult.ch\/wp-content\/uploads\/2023\/12\/Feuille-fribourgeoise.23.11.23.-resultats_20231204_0001-1-274x300.jpeg 274w, https:\/\/concourshelenedemontgeroult.ch\/wp-content\/uploads\/2023\/12\/Feuille-fribourgeoise.23.11.23.-resultats_20231204_0001-1-768x842.jpeg 768w, https:\/\/concourshelenedemontgeroult.ch\/wp-content\/uploads\/2023\/12\/Feuille-fribourgeoise.23.11.23.-resultats_20231204_0001-1-11x12.jpeg 11w, https:\/\/concourshelenedemontgeroult.ch\/wp-content\/uploads\/2023\/12\/Feuille-fribourgeoise.23.11.23.-resultats_20231204_0001-1.jpeg 1319w\" sizes=\"auto, (max-width: 934px) 100vw, 934px\" \/><figcaption>Feuille fribourgeoise, 23 novembre 2023<\/figcaption><\/figure><\/div>\n\n\n<style>.kadence-column30625_c50bff-9c > .kt-inside-inner-col{padding-right:10px;padding-left:10px;}.kadence-column30625_c50bff-9c > .kt-inside-inner-col,.kadence-column30625_c50bff-9c > .kt-inside-inner-col:before{border-top-left-radius:0px;border-top-right-radius:0px;border-bottom-right-radius:0px;border-bottom-left-radius:0px;}.kadence-column30625_c50bff-9c > .kt-inside-inner-col{column-gap:var(--global-kb-gap-sm, 1rem);}.kadence-column30625_c50bff-9c > .kt-inside-inner-col{flex-direction:column;}.kadence-column30625_c50bff-9c > .kt-inside-inner-col > .aligncenter{width:100%;}.kadence-column30625_c50bff-9c > .kt-inside-inner-col{background-color:var(--global-palette7, #EDF2F7);}.kadence-column30625_c50bff-9c > .kt-inside-inner-col:before{opacity:0.3;}.kadence-column30625_c50bff-9c{position:relative;}@media all and (max-width: 1024px){.kadence-column30625_c50bff-9c > .kt-inside-inner-col{flex-direction:column;justify-content:center;}}@media all and (max-width: 767px){.kadence-column30625_c50bff-9c > .kt-inside-inner-col{flex-direction:column;justify-content:center;}}<\/style>\n<div class=\"wp-block-kadence-column kadence-column30625_c50bff-9c\"><div class=\"kt-inside-inner-col\"><\/div><\/div>\n<\/div><\/div>\n<\/div><\/div>\n\n\n<style>.kb-row-layout-id30625_5b27cc-c3 > .kt-row-column-wrap{align-content:start;}:where(.kb-row-layout-id30625_5b27cc-c3 > .kt-row-column-wrap) > .wp-block-kadence-column{justify-content:start;}.kb-row-layout-id30625_5b27cc-c3 > .kt-row-column-wrap{column-gap:var(--global-kb-gap-md, 2rem);row-gap:var(--global-kb-gap-md, 2rem);padding-top:var(--global-kb-spacing-sm, 1.5rem);padding-bottom:var(--global-kb-spacing-sm, 1.5rem);grid-template-columns:minmax(0, 1fr);}.kb-row-layout-id30625_5b27cc-c3 > .kt-row-layout-overlay{opacity:0.30;}@media all and (max-width: 1024px){.kb-row-layout-id30625_5b27cc-c3 > .kt-row-column-wrap{grid-template-columns:minmax(0, 1fr);}}@media all and (max-width: 767px){.kb-row-layout-id30625_5b27cc-c3 > .kt-row-column-wrap{grid-template-columns:minmax(0, 1fr);}}<\/style><div class=\"kb-row-layout-wrap kb-row-layout-id30625_5b27cc-c3 alignnone wp-block-kadence-rowlayout\"><div class=\"kt-row-column-wrap kt-has-1-columns kt-row-layout-equal kt-tab-layout-inherit kt-mobile-layout-row kt-row-valign-top\">\n<style>.kadence-column30625_1a045e-c4 > .kt-inside-inner-col{padding-right:10px;padding-left:10px;}.kadence-column30625_1a045e-c4 > .kt-inside-inner-col,.kadence-column30625_1a045e-c4 > .kt-inside-inner-col:before{border-top-left-radius:0px;border-top-right-radius:0px;border-bottom-right-radius:0px;border-bottom-left-radius:0px;}.kadence-column30625_1a045e-c4 > .kt-inside-inner-col{column-gap:var(--global-kb-gap-sm, 1rem);}.kadence-column30625_1a045e-c4 > .kt-inside-inner-col{flex-direction:column;}.kadence-column30625_1a045e-c4 > .kt-inside-inner-col > .aligncenter{width:100%;}.kadence-column30625_1a045e-c4 > .kt-inside-inner-col{background-color:var(--global-palette7, #EDF2F7);}.kadence-column30625_1a045e-c4 > .kt-inside-inner-col:before{opacity:0.3;}.kadence-column30625_1a045e-c4{position:relative;}@media all and (max-width: 1024px){.kadence-column30625_1a045e-c4 > .kt-inside-inner-col{flex-direction:column;justify-content:center;}}@media all and (max-width: 767px){.kadence-column30625_1a045e-c4 > .kt-inside-inner-col{flex-direction:column;justify-content:center;}}<\/style>\n<div class=\"wp-block-kadence-column kadence-column30625_1a045e-c4\"><div class=\"kt-inside-inner-col\">\n<p class=\"has-text-align-center\">Vosges Matin, 3 d\u00e9cembre 2023<\/p>\n<\/div><\/div>\n\n<\/div><\/div>","protected":false},"excerpt":{"rendered":"<p>Romont: un nouveau concours de piano rend hommage \u00e0\u00a0H\u00e9l\u00e8ne de Montgeroult Un nouveau concours de piano, organis\u00e9 \u00e0 Romont, est consacr\u00e9 \u00e0 l\u2019\u0153uvre de cette pianiste m\u00e9connue et en avance sur son temps. 40 tr\u00e8s jeunes pianistes se d\u00e9marqueront les 18 et 19 novembre sur ses \u0153uvres.\u00a0 La Libert\u00e9, 10 novembre 2023 Les m\u00e9lodies d&rsquo;une&#8230;<\/p>","protected":false},"author":1,"featured_media":0,"parent":0,"menu_order":0,"comment_status":"closed","ping_status":"closed","template":"","meta":{"_kad_post_transparent":"","_kad_post_title":"","_kad_post_layout":"","_kad_post_sidebar_id":"","_kad_post_content_style":"","_kad_post_vertical_padding":"","_kad_post_feature":"","_kad_post_feature_position":"","_kad_post_header":false,"_kad_post_footer":false,"_kad_post_classname":"","footnotes":""},"class_list":["post-30625","page","type-page","status-publish","hentry"],"_links":{"self":[{"href":"https:\/\/concourshelenedemontgeroult.ch\/de\/wp-json\/wp\/v2\/pages\/30625","targetHints":{"allow":["GET"]}}],"collection":[{"href":"https:\/\/concourshelenedemontgeroult.ch\/de\/wp-json\/wp\/v2\/pages"}],"about":[{"href":"https:\/\/concourshelenedemontgeroult.ch\/de\/wp-json\/wp\/v2\/types\/page"}],"author":[{"embeddable":true,"href":"https:\/\/concourshelenedemontgeroult.ch\/de\/wp-json\/wp\/v2\/users\/1"}],"replies":[{"embeddable":true,"href":"https:\/\/concourshelenedemontgeroult.ch\/de\/wp-json\/wp\/v2\/comments?post=30625"}],"version-history":[{"count":15,"href":"https:\/\/concourshelenedemontgeroult.ch\/de\/wp-json\/wp\/v2\/pages\/30625\/revisions"}],"predecessor-version":[{"id":30777,"href":"https:\/\/concourshelenedemontgeroult.ch\/de\/wp-json\/wp\/v2\/pages\/30625\/revisions\/30777"}],"wp:attachment":[{"href":"https:\/\/concourshelenedemontgeroult.ch\/de\/wp-json\/wp\/v2\/media?parent=30625"}],"curies":[{"name":"wp","href":"https:\/\/api.w.org\/{rel}","templated":true}]}}