{"id":30745,"date":"2024-01-22T22:27:44","date_gmt":"2024-01-22T21:27:44","guid":{"rendered":"https:\/\/concourshelenedemontgeroult.ch\/?page_id=30745"},"modified":"2024-01-23T17:36:16","modified_gmt":"2024-01-23T16:36:16","slug":"jeune-chronique","status":"publish","type":"page","link":"https:\/\/concourshelenedemontgeroult.ch\/de\/jeune-chronique\/","title":{"rendered":"Jeune chronique"},"content":{"rendered":"<style>.kb-row-layout-id30745_2d16d0-b4 > .kt-row-column-wrap{align-content:start;}:where(.kb-row-layout-id30745_2d16d0-b4 > .kt-row-column-wrap) > .wp-block-kadence-column{justify-content:start;}.kb-row-layout-id30745_2d16d0-b4 > .kt-row-column-wrap{column-gap:var(--global-kb-gap-md, 2rem);row-gap:var(--global-kb-gap-md, 2rem);max-width:1033px;margin-left:auto;margin-right:auto;padding-top:var(--global-kb-spacing-sm, 1.5rem);padding-bottom:var(--global-kb-spacing-sm, 1.5rem);grid-template-columns:minmax(0, 1fr);}.kb-row-layout-id30745_2d16d0-b4 > .kt-row-layout-overlay{opacity:0.30;}@media all and (max-width: 1024px){.kb-row-layout-id30745_2d16d0-b4 > .kt-row-column-wrap{grid-template-columns:minmax(0, 1fr);}}@media all and (max-width: 767px){.kb-row-layout-id30745_2d16d0-b4 > .kt-row-column-wrap{max-width:2000px;margin-left:auto;margin-right:auto;grid-template-columns:minmax(0, 1fr);}}<\/style><div class=\"kb-row-layout-wrap kb-row-layout-id30745_2d16d0-b4 alignnone wp-block-kadence-rowlayout\"><div class=\"kt-row-column-wrap kt-has-1-columns kt-row-layout-equal kt-tab-layout-inherit kt-mobile-layout-row kt-row-valign-top\">\n<style>.kadence-column30745_0aafe2-3a > .kt-inside-inner-col{padding-right:10px;padding-left:10px;}.kadence-column30745_0aafe2-3a > .kt-inside-inner-col,.kadence-column30745_0aafe2-3a > .kt-inside-inner-col:before{border-top-left-radius:0px;border-top-right-radius:0px;border-bottom-right-radius:0px;border-bottom-left-radius:0px;}.kadence-column30745_0aafe2-3a > .kt-inside-inner-col{column-gap:var(--global-kb-gap-sm, 1rem);}.kadence-column30745_0aafe2-3a > .kt-inside-inner-col{flex-direction:column;}.kadence-column30745_0aafe2-3a > .kt-inside-inner-col > .aligncenter{width:100%;}.kadence-column30745_0aafe2-3a > .kt-inside-inner-col{background-color:var(--global-palette7, #EDF2F7);}.kadence-column30745_0aafe2-3a > .kt-inside-inner-col:before{opacity:0.3;}.kadence-column30745_0aafe2-3a{position:relative;}@media all and (max-width: 1024px){.kadence-column30745_0aafe2-3a > .kt-inside-inner-col{flex-direction:column;justify-content:center;}}@media all and (max-width: 767px){.kadence-column30745_0aafe2-3a > .kt-inside-inner-col{flex-direction:column;justify-content:center;}}<\/style>\n<div class=\"wp-block-kadence-column kadence-column30745_0aafe2-3a\"><div class=\"kt-inside-inner-col\"><style>.kadence-column30745_c768d5-2d > .kt-inside-inner-col{padding-right:10px;padding-left:10px;}.kadence-column30745_c768d5-2d > .kt-inside-inner-col,.kadence-column30745_c768d5-2d > .kt-inside-inner-col:before{border-top-left-radius:0px;border-top-right-radius:0px;border-bottom-right-radius:0px;border-bottom-left-radius:0px;}.kadence-column30745_c768d5-2d > .kt-inside-inner-col{column-gap:var(--global-kb-gap-sm, 1rem);}.kadence-column30745_c768d5-2d > .kt-inside-inner-col{flex-direction:column;}.kadence-column30745_c768d5-2d > .kt-inside-inner-col > .aligncenter{width:100%;}.kadence-column30745_c768d5-2d > .kt-inside-inner-col{background-color:var(--global-palette7, #EDF2F7);}.kadence-column30745_c768d5-2d > .kt-inside-inner-col:before{opacity:0.3;}.kadence-column30745_c768d5-2d{position:relative;}@media all and (max-width: 1024px){.kadence-column30745_c768d5-2d > .kt-inside-inner-col{flex-direction:column;justify-content:center;}}@media all and (max-width: 767px){.kadence-column30745_c768d5-2d > .kt-inside-inner-col{flex-direction:column;justify-content:center;}}<\/style>\n<div class=\"wp-block-kadence-column kadence-column30745_c768d5-2d\"><div class=\"kt-inside-inner-col\">\n<div class=\"wp-block-cover is-light\" style=\"padding-top:var(--wp--preset--spacing--40);padding-right:var(--wp--preset--spacing--40);padding-bottom:var(--wp--preset--spacing--40);padding-left:var(--wp--preset--spacing--40)\"><span aria-hidden=\"true\" class=\"wp-block-cover__background has-theme-palette-5-background-color has-background-dim-30 has-background-dim\"><\/span><div class=\"wp-block-cover__inner-container is-layout-flow wp-block-cover-is-layout-flow\">\n<div class=\"wp-block-group has-theme-palette-3-color has-text-color has-link-color wp-elements-8ca1e6049fe3cb6ce8142a10064e2fd3\"><div class=\"wp-block-group__inner-container is-layout-constrained wp-block-group-is-layout-constrained\">\n<p class=\"has-small-font-size\"><em> Ad\u00e9lie, <em>Almara<\/em>, Chahen, \u00c9lise, Ethan, <em>Hugo,<\/em><\/em> <em>Mir\u00e9la, sont \u00e9l\u00e8ves du Conservatoire de Fribourg. Ils forment la \u00ab\u00a0Jeune chronique\u00a0\u00bb et nous livrent ci-dessous quelques impressions du Concours. <\/em><\/p>\n\n\n\n<p class=\"has-theme-palette-4-color has-theme-palette-9-background-color has-text-color has-background has-link-color has-small-font-size wp-elements-7968441532742beadd0e126b768380d0\" style=\"padding-right:var(--wp--preset--spacing--20);padding-left:var(--wp--preset--spacing--20)\">Nous trouvons d\u2019ailleurs leur talent assez incroyable pour leur \u00e2ge et la plupart \u00e9taient tr\u00e8s contents d\u2019\u00eatre l\u00e0 pour ce premier \u00ab\u00a0grand\u00a0\u00bb concours comme l\u2019a soulign\u00e9 Hubert, interview\u00e9 apr\u00e8s sa prestation dont il \u00e9tait tr\u00e8s fier car \u00ab\u00a0j\u2019ai mieux jou\u00e9 qu\u2019\u00e0 l\u2019entra\u00eenement\u00a0\u00bb. C\u2019est d\u2019ailleurs ce que L\u00e9a confirme elle aussi \u00ab\u00a0j\u2019\u00e9tais stress\u00e9e avant de jouer mais maintenant, je suis contente et fi\u00e8re de moi\u00a0\u00bb. Ce que nous avons beaucoup aim\u00e9 et aimons est que la musique est un langage universel, tout le monde peut, s\u2019il en a envie en jouer et s\u2019exprimer \u00e0 travers la musique. Nous terminerons par mettre en avant l\u2019importance, dans un concours de toucher le jury, que l\u2019on puisse s\u2019imaginer des couleurs et qu\u2019il y ait des contrastes. Le piano est une sorte de po\u00e9sie\u00a0! <\/p>\n\n\n\n<p class=\"has-theme-palette-6-background-color has-background has-small-font-size\" style=\"padding-right:var(--wp--preset--spacing--20);padding-left:var(--wp--preset--spacing--20)\"><em>Comment as-tu trouv\u00e9 le concours&nbsp;?&nbsp;<\/em><\/p>\n\n\n\n<ul class=\"has-theme-palette-6-background-color has-background wp-block-list\">\n<li class=\"has-small-font-size\">Je m\u2019attendais pas \u00e0 \u00eatre aussi bien accueilli&nbsp;! L\u00e0 par exemple, on a eu le temps pour la pr\u00e9paration&nbsp;: d\u2019habitude, on nous laisse plut\u00f4t 15 minutes, l\u00e0 on en a eu 40. C\u2019\u00e9tait une magnifique salle, un magnifique piano\u2026&nbsp;<\/li>\n\n\n\n<li class=\"has-small-font-size\">C\u2019\u00e9tait tr\u00e8s bien organis\u00e9, tr\u00e8s bien g\u00e9r\u00e9. Peut-\u00eatre que je le referais un jour&nbsp;!&nbsp;<\/li>\n<\/ul>\n\n\n\n<p class=\"has-theme-palette-1-color has-theme-palette-5-background-color has-text-color has-background has-link-color has-small-font-size wp-elements-51bfec4e52b1dba0719cef46b9362cfe\" style=\"padding-right:var(--wp--preset--spacing--20);padding-left:var(--wp--preset--spacing--20)\">J&rsquo;ai fortement appr\u00e9ci\u00e9 la mani\u00e8re avec laquelle la sc\u00e8ne \u00e9tait d\u00e9cor\u00e9e ; elle mettait en valeur l&rsquo;artiste et le piano sur lequel il interpr\u00e9tait. J&rsquo;ai aussi aim\u00e9 la diversit\u00e9 du r\u00e9pertoire des candidats. Les pi\u00e8ces \u00e9taient soigneusement choisies et montraient avec justesse leurs capacit\u00e9s. Cependant, j&rsquo;ai trouv\u00e9 certains participants tr\u00e8s stress\u00e9s ce qui a eu une certaine influence sur leurs interpr\u00e9tations.<\/p>\n\n\n\n<p class=\"has-theme-palette-1-color has-theme-palette-5-background-color has-text-color has-background has-link-color has-small-font-size wp-elements-32ab2fdb01b85c089dd8598752eb6765\" style=\"padding-right:var(--wp--preset--spacing--20);padding-left:var(--wp--preset--spacing--20)\">Le candidat dont j&rsquo;ai le plus appr\u00e9ci\u00e9 les \u0153uvres est un Italien du nom de Nicolo Giglio. Son r\u00e9pertoire \u00e9tait tr\u00e8s diversifi\u00e9. Il y avait du Chopin, Debussy, Mozart et bien entendu du Montgeroult. Son toucher \u00e9tait tr\u00e8s d\u00e9licat et il y avait une grande fluidit\u00e9. Ce qui m&rsquo;a le plus plu ce sont les nuances, que j\u2019ai trouv\u00e9es cr\u00e9atives.<\/p>\n<\/div><\/div>\n\n\n\n<p class=\"has-theme-palette-6-background-color has-background has-small-font-size\" style=\"padding-right:var(--wp--preset--spacing--20);padding-left:var(--wp--preset--spacing--20)\">La grande richesse de cet \u00e9v\u00e8nement, au-del\u00e0 de la qualit\u00e9 musicale propos\u00e9e, r\u00e9side dans l\u2019h\u00e9t\u00e9rog\u00e9n\u00e9it\u00e9 des candidates et candidats. En effet, rares sont les concours en Suisse qui r\u00e9unissent des pianistes amateurs et de futur\u00b7e\u00b7s solistes. Alors que des participant\u00b7e\u00b7s, virtuoses, avaient fait le d\u00e9placement depuis la France, la Belgique et m\u00eame les \u00c9tats-Unis, d\u2019autres venaient du canton et pratiquaient le piano comme hobby durant leur temps libre. Cette mixit\u00e9 n\u2019empi\u00e9tait en rien sur l\u2019excellence du concours, bien au contraire : chacun\u00b7e a propos\u00e9 un programme d\u2019un niveau diff\u00e9rent mais auquel il ou elle s\u2019est tenu\u00b7e, et c\u2019est en cela que tous\u00b7tes ont r\u00e9ussi leur concours. C\u2019\u00e9tait un d\u00e9fi pour beaucoup de jeunes talents amateurs et l\u2019occasion unique d\u2019acqu\u00e9rir de nouvelles comp\u00e9tences et de relever un d\u00e9fi personnel. <\/p>\n\n\n\n<p class=\"has-theme-palette-3-color has-theme-palette-8-background-color has-text-color has-background has-link-color has-small-font-size wp-elements-29376844a9868d67ce5134ee3f03c262\" style=\"padding-right:var(--wp--preset--spacing--20);padding-left:var(--wp--preset--spacing--20)\">Pour Matteo Tucci, vainqueur du prix de la meilleure interpr\u00e9tation de l\u2019\u00e9tude impos\u00e9e (\u00e9tude no. 111 en Sol m), revenu pour l\u2019occasion des \u00c9tats-Unis o\u00f9 il \u00e9tudie depuis peu l\u2019informatique, le concours H\u00e9l\u00e8ne de Montgeroult \u00e9tait l\u2019occasion de d\u00e9couvrir une compositrice dont il n\u2019avait jusqu\u2019alors jamais entendu parler. \u00ab J\u2019ai pris un immense plaisir \u00e0 chercher le caract\u00e8re que je voulais donner \u00e0 cette \u00e9tude. Selon moi, sa grande finesse r\u00e9side dans son c\u00f4t\u00e9 <em>haletant<\/em> qui laisse place \u00e0 une grande libert\u00e9 de variation de tempo. \u00bb \u00ab J\u2019aimerais bien apprendre d\u2019autres \u00e9tudes de Montgeroult et j\u2019aurais beaucoup de plaisir \u00e0 participer \u00e0 nouveau au concours dans 2 ans. \u00bb<\/p>\n\n\n\n<p class=\"has-theme-palette-9-color has-theme-palette-5-background-color has-text-color has-background has-link-color has-small-font-size wp-elements-9efa6399aa91c864f93443399de62508\" style=\"padding-right:var(--wp--preset--spacing--20);padding-left:var(--wp--preset--spacing--20)\">Gabriel Berrebi est dou\u00e9 d\u2019une tr\u00e8s grande ma\u00eetrise instrumentale. Il a parfaitement compris l\u2019esprit des pi\u00e8ces interpr\u00e9t\u00e9es, ce qui a donn\u00e9 lieu \u00e0 des morceaux tr\u00e8s vivants et expressifs, en particulier l\u2019\u00c9tude d\u2019H\u00e9l\u00e8ne de Montgeroult. L\u2019Isle joyeuse de Claude Debussy m\u2019a particuli\u00e8rement plu gr\u00e2ce \u00e0 l\u2019engagement du pianiste et \u00e0 sa grande palette de nuances.<\/p>\n<\/div><\/div>\n<\/div><\/div>\n<\/div><\/div>\n\n\n<style>.kadence-column30745_0f3fcb-86 > .kt-inside-inner-col{padding-right:10px;padding-left:10px;}.kadence-column30745_0f3fcb-86 > .kt-inside-inner-col,.kadence-column30745_0f3fcb-86 > .kt-inside-inner-col:before{border-top-left-radius:0px;border-top-right-radius:0px;border-bottom-right-radius:0px;border-bottom-left-radius:0px;}.kadence-column30745_0f3fcb-86 > .kt-inside-inner-col{column-gap:var(--global-kb-gap-sm, 1rem);}.kadence-column30745_0f3fcb-86 > .kt-inside-inner-col{flex-direction:column;}.kadence-column30745_0f3fcb-86 > .kt-inside-inner-col > .aligncenter{width:100%;}.kadence-column30745_0f3fcb-86 > .kt-inside-inner-col{background-color:var(--global-palette7, #EDF2F7);}.kadence-column30745_0f3fcb-86 > .kt-inside-inner-col:before{opacity:0.3;}.kadence-column30745_0f3fcb-86{position:relative;}@media all and (max-width: 1024px){.kadence-column30745_0f3fcb-86 > .kt-inside-inner-col{flex-direction:column;justify-content:center;}}@media all and (max-width: 767px){.kadence-column30745_0f3fcb-86 > .kt-inside-inner-col{flex-direction:column;justify-content:center;}}<\/style>\n<div class=\"wp-block-kadence-column kadence-column30745_0f3fcb-86\"><div class=\"kt-inside-inner-col\"><\/div><\/div>\n\n<\/div><\/div>","protected":false},"excerpt":{"rendered":"","protected":false},"author":1,"featured_media":0,"parent":0,"menu_order":0,"comment_status":"closed","ping_status":"closed","template":"","meta":{"_kad_post_transparent":"","_kad_post_title":"","_kad_post_layout":"","_kad_post_sidebar_id":"","_kad_post_content_style":"default","_kad_post_vertical_padding":"","_kad_post_feature":"","_kad_post_feature_position":"","_kad_post_header":false,"_kad_post_footer":false,"_kad_post_classname":"","footnotes":""},"class_list":["post-30745","page","type-page","status-publish","hentry"],"_links":{"self":[{"href":"https:\/\/concourshelenedemontgeroult.ch\/de\/wp-json\/wp\/v2\/pages\/30745","targetHints":{"allow":["GET"]}}],"collection":[{"href":"https:\/\/concourshelenedemontgeroult.ch\/de\/wp-json\/wp\/v2\/pages"}],"about":[{"href":"https:\/\/concourshelenedemontgeroult.ch\/de\/wp-json\/wp\/v2\/types\/page"}],"author":[{"embeddable":true,"href":"https:\/\/concourshelenedemontgeroult.ch\/de\/wp-json\/wp\/v2\/users\/1"}],"replies":[{"embeddable":true,"href":"https:\/\/concourshelenedemontgeroult.ch\/de\/wp-json\/wp\/v2\/comments?post=30745"}],"version-history":[{"count":6,"href":"https:\/\/concourshelenedemontgeroult.ch\/de\/wp-json\/wp\/v2\/pages\/30745\/revisions"}],"predecessor-version":[{"id":30754,"href":"https:\/\/concourshelenedemontgeroult.ch\/de\/wp-json\/wp\/v2\/pages\/30745\/revisions\/30754"}],"wp:attachment":[{"href":"https:\/\/concourshelenedemontgeroult.ch\/de\/wp-json\/wp\/v2\/media?parent=30745"}],"curies":[{"name":"wp","href":"https:\/\/api.w.org\/{rel}","templated":true}]}}