{"id":30988,"date":"2025-02-26T17:56:09","date_gmt":"2025-02-26T16:56:09","guid":{"rendered":"https:\/\/concourshelenedemontgeroult.ch\/?page_id=30988"},"modified":"2025-11-06T15:01:11","modified_gmt":"2025-11-06T14:01:11","slug":"thierry-lang-duo","status":"publish","type":"page","link":"https:\/\/concourshelenedemontgeroult.ch\/de\/thierry-lang-duo\/","title":{"rendered":"Concert 2025 Thierry Lang Duo"},"content":{"rendered":"\n<h2 class=\"wp-block-heading has-md-font-size\" style=\"font-size:26px\"><strong>Thierry Lang et Heiri K\u00e4nzig<\/strong> <strong>duo<\/strong><br>25 ans d\u2019une complicit\u00e9 musicale sans faille et d\u2019une amiti\u00e9 \u00e0 toute \u00e9preuve.<\/h2>\n\n\n\n<h3 class=\"wp-block-heading has--font-size has-medium-font-size\">Vendredi 14 novembre 2025, 20h, Bicubic, route d&rsquo;Arruffens 37, 1680 Romont<\/h3>\n\n\n<style>.kadence-column30988_9c2c02-10 > .kt-inside-inner-col{padding-right:10px;padding-left:10px;}.kadence-column30988_9c2c02-10 > .kt-inside-inner-col,.kadence-column30988_9c2c02-10 > .kt-inside-inner-col:before{border-top-left-radius:0px;border-top-right-radius:0px;border-bottom-right-radius:0px;border-bottom-left-radius:0px;}.kadence-column30988_9c2c02-10 > .kt-inside-inner-col{column-gap:var(--global-kb-gap-sm, 1rem);}.kadence-column30988_9c2c02-10 > .kt-inside-inner-col{flex-direction:column;}.kadence-column30988_9c2c02-10 > .kt-inside-inner-col > .aligncenter{width:100%;}.kadence-column30988_9c2c02-10 > .kt-inside-inner-col{background-color:var(--global-palette7, #EDF2F7);}.kadence-column30988_9c2c02-10 > .kt-inside-inner-col:before{opacity:0.3;}.kadence-column30988_9c2c02-10{position:relative;}@media all and (max-width: 1024px){.kadence-column30988_9c2c02-10 > .kt-inside-inner-col{flex-direction:column;justify-content:center;}}@media all and (max-width: 767px){.kadence-column30988_9c2c02-10 > .kt-inside-inner-col{flex-direction:column;justify-content:center;}}<\/style>\n<div class=\"wp-block-kadence-column kadence-column30988_9c2c02-10\"><div class=\"kt-inside-inner-col\"><style>.kadence-column30988_f04abf-ad > .kt-inside-inner-col{padding-right:10px;padding-left:10px;}.kadence-column30988_f04abf-ad > .kt-inside-inner-col,.kadence-column30988_f04abf-ad > .kt-inside-inner-col:before{border-top-left-radius:0px;border-top-right-radius:0px;border-bottom-right-radius:0px;border-bottom-left-radius:0px;}.kadence-column30988_f04abf-ad > .kt-inside-inner-col{column-gap:var(--global-kb-gap-sm, 1rem);}.kadence-column30988_f04abf-ad > .kt-inside-inner-col{flex-direction:column;}.kadence-column30988_f04abf-ad > .kt-inside-inner-col > .aligncenter{width:100%;}.kadence-column30988_f04abf-ad > .kt-inside-inner-col{background-color:var(--global-palette7, #EDF2F7);}.kadence-column30988_f04abf-ad > .kt-inside-inner-col:before{opacity:0.3;}.kadence-column30988_f04abf-ad{position:relative;}@media all and (max-width: 1024px){.kadence-column30988_f04abf-ad > .kt-inside-inner-col{flex-direction:column;justify-content:center;}}@media all and (max-width: 767px){.kadence-column30988_f04abf-ad > .kt-inside-inner-col{flex-direction:column;justify-content:center;}}<\/style>\n<div class=\"wp-block-kadence-column kadence-column30988_f04abf-ad\"><div class=\"kt-inside-inner-col\">\n<div class=\"wp-block-columns is-layout-flex wp-container-core-columns-is-layout-9d6595d7 wp-block-columns-is-layout-flex\">\n<div class=\"wp-block-column is-layout-flow wp-block-column-is-layout-flow\" style=\"flex-basis:50%\"><style>.kadence-column30988_df1200-b0 > .kt-inside-inner-col{display:flex;}.kadence-column30988_df1200-b0 > .kt-inside-inner-col{padding-right:10px;padding-left:10px;}.kadence-column30988_df1200-b0 > .kt-inside-inner-col,.kadence-column30988_df1200-b0 > .kt-inside-inner-col:before{border-top-left-radius:0px;border-top-right-radius:0px;border-bottom-right-radius:0px;border-bottom-left-radius:0px;}.kadence-column30988_df1200-b0 > .kt-inside-inner-col{column-gap:var(--global-kb-gap-sm, 1rem);}.kadence-column30988_df1200-b0 > .kt-inside-inner-col{flex-direction:row;flex-wrap:wrap;align-items:center;}.kadence-column30988_df1200-b0 > .kt-inside-inner-col > *, .kadence-column30988_df1200-b0 > .kt-inside-inner-col > figure.wp-block-image, .kadence-column30988_df1200-b0 > .kt-inside-inner-col > figure.wp-block-kadence-image{margin-top:0px;margin-bottom:0px;}.kadence-column30988_df1200-b0 > .kt-inside-inner-col > .kb-image-is-ratio-size{flex-grow:1;}.kadence-column30988_df1200-b0 > .kt-inside-inner-col{background-color:var(--global-palette7, #EDF2F7);}.kadence-column30988_df1200-b0 > .kt-inside-inner-col:before{opacity:0.3;}.kadence-column30988_df1200-b0{position:relative;}@media all and (max-width: 1024px){.kadence-column30988_df1200-b0 > .kt-inside-inner-col{flex-direction:row;flex-wrap:wrap;align-items:center;}}@media all and (min-width: 768px) and (max-width: 1024px){.kadence-column30988_df1200-b0 > .kt-inside-inner-col > *, .kadence-column30988_df1200-b0 > .kt-inside-inner-col > figure.wp-block-image, .kadence-column30988_df1200-b0 > .kt-inside-inner-col > figure.wp-block-kadence-image{margin-top:0px;margin-bottom:0px;}.kadence-column30988_df1200-b0 > .kt-inside-inner-col > .kb-image-is-ratio-size{flex-grow:1;}}@media all and (max-width: 767px){.kadence-column30988_df1200-b0 > .kt-inside-inner-col{flex-direction:row;flex-wrap:wrap;justify-content:flex-start;}.kadence-column30988_df1200-b0 > .kt-inside-inner-col > *, .kadence-column30988_df1200-b0 > .kt-inside-inner-col > figure.wp-block-image, .kadence-column30988_df1200-b0 > .kt-inside-inner-col > figure.wp-block-kadence-image{margin-top:0px;margin-bottom:0px;}.kadence-column30988_df1200-b0 > .kt-inside-inner-col > .kb-image-is-ratio-size{flex-grow:1;}}<\/style>\n<div class=\"wp-block-kadence-column kadence-column30988_df1200-b0 kb-section-dir-horizontal\"><div class=\"kt-inside-inner-col\"><style>.kb-image30988_b4f9bf-65.kb-image-is-ratio-size, .kb-image30988_b4f9bf-65 .kb-image-is-ratio-size{max-width:409px;width:100%;}.wp-block-kadence-column > .kt-inside-inner-col > .kb-image30988_b4f9bf-65.kb-image-is-ratio-size, .wp-block-kadence-column > .kt-inside-inner-col > .kb-image30988_b4f9bf-65 .kb-image-is-ratio-size{align-self:unset;}.kb-image30988_b4f9bf-65 figure{max-width:409px;}.kb-image30988_b4f9bf-65 .image-is-svg, .kb-image30988_b4f9bf-65 .image-is-svg img{width:100%;}.kb-image30988_b4f9bf-65 .kb-image-has-overlay:after{opacity:0.3;}<\/style>\n<div class=\"wp-block-kadence-image kb-image30988_b4f9bf-65\"><figure class=\"alignleft size-large\"><img loading=\"lazy\" decoding=\"async\" width=\"721\" height=\"1024\" src=\"https:\/\/concourshelenedemontgeroult.ch\/wp-content\/uploads\/2025\/02\/250226_Montgeroult_Lang_FlyerA5_web.def_-721x1024.jpg\" alt=\"Thierry Lang et Heiri K\u00e4nzig duo, C\u00e9l\u00e9bration\" class=\"kb-img wp-image-30991\" srcset=\"https:\/\/concourshelenedemontgeroult.ch\/wp-content\/uploads\/2025\/02\/250226_Montgeroult_Lang_FlyerA5_web.def_-721x1024.jpg 721w, https:\/\/concourshelenedemontgeroult.ch\/wp-content\/uploads\/2025\/02\/250226_Montgeroult_Lang_FlyerA5_web.def_-211x300.jpg 211w, https:\/\/concourshelenedemontgeroult.ch\/wp-content\/uploads\/2025\/02\/250226_Montgeroult_Lang_FlyerA5_web.def_-768x1090.jpg 768w, https:\/\/concourshelenedemontgeroult.ch\/wp-content\/uploads\/2025\/02\/250226_Montgeroult_Lang_FlyerA5_web.def_-1082x1536.jpg 1082w, https:\/\/concourshelenedemontgeroult.ch\/wp-content\/uploads\/2025\/02\/250226_Montgeroult_Lang_FlyerA5_web.def_-8x12.jpg 8w, https:\/\/concourshelenedemontgeroult.ch\/wp-content\/uploads\/2025\/02\/250226_Montgeroult_Lang_FlyerA5_web.def_.jpg 1165w\" sizes=\"auto, (max-width: 721px) 100vw, 721px\" \/><\/figure><\/div>\n<\/div><\/div>\n<\/div>\n\n\n\n<div class=\"wp-block-column is-layout-flow wp-block-column-is-layout-flow\" style=\"flex-basis:50%\"><style>.wp-block-kadence-advancedheading.kt-adv-heading30988_d25ef0-ee, .wp-block-kadence-advancedheading.kt-adv-heading30988_d25ef0-ee[data-kb-block=\"kb-adv-heading30988_d25ef0-ee\"]{font-style:normal;}.wp-block-kadence-advancedheading.kt-adv-heading30988_d25ef0-ee mark.kt-highlight, .wp-block-kadence-advancedheading.kt-adv-heading30988_d25ef0-ee[data-kb-block=\"kb-adv-heading30988_d25ef0-ee\"] mark.kt-highlight{font-style:normal;color:#f76a0c;-webkit-box-decoration-break:clone;box-decoration-break:clone;padding-top:0px;padding-right:0px;padding-bottom:0px;padding-left:0px;}.wp-block-kadence-advancedheading.kt-adv-heading30988_d25ef0-ee img.kb-inline-image, .wp-block-kadence-advancedheading.kt-adv-heading30988_d25ef0-ee[data-kb-block=\"kb-adv-heading30988_d25ef0-ee\"] img.kb-inline-image{width:150px;vertical-align:baseline;}@media all and (max-width: 767px){.wp-block-kadence-advancedheading.kt-adv-heading30988_d25ef0-ee, .wp-block-kadence-advancedheading.kt-adv-heading30988_d25ef0-ee[data-kb-block=\"kb-adv-heading30988_d25ef0-ee\"]{font-size:var(--global-kb-font-size-md, 1.25rem);}}<\/style>\n<p class=\"kt-adv-heading30988_d25ef0-ee wp-block-kadence-advancedheading has-theme-palette-1-color has-text-color\" data-kb-block=\"kb-adv-heading30988_d25ef0-ee\">Thierry Lang, figure embl\u00e9matique de la sc\u00e8ne musicale suisse, est reconnu pour sa capacit\u00e9 exceptionnelle \u00e0 fusionner le classique et le jazz.<br>C\u2019est tout \u00e0 la fois m\u00e9lancolique et joyeux, m\u00e9lodique et rythm\u00e9, tendre et piquant, grave et souriant, classique et moderne, r\u00e9fl\u00e9chi et spontan\u00e9, \u00e0 trois ou quatre temps voire plus si affinit\u00e9s, c\u2019est relaxant et stimulant, \u00e7a parle au coeur et aux oreilles:<strong> cela s\u2019appelle le jazz, tout simplement!<\/strong><br><strong>Nous sommes heureux qu&rsquo;un tel duo ouvre le<a href=\"https:\/\/concourshelenedemontgeroult.ch\/fr_fr\/concours-de-piano-2025\/\" data-type=\"link\" data-id=\"https:\/\/concourshelenedemontgeroult.ch\/fr_fr\/concours-de-piano-2025\/\"> Concours de piano H\u00e9l\u00e8ne de Montgeroult <\/a>, une pianiste et compositrice qui a, dit-on, sauv\u00e9 sa t\u00eate de la guillotine gr\u00e2ce \u00e0 son talent d&rsquo;improvisatrice!<\/strong><br>Prix des places: 38.-<br>R\u00e9servations :\u00a0<a href=\"https:\/\/www.bicubic.ch\/\" target=\"_blank\" rel=\"noreferrer noopener\">www.bicubic.ch \u00a0<\/a>ou billetterie@romontregion.ch ou\u00a0<a href=\"https:\/\/www.romont.ch\/officedutourisme\" target=\"_blank\" rel=\"noreferrer noopener\">Office du tourisme Romont<\/a>\u00a0026 651 90 51<\/p>\n<\/div>\n<\/div>\n<\/div><\/div>\n<\/div><\/div>\n\n\n\n<p class=\"has-theme-palette-3-color has-text-color has-link-color wp-elements-72c692c8f3cc655a632eb6ce01c117c5\"><\/p>\n","protected":false},"excerpt":{"rendered":"<p>Thierry Lang et Heiri K\u00e4nzig duo25 ans d\u2019une complicit\u00e9 musicale sans faille et d\u2019une amiti\u00e9 \u00e0 toute \u00e9preuve. Vendredi 14 novembre 2025, 20h, Bicubic, route d&rsquo;Arruffens 37, 1680 Romont Thierry Lang, figure embl\u00e9matique de la sc\u00e8ne musicale suisse, est reconnu pour sa capacit\u00e9 exceptionnelle \u00e0 fusionner le classique et le jazz.C\u2019est tout \u00e0 la fois&#8230;<\/p>","protected":false},"author":1,"featured_media":0,"parent":0,"menu_order":0,"comment_status":"closed","ping_status":"closed","template":"","meta":{"_kad_post_transparent":"","_kad_post_title":"","_kad_post_layout":"","_kad_post_sidebar_id":"","_kad_post_content_style":"","_kad_post_vertical_padding":"","_kad_post_feature":"","_kad_post_feature_position":"","_kad_post_header":false,"_kad_post_footer":false,"_kad_post_classname":"","footnotes":""},"class_list":["post-30988","page","type-page","status-publish","hentry"],"_links":{"self":[{"href":"https:\/\/concourshelenedemontgeroult.ch\/de\/wp-json\/wp\/v2\/pages\/30988","targetHints":{"allow":["GET"]}}],"collection":[{"href":"https:\/\/concourshelenedemontgeroult.ch\/de\/wp-json\/wp\/v2\/pages"}],"about":[{"href":"https:\/\/concourshelenedemontgeroult.ch\/de\/wp-json\/wp\/v2\/types\/page"}],"author":[{"embeddable":true,"href":"https:\/\/concourshelenedemontgeroult.ch\/de\/wp-json\/wp\/v2\/users\/1"}],"replies":[{"embeddable":true,"href":"https:\/\/concourshelenedemontgeroult.ch\/de\/wp-json\/wp\/v2\/comments?post=30988"}],"version-history":[{"count":15,"href":"https:\/\/concourshelenedemontgeroult.ch\/de\/wp-json\/wp\/v2\/pages\/30988\/revisions"}],"predecessor-version":[{"id":31168,"href":"https:\/\/concourshelenedemontgeroult.ch\/de\/wp-json\/wp\/v2\/pages\/30988\/revisions\/31168"}],"wp:attachment":[{"href":"https:\/\/concourshelenedemontgeroult.ch\/de\/wp-json\/wp\/v2\/media?parent=30988"}],"curies":[{"name":"wp","href":"https:\/\/api.w.org\/{rel}","templated":true}]}}