{"id":28860,"date":"2022-01-20T10:34:50","date_gmt":"2022-01-20T09:34:50","guid":{"rendered":"https:\/\/concourshelenedemontgeroult.ch\/?page_id=28860"},"modified":"2025-05-08T16:56:40","modified_gmt":"2025-05-08T14:56:40","slug":"accueil","status":"publish","type":"page","link":"https:\/\/concourshelenedemontgeroult.ch\/en\/","title":{"rendered":"Concours international de piano H\u00e9l\u00e8ne de Montgeroult"},"content":{"rendered":"<style>.kb-row-layout-wrap.wp-block-kadence-rowlayout.kb-row-layout-id28860_402c3b-cd{margin-top:25px;margin-bottom:25px;}.kb-row-layout-id28860_402c3b-cd > .kt-row-column-wrap{align-content:center;}:where(.kb-row-layout-id28860_402c3b-cd > .kt-row-column-wrap) > .wp-block-kadence-column{justify-content:center;}.kb-row-layout-id28860_402c3b-cd > .kt-row-column-wrap{column-gap:var(--global-kb-gap-md, 2rem);row-gap:var(--global-kb-gap-md, 2rem);max-width:693px;margin-left:auto;margin-right:auto;padding-top:var(--global-kb-spacing-sm, 1.5rem);padding-bottom:var(--global-kb-spacing-sm, 1.5rem);min-height:548px;grid-template-columns:minmax(0, 1fr);}.kb-row-layout-id28860_402c3b-cd{background-image:url('https:\/\/concourshelenedemontgeroult.ch\/wp-content\/uploads\/2022\/01\/Cours_complet_Helene_de_Montgeroult-.jpg');background-size:cover;background-position:51% 5%;background-attachment:scroll;background-repeat:no-repeat;}.kb-row-layout-id28860_402c3b-cd > .kt-row-layout-overlay{opacity:0.46;background-color:var(--global-palette9, #ffffff);}.kb-row-layout-id28860_402c3b-cd .kt-row-layout-bottom-sep{height:296px;}.kb-row-layout-id28860_402c3b-cd .kt-row-layout-bottom-sep svg{width:368%;}.kb-row-layout-id28860_402c3b-cd .kt-row-layout-bottom-sep svg{fill:#ffffff!important;}@media all and (max-width: 1024px){.kb-row-layout-id28860_402c3b-cd > .kt-row-column-wrap{grid-template-columns:minmax(0, 1fr);}}@media all and (max-width: 1024px){.kb-row-layout-id28860_402c3b-cd .kt-row-layout-bottom-sep{height:px;}}@media all and (max-width: 1024px){.kb-row-layout-id28860_402c3b-cd .kt-row-layout-bottom-sep svg{width:%;}}@media all and (max-width: 767px){.kb-row-layout-id28860_402c3b-cd > .kt-row-column-wrap{grid-template-columns:minmax(0, 1fr);}.kb-row-layout-id28860_402c3b-cd .kt-row-layout-bottom-sep{height:px;}.kb-row-layout-id28860_402c3b-cd .kt-row-layout-bottom-sep svg{width:%;}}<\/style><div class=\"kb-row-layout-wrap kb-row-layout-id28860_402c3b-cd alignfull has-theme-palette7-background-color kt-row-has-bg wp-block-kadence-rowlayout\"><div class=\"kt-row-layout-overlay kt-row-overlay-normal\"><\/div><div class=\"kt-row-column-wrap kt-has-1-columns kt-row-layout-equal kt-tab-layout-inherit kt-mobile-layout-row kt-row-valign-middle\">\n<style>.kadence-column28860_86f88a-0b > .kt-inside-inner-col,.kadence-column28860_86f88a-0b > .kt-inside-inner-col:before{border-top-left-radius:0px;border-top-right-radius:0px;border-bottom-right-radius:0px;border-bottom-left-radius:0px;}.kadence-column28860_86f88a-0b > .kt-inside-inner-col{column-gap:var(--global-kb-gap-sm, 1rem);}.kadence-column28860_86f88a-0b > .kt-inside-inner-col{flex-direction:column;}.kadence-column28860_86f88a-0b > .kt-inside-inner-col > .aligncenter{width:100%;}.kadence-column28860_86f88a-0b > .kt-inside-inner-col:before{opacity:0.3;}.kadence-column28860_86f88a-0b{text-align:center;}.kadence-column28860_86f88a-0b{position:relative;}@media all and (max-width: 1024px){.kadence-column28860_86f88a-0b > .kt-inside-inner-col{flex-direction:column;justify-content:center;}}@media all and (max-width: 767px){.kadence-column28860_86f88a-0b > .kt-inside-inner-col{flex-direction:column;justify-content:center;}}<\/style>\n<div class=\"wp-block-kadence-column kadence-column28860_86f88a-0b inner-column-1\"><div class=\"kt-inside-inner-col\"><style>.kb-image28860_9bb7b2-2d.kb-image-is-ratio-size, .kb-image28860_9bb7b2-2d .kb-image-is-ratio-size{max-width:630px;width:100%;}.wp-block-kadence-column > .kt-inside-inner-col > .kb-image28860_9bb7b2-2d.kb-image-is-ratio-size, .wp-block-kadence-column > .kt-inside-inner-col > .kb-image28860_9bb7b2-2d .kb-image-is-ratio-size{align-self:unset;}.kb-image28860_9bb7b2-2d figure{max-width:630px;}.kb-image28860_9bb7b2-2d .image-is-svg, .kb-image28860_9bb7b2-2d .image-is-svg img{width:100%;}.kb-image28860_9bb7b2-2d .kb-image-has-overlay:after{opacity:0.3;}<\/style>\n<div class=\"wp-block-kadence-image kb-image28860_9bb7b2-2d\"><figure class=\"aligncenter size-medium_large\"><a href=\"https:\/\/concourshelenedemontgeroult.ch\/concours-de-piano\/\" class=\"kb-advanced-image-link\"><img loading=\"lazy\" decoding=\"async\" width=\"768\" height=\"258\" src=\"https:\/\/concourshelenedemontgeroult.ch\/wp-content\/uploads\/2022\/03\/Logo_Montgeroult_concours-1-768x258.png\" alt=\"Logo Concours de piano H\u00e9l\u00e8ne de Montgeroult Romont-Suisse\" class=\"kb-img wp-image-29598\" title=\"Concours de piano H\u00e9l\u00e8ne de Montgeroult Romont-Suisse\" srcset=\"https:\/\/concourshelenedemontgeroult.ch\/wp-content\/uploads\/2022\/03\/Logo_Montgeroult_concours-1-768x258.png 768w, https:\/\/concourshelenedemontgeroult.ch\/wp-content\/uploads\/2022\/03\/Logo_Montgeroult_concours-1-300x101.png 300w, https:\/\/concourshelenedemontgeroult.ch\/wp-content\/uploads\/2022\/03\/Logo_Montgeroult_concours-1-1024x344.png 1024w, https:\/\/concourshelenedemontgeroult.ch\/wp-content\/uploads\/2022\/03\/Logo_Montgeroult_concours-1-1536x515.png 1536w, https:\/\/concourshelenedemontgeroult.ch\/wp-content\/uploads\/2022\/03\/Logo_Montgeroult_concours-1-2048x687.png 2048w\" sizes=\"auto, (max-width: 768px) 100vw, 768px\" \/><\/a><\/figure><\/div>\n\n\n<style>.wp-block-kadence-advancedheading.kt-adv-heading28860_e9afc9-17, .wp-block-kadence-advancedheading.kt-adv-heading28860_e9afc9-17[data-kb-block=\"kb-adv-heading28860_e9afc9-17\"]{padding-top:16px;padding-right:16px;padding-bottom:16px;padding-left:16px;text-align:center;font-size:31px;font-weight:400;font-style:normal;}.wp-block-kadence-advancedheading.kt-adv-heading28860_e9afc9-17 mark.kt-highlight, .wp-block-kadence-advancedheading.kt-adv-heading28860_e9afc9-17[data-kb-block=\"kb-adv-heading28860_e9afc9-17\"] mark.kt-highlight{font-style:normal;color:#f76a0c;-webkit-box-decoration-break:clone;box-decoration-break:clone;padding-top:0px;padding-right:0px;padding-bottom:0px;padding-left:0px;}.wp-block-kadence-advancedheading.kt-adv-heading28860_e9afc9-17 img.kb-inline-image, .wp-block-kadence-advancedheading.kt-adv-heading28860_e9afc9-17[data-kb-block=\"kb-adv-heading28860_e9afc9-17\"] img.kb-inline-image{width:150px;vertical-align:baseline;}@media all and (max-width: 1024px){.wp-block-kadence-advancedheading.kt-adv-heading28860_e9afc9-17, .wp-block-kadence-advancedheading.kt-adv-heading28860_e9afc9-17[data-kb-block=\"kb-adv-heading28860_e9afc9-17\"]{font-size:30px;}}@media all and (max-width: 767px){.wp-block-kadence-advancedheading.kt-adv-heading28860_e9afc9-17, .wp-block-kadence-advancedheading.kt-adv-heading28860_e9afc9-17[data-kb-block=\"kb-adv-heading28860_e9afc9-17\"]{font-size:18px;}}<\/style>\n<h1 class=\"kt-adv-heading28860_e9afc9-17 wp-block-kadence-advancedheading\" data-kb-block=\"kb-adv-heading28860_e9afc9-17\">Un concours international de piano pour  les jeunes artistes autour d&rsquo;une musicienne d&rsquo;exception<\/h1>\n\n\n<style>.wp-block-kadence-advancedheading.kt-adv-heading28860_50199a-5a, .wp-block-kadence-advancedheading.kt-adv-heading28860_50199a-5a[data-kb-block=\"kb-adv-heading28860_50199a-5a\"]{text-align:center;font-size:31px;font-style:normal;}.wp-block-kadence-advancedheading.kt-adv-heading28860_50199a-5a mark.kt-highlight, .wp-block-kadence-advancedheading.kt-adv-heading28860_50199a-5a[data-kb-block=\"kb-adv-heading28860_50199a-5a\"] mark.kt-highlight{font-style:normal;color:#f76a0c;-webkit-box-decoration-break:clone;box-decoration-break:clone;padding-top:0px;padding-right:0px;padding-bottom:0px;padding-left:0px;}.wp-block-kadence-advancedheading.kt-adv-heading28860_50199a-5a img.kb-inline-image, .wp-block-kadence-advancedheading.kt-adv-heading28860_50199a-5a[data-kb-block=\"kb-adv-heading28860_50199a-5a\"] img.kb-inline-image{width:150px;vertical-align:baseline;}@media all and (max-width: 1024px){.wp-block-kadence-advancedheading.kt-adv-heading28860_50199a-5a, .wp-block-kadence-advancedheading.kt-adv-heading28860_50199a-5a[data-kb-block=\"kb-adv-heading28860_50199a-5a\"]{font-size:30px;}}@media all and (max-width: 767px){.wp-block-kadence-advancedheading.kt-adv-heading28860_50199a-5a, .wp-block-kadence-advancedheading.kt-adv-heading28860_50199a-5a[data-kb-block=\"kb-adv-heading28860_50199a-5a\"]{font-size:18px;}}<\/style>\n<h2 class=\"kt-adv-heading28860_50199a-5a wp-block-kadence-advancedheading\" data-kb-block=\"kb-adv-heading28860_50199a-5a\"><\/h2>\n<\/div><\/div>\n\n<\/div><\/div>\n\n\n<p style=\"font-size:15px\"><em>Image: H\u00e9l\u00e8ne de Montgeroult, Cours complet, partie 1, page 22<\/em><\/p>\n\n\n<style>.kb-row-layout-id28860_750d32-c7 > .kt-row-column-wrap{align-content:center;}:where(.kb-row-layout-id28860_750d32-c7 > .kt-row-column-wrap) > .wp-block-kadence-column{justify-content:center;}.kb-row-layout-id28860_750d32-c7 > .kt-row-column-wrap{column-gap:var(--global-kb-gap-md, 2rem);row-gap:var(--global-kb-gap-md, 2rem);max-width:830px;margin-left:auto;margin-right:auto;padding-top:var(--global-kb-spacing-sm, 1.5rem);padding-bottom:var(--global-kb-spacing-sm, 1.5rem);grid-template-columns:minmax(0, 1fr);}.kb-row-layout-id28860_750d32-c7 > .kt-row-layout-overlay{opacity:0.30;}@media all and (max-width: 1024px){.kb-row-layout-id28860_750d32-c7 > .kt-row-column-wrap{grid-template-columns:minmax(0, 1fr);}}@media all and (max-width: 767px){.kb-row-layout-id28860_750d32-c7 > .kt-row-column-wrap{grid-template-columns:minmax(0, 1fr);}}<\/style><div class=\"kb-row-layout-wrap kb-row-layout-id28860_750d32-c7 alignnone wp-block-kadence-rowlayout\"><div class=\"kt-row-column-wrap kt-has-1-columns kt-row-layout-equal kt-tab-layout-inherit kt-mobile-layout-row kt-row-valign-middle\">\n<style>.kadence-column28860_a804b7-86 > .kt-inside-inner-col{padding-top:0px;padding-right:0px;padding-bottom:0px;padding-left:0px;}.kadence-column28860_a804b7-86 > .kt-inside-inner-col,.kadence-column28860_a804b7-86 > .kt-inside-inner-col:before{border-top-left-radius:0px;border-top-right-radius:0px;border-bottom-right-radius:0px;border-bottom-left-radius:0px;}.kadence-column28860_a804b7-86 > .kt-inside-inner-col{column-gap:var(--global-kb-gap-sm, 1rem);}.kadence-column28860_a804b7-86 > .kt-inside-inner-col{flex-direction:column;}.kadence-column28860_a804b7-86 > .kt-inside-inner-col > .aligncenter{width:100%;}.kadence-column28860_a804b7-86 > .kt-inside-inner-col:before{opacity:0.3;}.kadence-column28860_a804b7-86{position:relative;}@media all and (max-width: 1024px){.kadence-column28860_a804b7-86 > .kt-inside-inner-col{flex-direction:column;justify-content:center;}}@media all and (max-width: 767px){.kadence-column28860_a804b7-86 > .kt-inside-inner-col{flex-direction:column;justify-content:center;}}<\/style>\n<div class=\"wp-block-kadence-column kadence-column28860_a804b7-86 inner-column-1\"><div class=\"kt-inside-inner-col\"><style>.wp-block-kadence-advancedbtn.kb-btns28860_73b15c-e5{gap:var(--global-kb-gap-xs, 0.5rem );justify-content:center;align-items:center;}.kt-btns28860_73b15c-e5 .kt-button{font-weight:normal;font-style:normal;}<\/style>\n<div class=\"wp-block-kadence-advancedbtn kb-buttons-wrap kb-btns28860_73b15c-e5\"><style>ul.menu .wp-block-kadence-advancedbtn .kb-btn28860_848d61-97.kb-button{width:initial;}.wp-block-kadence-advancedbtn .kb-btn28860_848d61-97.kb-button{color:#555555;border-top-color:#555555;border-top-style:solid;border-right-color:#555555;border-right-style:solid;border-bottom-color:#555555;border-bottom-style:solid;border-left-color:#555555;border-left-style:solid;}.wp-block-kadence-advancedbtn .kb-btn28860_848d61-97.kb-button:hover, .wp-block-kadence-advancedbtn .kb-btn28860_848d61-97.kb-button:focus{color:#ffffff;background:#444444;border-top-color:#444444;border-top-style:solid;border-right-color:#444444;border-right-style:solid;border-bottom-color:#444444;border-bottom-style:solid;border-left-color:#444444;border-left-style:solid;}@media all and (max-width: 1024px){.wp-block-kadence-advancedbtn .kb-btn28860_848d61-97.kb-button{border-top-color:#555555;border-top-style:solid;border-right-color:#555555;border-right-style:solid;border-bottom-color:#555555;border-bottom-style:solid;border-left-color:#555555;border-left-style:solid;}}@media all and (max-width: 1024px){.wp-block-kadence-advancedbtn .kb-btn28860_848d61-97.kb-button:hover, .wp-block-kadence-advancedbtn .kb-btn28860_848d61-97.kb-button:focus{border-top-color:#444444;border-top-style:solid;border-right-color:#444444;border-right-style:solid;border-bottom-color:#444444;border-bottom-style:solid;border-left-color:#444444;border-left-style:solid;}}@media all and (max-width: 767px){.wp-block-kadence-advancedbtn .kb-btn28860_848d61-97.kb-button{border-top-color:#555555;border-top-style:solid;border-right-color:#555555;border-right-style:solid;border-bottom-color:#555555;border-bottom-style:solid;border-left-color:#555555;border-left-style:solid;}.wp-block-kadence-advancedbtn .kb-btn28860_848d61-97.kb-button:hover, .wp-block-kadence-advancedbtn .kb-btn28860_848d61-97.kb-button:focus{border-top-color:#444444;border-top-style:solid;border-right-color:#444444;border-right-style:solid;border-bottom-color:#444444;border-bottom-style:solid;border-left-color:#444444;border-left-style:solid;}}<\/style><a class=\"kb-button kt-button button kb-btn28860_848d61-97 kt-btn-size-standard kt-btn-width-type-auto kb-btn-global-outline  kt-btn-has-text-true kt-btn-has-svg-false  wp-block-kadence-singlebtn\" href=\"https:\/\/concourshelenedemontgeroult.ch\/fr_fr\/concours-de-piano-2025\/\"><span class=\"kt-btn-inner-text\">En savoir plus<\/span><\/a><\/div>\n<\/div><\/div>\n\n<\/div><\/div>\n\n\n<figure class=\"wp-block-pullquote alignfull is-style-solid-color\"><blockquote><p><em>\u00ab\u00a0Quand elle joue, on croit entendre un chant vocal, accompagn\u00e9 par un orchestre dont le chanteur serait ma\u00eetre<\/em>.<\/p><cite>Fran\u00e7ois Miel (1775-1842), critique d&rsquo;art et critique musical.<\/cite><\/blockquote><\/figure>\n\n\n<style>.wp-block-kadence-advancedbtn.kb-btns28860_24f315-17{gap:var(--global-kb-gap-xs, 0.5rem );justify-content:center;align-items:center;}.kt-btns28860_24f315-17 .kt-button{font-weight:normal;font-style:normal;}<\/style>\n<div class=\"wp-block-kadence-advancedbtn kb-buttons-wrap kb-btns28860_24f315-17\"><style>ul.menu .wp-block-kadence-advancedbtn .kb-btn28860_7d2483-dc.kb-button{width:initial;}.wp-block-kadence-advancedbtn .kb-btn28860_7d2483-dc.kb-button{color:#555555;border-top-color:#555555;border-top-style:solid;border-right-color:#555555;border-right-style:solid;border-bottom-color:#555555;border-bottom-style:solid;border-left-color:#555555;border-left-style:solid;}.wp-block-kadence-advancedbtn .kb-btn28860_7d2483-dc.kb-button:hover, .wp-block-kadence-advancedbtn .kb-btn28860_7d2483-dc.kb-button:focus{color:#ffffff;background:#444444;border-top-color:#444444;border-top-style:solid;border-right-color:#444444;border-right-style:solid;border-bottom-color:#444444;border-bottom-style:solid;border-left-color:#444444;border-left-style:solid;}@media all and (max-width: 1024px){.wp-block-kadence-advancedbtn .kb-btn28860_7d2483-dc.kb-button{border-top-color:#555555;border-top-style:solid;border-right-color:#555555;border-right-style:solid;border-bottom-color:#555555;border-bottom-style:solid;border-left-color:#555555;border-left-style:solid;}}@media all and (max-width: 1024px){.wp-block-kadence-advancedbtn .kb-btn28860_7d2483-dc.kb-button:hover, .wp-block-kadence-advancedbtn .kb-btn28860_7d2483-dc.kb-button:focus{border-top-color:#444444;border-top-style:solid;border-right-color:#444444;border-right-style:solid;border-bottom-color:#444444;border-bottom-style:solid;border-left-color:#444444;border-left-style:solid;}}@media all and (max-width: 767px){.wp-block-kadence-advancedbtn .kb-btn28860_7d2483-dc.kb-button{border-top-color:#555555;border-top-style:solid;border-right-color:#555555;border-right-style:solid;border-bottom-color:#555555;border-bottom-style:solid;border-left-color:#555555;border-left-style:solid;}.wp-block-kadence-advancedbtn .kb-btn28860_7d2483-dc.kb-button:hover, .wp-block-kadence-advancedbtn .kb-btn28860_7d2483-dc.kb-button:focus{border-top-color:#444444;border-top-style:solid;border-right-color:#444444;border-right-style:solid;border-bottom-color:#444444;border-bottom-style:solid;border-left-color:#444444;border-left-style:solid;}}<\/style><a class=\"kb-button kt-button button kb-btn28860_7d2483-dc kt-btn-size-standard kt-btn-width-type-auto kb-btn-global-outline  kt-btn-has-text-true kt-btn-has-svg-false  wp-block-kadence-singlebtn\" href=\"https:\/\/www.youtube.com\/watch?v=dp0AKykbuq0\" target=\"_blank\" rel=\"noreferrer noopener\"><span class=\"kt-btn-inner-text\">\u00c9couter, d\u00e9couvrir<\/span><\/a><\/div>\n","protected":false},"excerpt":{"rendered":"<p>Un concours international de piano pour les jeunes artistes autour d&rsquo;une musicienne d&rsquo;exception Image: H\u00e9l\u00e8ne de Montgeroult, Cours complet, partie 1, page 22 \u00ab\u00a0Quand elle joue, on croit entendre un chant vocal, accompagn\u00e9 par un orchestre dont le chanteur serait ma\u00eetre. Fran\u00e7ois Miel (1775-1842), critique d&rsquo;art et critique musical.<\/p>","protected":false},"author":1,"featured_media":0,"parent":0,"menu_order":0,"comment_status":"closed","ping_status":"closed","template":"","meta":{"_kad_post_transparent":"","_kad_post_title":"","_kad_post_layout":"","_kad_post_sidebar_id":"","_kad_post_content_style":"","_kad_post_vertical_padding":"","_kad_post_feature":"","_kad_post_feature_position":"","_kad_post_header":false,"_kad_post_footer":false,"_kad_post_classname":"","footnotes":""},"class_list":["post-28860","page","type-page","status-publish","hentry"],"_links":{"self":[{"href":"https:\/\/concourshelenedemontgeroult.ch\/en\/wp-json\/wp\/v2\/pages\/28860","targetHints":{"allow":["GET"]}}],"collection":[{"href":"https:\/\/concourshelenedemontgeroult.ch\/en\/wp-json\/wp\/v2\/pages"}],"about":[{"href":"https:\/\/concourshelenedemontgeroult.ch\/en\/wp-json\/wp\/v2\/types\/page"}],"author":[{"embeddable":true,"href":"https:\/\/concourshelenedemontgeroult.ch\/en\/wp-json\/wp\/v2\/users\/1"}],"replies":[{"embeddable":true,"href":"https:\/\/concourshelenedemontgeroult.ch\/en\/wp-json\/wp\/v2\/comments?post=28860"}],"version-history":[{"count":100,"href":"https:\/\/concourshelenedemontgeroult.ch\/en\/wp-json\/wp\/v2\/pages\/28860\/revisions"}],"predecessor-version":[{"id":31104,"href":"https:\/\/concourshelenedemontgeroult.ch\/en\/wp-json\/wp\/v2\/pages\/28860\/revisions\/31104"}],"wp:attachment":[{"href":"https:\/\/concourshelenedemontgeroult.ch\/en\/wp-json\/wp\/v2\/media?parent=28860"}],"curies":[{"name":"wp","href":"https:\/\/api.w.org\/{rel}","templated":true}]}}