{"id":28864,"date":"2022-01-20T10:36:36","date_gmt":"2022-01-20T09:36:36","guid":{"rendered":"https:\/\/concourshelenedemontgeroult.ch\/?page_id=28864"},"modified":"2024-12-10T09:24:16","modified_gmt":"2024-12-10T08:24:16","slug":"contact-2","status":"publish","type":"page","link":"https:\/\/concourshelenedemontgeroult.ch\/en\/contact-2\/","title":{"rendered":"Contact us"},"content":{"rendered":"<h1 class=\"wp-block-heading\" id=\"contactez-nous\">Contact us<\/h1>\n\n\n<style>.kb-row-layout-id28864_dcfbcb-30 > .kt-row-column-wrap{align-content:start;}:where(.kb-row-layout-id28864_dcfbcb-30 > .kt-row-column-wrap) > .wp-block-kadence-column{justify-content:start;}.kb-row-layout-id28864_dcfbcb-30 > .kt-row-column-wrap{column-gap:var(--global-kb-gap-md, 2rem);row-gap:var(--global-kb-gap-md, 2rem);padding-top:25px;padding-right:30px;padding-bottom:25px;padding-left:30px;grid-template-columns:minmax(0, 1fr);}.kb-row-layout-id28864_dcfbcb-30 > .kt-row-layout-overlay{opacity:0.30;}.kb-row-layout-id28864_dcfbcb-30 .kt-row-layout-bottom-sep{height:100px;}.kb-row-layout-id28864_dcfbcb-30 .kt-row-layout-bottom-sep svg{width:100%;}.kb-row-layout-id28864_dcfbcb-30 .kt-row-layout-bottom-sep svg{fill:#ffffff!important;}@media all and (max-width: 1024px){.kb-row-layout-id28864_dcfbcb-30 > .kt-row-column-wrap{grid-template-columns:minmax(0, 1fr);}}@media all and (max-width: 1024px){.kb-row-layout-id28864_dcfbcb-30 .kt-row-layout-bottom-sep{height:px;}}@media all and (max-width: 1024px){.kb-row-layout-id28864_dcfbcb-30 .kt-row-layout-bottom-sep svg{width:%;}}@media all and (max-width: 767px){.kb-row-layout-id28864_dcfbcb-30 > .kt-row-column-wrap{padding-top:50px;padding-right:15px;padding-bottom:50px;padding-left:15px;grid-template-columns:minmax(0, 1fr);}.kb-row-layout-id28864_dcfbcb-30 .kt-row-layout-bottom-sep{height:204px;}.kb-row-layout-id28864_dcfbcb-30 .kt-row-layout-bottom-sep svg{width:245%;}}<\/style><div class=\"kb-row-layout-wrap kb-row-layout-id28864_dcfbcb-30 alignnone wp-block-kadence-rowlayout\"><div class=\"kt-row-column-wrap kt-has-2-columns kt-row-layout-row kt-tab-layout-inherit kt-mobile-layout-row kt-row-valign-top\">\n<style>.kadence-column28864_a09340-df > .kt-inside-inner-col{padding-right:10px;padding-left:10px;}.kadence-column28864_a09340-df > .kt-inside-inner-col,.kadence-column28864_a09340-df > .kt-inside-inner-col:before{border-top-left-radius:0px;border-top-right-radius:0px;border-bottom-right-radius:0px;border-bottom-left-radius:0px;}.kadence-column28864_a09340-df > .kt-inside-inner-col{column-gap:var(--global-kb-gap-sm, 1rem);}.kadence-column28864_a09340-df > .kt-inside-inner-col{flex-direction:column;}.kadence-column28864_a09340-df > .kt-inside-inner-col > .aligncenter{width:100%;}.kadence-column28864_a09340-df > .kt-inside-inner-col{background-color:var(--global-palette7, #EDF2F7);}.kadence-column28864_a09340-df > .kt-inside-inner-col:before{opacity:0.3;}.kadence-column28864_a09340-df{position:relative;}.kadence-column28864_a09340-df, .kt-inside-inner-col > .kadence-column28864_a09340-df:not(.specificity){margin-right:10px;margin-left:10px;}@media all and (max-width: 1024px){.kadence-column28864_a09340-df > .kt-inside-inner-col{flex-direction:column;justify-content:center;}}@media all and (max-width: 767px){.kadence-column28864_a09340-df > .kt-inside-inner-col{padding-right:5px;padding-left:5px;flex-direction:column;justify-content:center;}.kadence-column28864_a09340-df{text-align:left;}.kadence-column28864_a09340-df, .kt-inside-inner-col > .kadence-column28864_a09340-df:not(.specificity){margin-right:5px;margin-left:5px;}}<\/style>\n<div class=\"wp-block-kadence-column kadence-column28864_a09340-df inner-column-1\"><div class=\"kt-inside-inner-col\">\n<p class=\"has-theme-palette-7-background-color has-background\">If you have a question about the Competition or our Association, a comment, a request to join the \"Association Concours H\u00e9l\u00e8ne de Montgeroult-de Nervo\", do not hesitate to contact us, we will be pleased to answer you. Registrations for the Piano Competition will be open from November 2022. <strong>question <\/strong>au sujet du Concours ou de notre Association, un commentaire, une <strong>demande d&rsquo;adh\u00e9sion<\/strong> \u00e0 l'\u00a0\u00bb<a href=\"https:\/\/concourshelenedemontgeroult.ch\/en\/association-concours-montgeroultch\/\">Association Concours H\u00e9l\u00e8ne de Montgeroult-de Nervo<\/a>\u00ab\u00a0, n&rsquo;h\u00e9sitez pas, contactez-nous, nous nous ferons un plaisir de vous r\u00e9pondre. <strong>Les inscriptions au <a href=\"https:\/\/concourshelenedemontgeroult.ch\/en\/concours-de-piano-2025\/\">Piano competition<\/a> seront ouvertes d\u00e8s le 1er mai 2025.<\/strong><\/p>\n<\/div><\/div>\n\n\n<style>.kadence-column28864_b804a3-3b > .kt-inside-inner-col{padding-top:20px;padding-right:10px;padding-bottom:20px;padding-left:10px;}.kadence-column28864_b804a3-3b > .kt-inside-inner-col,.kadence-column28864_b804a3-3b > .kt-inside-inner-col:before{border-top-left-radius:0px;border-top-right-radius:0px;border-bottom-right-radius:0px;border-bottom-left-radius:0px;}.kadence-column28864_b804a3-3b > .kt-inside-inner-col{column-gap:var(--global-kb-gap-sm, 1rem);}.kadence-column28864_b804a3-3b > .kt-inside-inner-col{flex-direction:column;}.kadence-column28864_b804a3-3b > .kt-inside-inner-col > .aligncenter{width:100%;}.kadence-column28864_b804a3-3b > .kt-inside-inner-col{background-color:var(--global-palette7, #EDF2F7);}.kadence-column28864_b804a3-3b > .kt-inside-inner-col:before{opacity:0.3;}.kadence-column28864_b804a3-3b{position:relative;}.kadence-column28864_b804a3-3b, .kt-inside-inner-col > .kadence-column28864_b804a3-3b:not(.specificity){margin-right:10px;margin-left:10px;}@media all and (max-width: 1024px){.kadence-column28864_b804a3-3b > .kt-inside-inner-col{flex-direction:column;justify-content:center;}}@media all and (max-width: 767px){.kadence-column28864_b804a3-3b > .kt-inside-inner-col{padding-top:5px;padding-right:0px;padding-bottom:5px;padding-left:0px;flex-direction:column;justify-content:center;}.kadence-column28864_b804a3-3b, .kt-inside-inner-col > .kadence-column28864_b804a3-3b:not(.specificity){margin-top:0px;margin-right:5px;margin-bottom:0px;margin-left:5px;}}<\/style>\n<div class=\"wp-block-kadence-column kadence-column28864_b804a3-3b inner-column-2\"><div class=\"kt-inside-inner-col\"><style>.kadence-form-_1e0b84-8b .kb-form .kadence-blocks-form-field .kb-text-style-field, .kadence-form-_1e0b84-8b .kb-form .kadence-blocks-form-field .kb-select-style-field{font-size:20px;line-height:20px;}.kadence-form-_1e0b84-8b .kb-form .kadence-blocks-form-field > label{letter-spacing:0.2px;padding-top:20px;padding-right:0px;padding-bottom:5px;padding-left:5px;margin-top:0px;margin-right:0px;margin-bottom:0px;margin-left:0px;}.kadence-form-_1e0b84-8b .kb-form .kadence-blocks-form-field .kb-forms-submit{color:#ffffff;background:var(--global-palette3, #1A202C);}.kadence-form-_1e0b84-8b .kb-form .kadence-blocks-form-field .kb-forms-submit{padding-top:9px;padding-right:9px;padding-bottom:9px;padding-left:9px;}.kadence-form-_1e0b84-8b .kadence-blocks-form-warning{color:var(--global-palette2, #2B6CB0);}.kadence-form-_1e0b84-8b .kadence-blocks-form-message, .kadence-form-_1e0b84-8b .kb-form-error-msg{font-size:30px;line-height:47px;}.kb-form input.kadence-blocks-field.verify{opacity:0.0;position:absolute;top:0.0;left:0.0;width:0.0;height:0.0;z-index:-1;}@media all and (max-width: 767px){.wp-block-kadence-form.kadence-form-_1e0b84-8b.kb-form-wrap{margin-right:0px;margin-left:0px;}.kadence-form-_1e0b84-8b .kb-form .kadence-blocks-form-field .kb-text-style-field, .kadence-form-_1e0b84-8b .kb-form .kadence-blocks-form-field .kb-select-style-field{font-size:13px;line-height:19px;}.kadence-form-_1e0b84-8b .kb-form .kadence-blocks-form-field > label{font-size:15px;line-height:15px;}.kadence-form-_1e0b84-8b .kb-form .kadence-blocks-form-field.kb-accept-form-field .kb-checkbox-style{font-size:15px;height:1em;}.kadence-form-_1e0b84-8b .kb-form .kadence-blocks-form-field .kb-forms-submit{padding-top:10px;padding-right:10px;padding-bottom:10px;padding-left:10px;margin-top:2px;margin-right:2px;margin-bottom:2px;margin-left:2px;}}<\/style>\n<div class=\"wp-block-kadence-form kadence-form-_1e0b84-8b kb-form-wrap kb-form-align-center\"><form class=\"kb-form\" action=\"\" method=\"post\" data-error-message=\"merci de remplir les champs obligatoires\" data-trp-original-action=\"\"><div class=\"kadence-blocks-form-field kb-field-desk-width-75 kb-field-mobile-width-80 kb-input-size-standard\"><label for=\"kb_field__1e0b84-8b_0\">Last name, first name<span class=\"required\">*<\/span><\/label><input name=\"kb_field_0\" id=\"kb_field__1e0b84-8b_0\" data-label=\"Nom Pr\u00e9nom\" type=\"text\" placeholder=\"\" value=\"\" data-type=\"text\" class=\"kb-field kb-text-style-field kb-text-field kb-field-0\" data-required=\"yes\"\/><\/div><div class=\"kadence-blocks-form-field kb-form-field-1 kb-field-desk-width-75 kb-input-size-standard\"><label for=\"kb_field__1e0b84-8b_1\">Email<span class=\"required\">*<\/span><\/label><input name=\"kb_field_1\" id=\"kb_field__1e0b84-8b_1\" data-label=\"Email\" type=\"email\" placeholder=\"\" value=\"\" data-type=\"email\" class=\"kb-field kb-text-style-field kb-email-field kb-field-1\" data-required=\"yes\"\/><\/div><div class=\"kadence-blocks-form-field kb-form-field-2 kb-field-desk-width-75 kb-field-mobile-width-50 kb-input-size-standard\"><label for=\"kb_field__1e0b84-8b_2\">What about<\/label><select name=\"kb_field_2\" id=\"kb_field__1e0b84-8b_2\" data-label=\"\u00c0 quel sujet\" type=\"select\" value=\"\" data-type=\"select\" class=\"kb-field kb-select-style-field kb-select-field kb-field-2\"><option value=\"Concours de piano\">Piano competition<\/option><option value=\"Association\">Association<\/option><option value=\"Autre\">more<\/option><option selected value=\"\"><\/option><\/select><span class=\"kb-field-help\">Select<\/span><\/div><div class=\"kadence-blocks-form-field kb-form-field-3 kb-field-desk-width-75 kb-input-size-standard\"><label for=\"kb_field__1e0b84-8b_3\">Your message<span class=\"required\">*<\/span><\/label><textarea name=\"kb_field_3\" id=\"kb_field__1e0b84-8b_3\" data-label=\"Message\" type=\"textarea\" placeholder=\"\" data-type=\"textarea\" class=\"kb-field kb-text-style-field kb-textarea-field kb-field-3\" rows=\"14\" data-required=\"yes\" data-required-message=\"vous n'avez pas \u00e9crit de message\"><\/textarea><\/div><input type=\"hidden\" name=\"_kb_form_id\" value=\"_1e0b84-8b\"\/><input type=\"hidden\" name=\"_kb_form_post_id\" value=\"28864\"\/><input type=\"hidden\" name=\"action\" value=\"kb_process_ajax_submit\"\/><label class=\"kadence-verify-label\">Email<input class=\"kadence-blocks-field verify\" type=\"text\" name=\"_kb_verify_email\" autocomplete=\"new-password\" aria-hidden=\"true\" placeholder=\"Email\" tabindex=\"-1\" data-1p-ignore=\"true\" data-lpignore=\"true\" \/><\/label><div class=\"kadence-blocks-form-field kb-submit-field kb-field-desk-width-40 kb-field-mobile-width-75\"><button class=\"kb-forms-submit button kb-button-size-custom kb-button-width-full\">Send<\/button><\/div><input type=\"hidden\" name=\"trp-form-language\" value=\"en\"\/><\/form><\/div>\n<noscript><div class=\"kadence-blocks-form-message kadence-blocks-form-warning\">Please enable JavaScript in your browser to submit the form<\/div><style>.kadence-form-_1e0b84-8b .kadence-blocks-form-field.kb-submit-field { display: none; }<\/style><\/noscript><\/div><\/div>\n\n<\/div><\/div>\n\n<style>.kb-row-layout-id28864_295c63-1e > .kt-row-column-wrap{align-content:start;}:where(.kb-row-layout-id28864_295c63-1e > .kt-row-column-wrap) > .wp-block-kadence-column{justify-content:start;}.kb-row-layout-id28864_295c63-1e > .kt-row-column-wrap{column-gap:var(--global-kb-gap-md, 2rem);row-gap:var(--global-kb-gap-md, 2rem);padding-top:var(--global-kb-spacing-sm, 1.5rem);padding-bottom:var(--global-kb-spacing-sm, 1.5rem);grid-template-columns:repeat(2, minmax(0, 1fr));}.kb-row-layout-id28864_295c63-1e > .kt-row-layout-overlay{opacity:0.30;}@media all and (max-width: 1024px){.kb-row-layout-id28864_295c63-1e > .kt-row-column-wrap{grid-template-columns:repeat(2, minmax(0, 1fr));}}@media all and (max-width: 767px){.kb-row-layout-id28864_295c63-1e > .kt-row-column-wrap{grid-template-columns:minmax(0, 1fr);}}<\/style><div class=\"kb-row-layout-wrap kb-row-layout-id28864_295c63-1e alignnone wp-block-kadence-rowlayout\"><div class=\"kt-row-column-wrap kt-has-2-columns kt-row-layout-equal kt-tab-layout-inherit kt-mobile-layout-row kt-row-valign-top\">\n<style>.kadence-column28864_5fce68-ca > .kt-inside-inner-col,.kadence-column28864_5fce68-ca > .kt-inside-inner-col:before{border-top-left-radius:0px;border-top-right-radius:0px;border-bottom-right-radius:0px;border-bottom-left-radius:0px;}.kadence-column28864_5fce68-ca > .kt-inside-inner-col{column-gap:var(--global-kb-gap-sm, 1rem);}.kadence-column28864_5fce68-ca > .kt-inside-inner-col{flex-direction:column;}.kadence-column28864_5fce68-ca > .kt-inside-inner-col > .aligncenter{width:100%;}.kadence-column28864_5fce68-ca > .kt-inside-inner-col{background-color:var(--global-palette7, #EDF2F7);}.kadence-column28864_5fce68-ca > .kt-inside-inner-col:before{opacity:0.3;}.kadence-column28864_5fce68-ca{position:relative;}@media all and (max-width: 1024px){.kadence-column28864_5fce68-ca > .kt-inside-inner-col{flex-direction:column;justify-content:center;}}@media all and (max-width: 767px){.kadence-column28864_5fce68-ca > .kt-inside-inner-col{flex-direction:column;justify-content:center;}}<\/style>\n<div class=\"wp-block-kadence-column kadence-column28864_5fce68-ca inner-column-1\"><div class=\"kt-inside-inner-col\"><\/div><\/div>\n\n\n<style>.kadence-column28864_3e467c-26 > .kt-inside-inner-col,.kadence-column28864_3e467c-26 > .kt-inside-inner-col:before{border-top-left-radius:0px;border-top-right-radius:0px;border-bottom-right-radius:0px;border-bottom-left-radius:0px;}.kadence-column28864_3e467c-26 > .kt-inside-inner-col{column-gap:var(--global-kb-gap-sm, 1rem);}.kadence-column28864_3e467c-26 > .kt-inside-inner-col{flex-direction:column;}.kadence-column28864_3e467c-26 > .kt-inside-inner-col > .aligncenter{width:100%;}.kadence-column28864_3e467c-26 > .kt-inside-inner-col{background-color:var(--global-palette7, #EDF2F7);}.kadence-column28864_3e467c-26 > .kt-inside-inner-col:before{opacity:0.3;}.kadence-column28864_3e467c-26{position:relative;}@media all and (max-width: 1024px){.kadence-column28864_3e467c-26 > .kt-inside-inner-col{flex-direction:column;justify-content:center;}}@media all and (max-width: 767px){.kadence-column28864_3e467c-26 > .kt-inside-inner-col{flex-direction:column;justify-content:center;}}<\/style>\n<div class=\"wp-block-kadence-column kadence-column28864_3e467c-26 inner-column-2\"><div class=\"kt-inside-inner-col\"><\/div><\/div>\n\n<\/div><\/div>\n\n\n<p><\/p>","protected":false},"excerpt":{"rendered":"<p>Contactez-nous Une question au sujet du Concours ou de notre Association, un commentaire, une demande d&rsquo;adh\u00e9sion \u00e0 l&rsquo;\u00a0\u00bbAssociation Concours H\u00e9l\u00e8ne de Montgeroult-de Nervo\u00ab\u00a0, n&rsquo;h\u00e9sitez pas, contactez-nous, nous nous ferons un plaisir de vous r\u00e9pondre. Les inscriptions au Concours de piano seront ouvertes d\u00e8s le 1er mai 2025.<\/p>","protected":false},"author":1,"featured_media":0,"parent":0,"menu_order":0,"comment_status":"closed","ping_status":"closed","template":"","meta":{"_kad_post_transparent":"","_kad_post_title":"","_kad_post_layout":"","_kad_post_sidebar_id":"","_kad_post_content_style":"","_kad_post_vertical_padding":"","_kad_post_feature":"","_kad_post_feature_position":"","_kad_post_header":false,"_kad_post_footer":false,"_kad_post_classname":"","footnotes":""},"class_list":["post-28864","page","type-page","status-publish","hentry"],"_links":{"self":[{"href":"https:\/\/concourshelenedemontgeroult.ch\/en\/wp-json\/wp\/v2\/pages\/28864","targetHints":{"allow":["GET"]}}],"collection":[{"href":"https:\/\/concourshelenedemontgeroult.ch\/en\/wp-json\/wp\/v2\/pages"}],"about":[{"href":"https:\/\/concourshelenedemontgeroult.ch\/en\/wp-json\/wp\/v2\/types\/page"}],"author":[{"embeddable":true,"href":"https:\/\/concourshelenedemontgeroult.ch\/en\/wp-json\/wp\/v2\/users\/1"}],"replies":[{"embeddable":true,"href":"https:\/\/concourshelenedemontgeroult.ch\/en\/wp-json\/wp\/v2\/comments?post=28864"}],"version-history":[{"count":20,"href":"https:\/\/concourshelenedemontgeroult.ch\/en\/wp-json\/wp\/v2\/pages\/28864\/revisions"}],"predecessor-version":[{"id":30922,"href":"https:\/\/concourshelenedemontgeroult.ch\/en\/wp-json\/wp\/v2\/pages\/28864\/revisions\/30922"}],"wp:attachment":[{"href":"https:\/\/concourshelenedemontgeroult.ch\/en\/wp-json\/wp\/v2\/media?parent=28864"}],"curies":[{"name":"wp","href":"https:\/\/api.w.org\/{rel}","templated":true}]}}