{"id":29205,"date":"2022-01-30T10:44:16","date_gmt":"2022-01-30T09:44:16","guid":{"rendered":"https:\/\/concourshelenedemontgeroult.ch\/?page_id=29205"},"modified":"2025-04-28T21:47:55","modified_gmt":"2025-04-28T19:47:55","slug":"comite","status":"publish","type":"page","link":"https:\/\/concourshelenedemontgeroult.ch\/en\/comite\/","title":{"rendered":"Board"},"content":{"rendered":"<h1 class=\"wp-block-heading\" id=\"comite\">Conseill\u00e8re d&rsquo;\u00c9tat \u00e9m\u00e9rite et pianistes, les membres du comit\u00e9&nbsp;sont tous peu ou prou apparent\u00e9s \u00e0 H\u00e9l\u00e8ne de Nervo<\/h1>\n\n\n\n<h1 class=\"wp-block-heading\" id=\"membres-fondateurs\"><\/h1>\n\n\n<style>.kb-row-layout-id29205_699c74-f9 > .kt-row-column-wrap{align-content:start;}:where(.kb-row-layout-id29205_699c74-f9 > .kt-row-column-wrap) > .wp-block-kadence-column{justify-content:start;}.kb-row-layout-id29205_699c74-f9 > .kt-row-column-wrap{column-gap:var(--global-kb-gap-md, 2rem);row-gap:var(--global-kb-gap-md, 2rem);padding-top:var(--global-kb-spacing-sm, 1.5rem);padding-bottom:var(--global-kb-spacing-sm, 1.5rem);}.kb-row-layout-id29205_699c74-f9 > .kt-row-column-wrap > div:not(.added-for-specificity){grid-column:initial;}.kb-row-layout-id29205_699c74-f9 > .kt-row-column-wrap{grid-template-columns:repeat(5, minmax(0, 1fr));}.kb-row-layout-id29205_699c74-f9 > .kt-row-layout-overlay{opacity:0.30;}@media all and (max-width: 1024px){.kb-row-layout-id29205_699c74-f9 > .kt-row-column-wrap > div:not(.added-for-specificity){grid-column:initial;}}@media all and (max-width: 1024px){.kb-row-layout-id29205_699c74-f9 > .kt-row-column-wrap{grid-template-columns:repeat(5, minmax(0, 1fr));}}@media all and (max-width: 767px){.kb-row-layout-id29205_699c74-f9 > .kt-row-column-wrap > div:not(.added-for-specificity){grid-column:initial;}.kb-row-layout-id29205_699c74-f9 > .kt-row-column-wrap{grid-template-columns:minmax(0, 1fr);}}<\/style><div class=\"kb-row-layout-wrap kb-row-layout-id29205_699c74-f9 alignnone wp-block-kadence-rowlayout\"><div class=\"kt-row-column-wrap kt-has-5-columns kt-row-layout-equal kt-tab-layout-inherit kt-mobile-layout-row kt-row-valign-top\">\n<style>.kadence-column29205_08c38b-ca > .kt-inside-inner-col{display:flex;}.kadence-column29205_08c38b-ca > .kt-inside-inner-col{padding-top:10px;padding-right:10px;padding-bottom:10px;padding-left:10px;}.kadence-column29205_08c38b-ca > .kt-inside-inner-col,.kadence-column29205_08c38b-ca > .kt-inside-inner-col:before{border-top-left-radius:0px;border-top-right-radius:0px;border-bottom-right-radius:0px;border-bottom-left-radius:0px;}.kadence-column29205_08c38b-ca > .kt-inside-inner-col{column-gap:var(--global-kb-gap-sm, 1rem);}.kadence-column29205_08c38b-ca > .kt-inside-inner-col{flex-direction:column;justify-content:flex-start;}.kadence-column29205_08c38b-ca > .kt-inside-inner-col > .aligncenter{width:100%;}.kt-row-column-wrap > .kadence-column29205_08c38b-ca{align-self:flex-start;}.kt-inner-column-height-full:not(.kt-has-1-columns) > .wp-block-kadence-column.kadence-column29205_08c38b-ca{align-self:auto;}.kt-inner-column-height-full:not(.kt-has-1-columns) > .wp-block-kadence-column.kadence-column29205_08c38b-ca > .kt-inside-inner-col{flex-direction:column;justify-content:flex-start;}.kadence-column29205_08c38b-ca > .kt-inside-inner-col{background-color:var(--global-palette7, #EDF2F7);}.kadence-column29205_08c38b-ca > .kt-inside-inner-col:before{opacity:0.3;}.kadence-column29205_08c38b-ca{position:relative;}@media all and (max-width: 1024px){.kt-row-column-wrap > .kadence-column29205_08c38b-ca{align-self:flex-start;}}@media all and (max-width: 1024px){.kt-inner-column-height-full:not(.kt-has-1-columns) > .wp-block-kadence-column.kadence-column29205_08c38b-ca{align-self:auto;}}@media all and (max-width: 1024px){.kt-inner-column-height-full:not(.kt-has-1-columns) > .wp-block-kadence-column.kadence-column29205_08c38b-ca > .kt-inside-inner-col{flex-direction:column;justify-content:flex-start;}}@media all and (max-width: 1024px){.kadence-column29205_08c38b-ca > .kt-inside-inner-col{flex-direction:column;justify-content:flex-start;}}@media all and (max-width: 767px){.kt-row-column-wrap > .kadence-column29205_08c38b-ca{align-self:flex-start;}.kt-inner-column-height-full:not(.kt-has-1-columns) > .wp-block-kadence-column.kadence-column29205_08c38b-ca{align-self:auto;}.kt-inner-column-height-full:not(.kt-has-1-columns) > .wp-block-kadence-column.kadence-column29205_08c38b-ca > .kt-inside-inner-col{flex-direction:column;justify-content:flex-start;}.kadence-column29205_08c38b-ca > .kt-inside-inner-col{flex-direction:column;justify-content:flex-start;}}<\/style>\n<div class=\"wp-block-kadence-column kadence-column29205_08c38b-ca inner-column-1\"><div class=\"kt-inside-inner-col\">\n<h3 class=\"wp-block-heading\" id=\"jean-claude-denervaud\">Jean-Claude D\u00e9nervaud      <\/h3>\n\n\n<div class=\"wp-block-image is-resized is-style-rounded\">\n<figure class=\"aligncenter size-medium\"><img loading=\"lazy\" decoding=\"async\" width=\"300\" height=\"300\" src=\"https:\/\/concourshelenedemontgeroult.ch\/wp-content\/uploads\/2022\/02\/JeanClaudeDenervaud2-1-300x300.jpg\" alt=\"\" class=\"wp-image-29358\" srcset=\"https:\/\/concourshelenedemontgeroult.ch\/wp-content\/uploads\/2022\/02\/JeanClaudeDenervaud2-1-300x300.jpg 300w, https:\/\/concourshelenedemontgeroult.ch\/wp-content\/uploads\/2022\/02\/JeanClaudeDenervaud2-1-150x150.jpg 150w, https:\/\/concourshelenedemontgeroult.ch\/wp-content\/uploads\/2022\/02\/JeanClaudeDenervaud2-1.jpg 464w\" sizes=\"auto, (max-width: 300px) 100vw, 300px\" \/><\/figure>\n<\/div>\n\n\n<p>Pianist, concert performer<\/p>\n\n\n\n<p class=\"translation-block\">Teacher at the <a href=\"https:\/\/www.fr.ch\/cof\" target=\"_blank\" data-type=\"URL\" data-id=\"https:\/\/www.fr.ch\/cof\" rel=\"noreferrer noopener\">Conservatoire<\/a> de Fribourg<\/p>\n\n\n\n<p id=\"president\" style=\"font-size:17px\"><em><strong>President<\/strong><\/em><\/p>\n<\/div><\/div>\n\n\n<style>.kadence-column29205_46a139-32 > .kt-inside-inner-col{display:flex;}.kadence-column29205_46a139-32 > .kt-inside-inner-col{padding-top:10px;padding-right:10px;padding-bottom:5px;padding-left:10px;}.kadence-column29205_46a139-32 > .kt-inside-inner-col,.kadence-column29205_46a139-32 > .kt-inside-inner-col:before{border-top-left-radius:0px;border-top-right-radius:0px;border-bottom-right-radius:0px;border-bottom-left-radius:0px;}.kadence-column29205_46a139-32 > .kt-inside-inner-col{column-gap:var(--global-kb-gap-sm, 1rem);}.kadence-column29205_46a139-32 > .kt-inside-inner-col{flex-direction:column;justify-content:flex-start;}.kadence-column29205_46a139-32 > .kt-inside-inner-col > .aligncenter{width:100%;}.kt-row-column-wrap > .kadence-column29205_46a139-32{align-self:flex-start;}.kt-inner-column-height-full:not(.kt-has-1-columns) > .wp-block-kadence-column.kadence-column29205_46a139-32{align-self:auto;}.kt-inner-column-height-full:not(.kt-has-1-columns) > .wp-block-kadence-column.kadence-column29205_46a139-32 > .kt-inside-inner-col{flex-direction:column;justify-content:flex-start;}.kadence-column29205_46a139-32 > .kt-inside-inner-col{background-color:var(--global-palette7, #EDF2F7);}.kadence-column29205_46a139-32 > .kt-inside-inner-col:before{opacity:0.3;}.kadence-column29205_46a139-32{position:relative;}@media all and (max-width: 1024px){.kt-row-column-wrap > .kadence-column29205_46a139-32{align-self:flex-start;}}@media all and (max-width: 1024px){.kt-inner-column-height-full:not(.kt-has-1-columns) > .wp-block-kadence-column.kadence-column29205_46a139-32{align-self:auto;}}@media all and (max-width: 1024px){.kt-inner-column-height-full:not(.kt-has-1-columns) > .wp-block-kadence-column.kadence-column29205_46a139-32 > .kt-inside-inner-col{flex-direction:column;justify-content:flex-start;}}@media all and (max-width: 1024px){.kadence-column29205_46a139-32 > .kt-inside-inner-col{flex-direction:column;justify-content:flex-start;}}@media all and (max-width: 767px){.kt-row-column-wrap > .kadence-column29205_46a139-32{align-self:flex-start;}.kt-inner-column-height-full:not(.kt-has-1-columns) > .wp-block-kadence-column.kadence-column29205_46a139-32{align-self:auto;}.kt-inner-column-height-full:not(.kt-has-1-columns) > .wp-block-kadence-column.kadence-column29205_46a139-32 > .kt-inside-inner-col{flex-direction:column;justify-content:flex-start;}.kadence-column29205_46a139-32 > .kt-inside-inner-col{flex-direction:column;justify-content:flex-start;}}<\/style>\n<div class=\"wp-block-kadence-column kadence-column29205_46a139-32 inner-column-2\"><div class=\"kt-inside-inner-col\">\n<h3 class=\"wp-block-heading\" id=\"guy-fasel\">Guy Fasel            <\/h3>\n\n\n<div class=\"wp-block-image is-resized is-style-rounded\">\n<figure class=\"aligncenter size-medium\"><img loading=\"lazy\" decoding=\"async\" width=\"300\" height=\"300\" src=\"https:\/\/concourshelenedemontgeroult.ch\/wp-content\/uploads\/2022\/02\/guyfasel-300x300.jpg\" alt=\"Guy Fasel, vice-pr\u00e9sident de l'association Concours H\u00e9l\u00e8ne de Montgeroult\" class=\"wp-image-29294\" srcset=\"https:\/\/concourshelenedemontgeroult.ch\/wp-content\/uploads\/2022\/02\/guyfasel-300x300.jpg 300w, https:\/\/concourshelenedemontgeroult.ch\/wp-content\/uploads\/2022\/02\/guyfasel-150x150.jpg 150w, https:\/\/concourshelenedemontgeroult.ch\/wp-content\/uploads\/2022\/02\/guyfasel.jpg 640w\" sizes=\"auto, (max-width: 300px) 100vw, 300px\" \/><\/figure>\n<\/div>\n\n\n<p>Pianist<\/p>\n\n\n\n<p>Passionate pedagogue<\/p>\n\n\n\n<p>Professeur retrait\u00e9 du <a href=\"https:\/\/www.fr.ch\/cof\" data-type=\"URL\" data-id=\"https:\/\/www.fr.ch\/cof\" target=\"_blank\" rel=\"noreferrer noopener\">Conservatoire<\/a> de Fribourg<\/p>\n\n\n\n<p id=\"vice-president-tresorier\" style=\"font-size:17px\"><strong><em>Vice-President, Treasurer<\/em><\/strong><\/p>\n<\/div><\/div>\n\n\n<style>.kadence-column29205_c7c6df-b0 > .kt-inside-inner-col{display:flex;}.kadence-column29205_c7c6df-b0 > .kt-inside-inner-col{padding-top:0px;padding-right:10px;padding-bottom:38px;padding-left:10px;}.kadence-column29205_c7c6df-b0 > .kt-inside-inner-col,.kadence-column29205_c7c6df-b0 > .kt-inside-inner-col:before{border-top-left-radius:0px;border-top-right-radius:0px;border-bottom-right-radius:0px;border-bottom-left-radius:0px;}.kadence-column29205_c7c6df-b0 > .kt-inside-inner-col{column-gap:var(--global-kb-gap-sm, 1rem);}.kadence-column29205_c7c6df-b0 > .kt-inside-inner-col{flex-direction:column;justify-content:flex-start;}.kadence-column29205_c7c6df-b0 > .kt-inside-inner-col > .aligncenter{width:100%;}.kt-row-column-wrap > .kadence-column29205_c7c6df-b0{align-self:flex-start;}.kt-inner-column-height-full:not(.kt-has-1-columns) > .wp-block-kadence-column.kadence-column29205_c7c6df-b0{align-self:auto;}.kt-inner-column-height-full:not(.kt-has-1-columns) > .wp-block-kadence-column.kadence-column29205_c7c6df-b0 > .kt-inside-inner-col{flex-direction:column;justify-content:flex-start;}.kadence-column29205_c7c6df-b0 > .kt-inside-inner-col{background-color:var(--global-palette7, #EDF2F7);}.kadence-column29205_c7c6df-b0 > .kt-inside-inner-col:before{opacity:0.3;}.kadence-column29205_c7c6df-b0{position:relative;}.kadence-column29205_c7c6df-b0, .kt-inside-inner-col > .kadence-column29205_c7c6df-b0:not(.specificity){margin-bottom:0px;}@media all and (max-width: 1024px){.kt-row-column-wrap > .kadence-column29205_c7c6df-b0{align-self:flex-start;}}@media all and (max-width: 1024px){.kt-inner-column-height-full:not(.kt-has-1-columns) > .wp-block-kadence-column.kadence-column29205_c7c6df-b0{align-self:auto;}}@media all and (max-width: 1024px){.kt-inner-column-height-full:not(.kt-has-1-columns) > .wp-block-kadence-column.kadence-column29205_c7c6df-b0 > .kt-inside-inner-col{flex-direction:column;justify-content:flex-start;}}@media all and (max-width: 1024px){.kadence-column29205_c7c6df-b0 > .kt-inside-inner-col{flex-direction:column;justify-content:flex-start;}}@media all and (max-width: 767px){.kt-row-column-wrap > .kadence-column29205_c7c6df-b0{align-self:flex-start;}.kt-inner-column-height-full:not(.kt-has-1-columns) > .wp-block-kadence-column.kadence-column29205_c7c6df-b0{align-self:auto;}.kt-inner-column-height-full:not(.kt-has-1-columns) > .wp-block-kadence-column.kadence-column29205_c7c6df-b0 > .kt-inside-inner-col{flex-direction:column;justify-content:flex-start;}.kadence-column29205_c7c6df-b0 > .kt-inside-inner-col{flex-direction:column;justify-content:flex-start;}}<\/style>\n<div class=\"wp-block-kadence-column kadence-column29205_c7c6df-b0 inner-column-4\"><div class=\"kt-inside-inner-col\">\n<h3 class=\"wp-block-heading\" id=\"marlyse-fasel\" style=\"line-height:2.4\">Marlyse Fasel<\/h3>\n\n\n<div class=\"wp-block-image is-resized is-style-rounded\">\n<figure class=\"aligncenter size-medium\"><img loading=\"lazy\" decoding=\"async\" width=\"300\" height=\"300\" src=\"https:\/\/concourshelenedemontgeroult.ch\/wp-content\/uploads\/2022\/05\/portraitbarroux2.avril22-Copie-2-300x300.png\" alt=\"Marlyse Fasel, secr\u00e9taire de l'association Concours H\u00e9l\u00e8ne de Montgeroult\" class=\"wp-image-29670\" srcset=\"https:\/\/concourshelenedemontgeroult.ch\/wp-content\/uploads\/2022\/05\/portraitbarroux2.avril22-Copie-2-300x300.png 300w, https:\/\/concourshelenedemontgeroult.ch\/wp-content\/uploads\/2022\/05\/portraitbarroux2.avril22-Copie-2-150x150.png 150w, https:\/\/concourshelenedemontgeroult.ch\/wp-content\/uploads\/2022\/05\/portraitbarroux2.avril22-Copie-2.png 479w\" sizes=\"auto, (max-width: 300px) 100vw, 300px\" \/><\/figure>\n<\/div>\n\n\n<p>Pianist<\/p>\n\n\n\n<p>Professeure retrait\u00e9e du <a href=\"https:\/\/www.fr.ch\/cof\" data-type=\"URL\" data-id=\"https:\/\/www.fr.ch\/cof\" target=\"_blank\" rel=\"noopener\">Conservatoire de Fribourg<\/a><\/p>\n\n\n\n<p id=\"secretaire\" style=\"font-size:17px\"><strong><em>Secretary<\/em><\/strong>, <strong><em>coordinatrice du Concours<\/em><\/strong><\/p>\n<\/div><\/div>\n\n\n<style>.kadence-column29205_eb41a3-1e > .kt-inside-inner-col{display:flex;}.kadence-column29205_eb41a3-1e > .kt-inside-inner-col{padding-top:10px;padding-right:10px;padding-bottom:10px;padding-left:10px;}.kadence-column29205_eb41a3-1e > .kt-inside-inner-col,.kadence-column29205_eb41a3-1e > .kt-inside-inner-col:before{border-top-left-radius:0px;border-top-right-radius:0px;border-bottom-right-radius:0px;border-bottom-left-radius:0px;}.kadence-column29205_eb41a3-1e > .kt-inside-inner-col{column-gap:var(--global-kb-gap-sm, 1rem);}.kadence-column29205_eb41a3-1e > .kt-inside-inner-col{flex-direction:column;justify-content:flex-start;}.kadence-column29205_eb41a3-1e > .kt-inside-inner-col > .aligncenter{width:100%;}.kt-row-column-wrap > .kadence-column29205_eb41a3-1e{align-self:flex-start;}.kt-inner-column-height-full:not(.kt-has-1-columns) > .wp-block-kadence-column.kadence-column29205_eb41a3-1e{align-self:auto;}.kt-inner-column-height-full:not(.kt-has-1-columns) > .wp-block-kadence-column.kadence-column29205_eb41a3-1e > .kt-inside-inner-col{flex-direction:column;justify-content:flex-start;}.kadence-column29205_eb41a3-1e > .kt-inside-inner-col{background-color:var(--global-palette7, #EDF2F7);}.kadence-column29205_eb41a3-1e > .kt-inside-inner-col:before{opacity:0.3;}.kadence-column29205_eb41a3-1e{position:relative;}@media all and (max-width: 1024px){.kt-row-column-wrap > .kadence-column29205_eb41a3-1e{align-self:flex-start;}}@media all and (max-width: 1024px){.kt-inner-column-height-full:not(.kt-has-1-columns) > .wp-block-kadence-column.kadence-column29205_eb41a3-1e{align-self:auto;}}@media all and (max-width: 1024px){.kt-inner-column-height-full:not(.kt-has-1-columns) > .wp-block-kadence-column.kadence-column29205_eb41a3-1e > .kt-inside-inner-col{flex-direction:column;justify-content:flex-start;}}@media all and (max-width: 1024px){.kadence-column29205_eb41a3-1e > .kt-inside-inner-col{flex-direction:column;justify-content:flex-start;}}@media all and (max-width: 767px){.kt-row-column-wrap > .kadence-column29205_eb41a3-1e{align-self:flex-start;}.kt-inner-column-height-full:not(.kt-has-1-columns) > .wp-block-kadence-column.kadence-column29205_eb41a3-1e{align-self:auto;}.kt-inner-column-height-full:not(.kt-has-1-columns) > .wp-block-kadence-column.kadence-column29205_eb41a3-1e > .kt-inside-inner-col{flex-direction:column;justify-content:flex-start;}.kadence-column29205_eb41a3-1e > .kt-inside-inner-col{flex-direction:column;justify-content:flex-start;}}<\/style>\n<div class=\"wp-block-kadence-column kadence-column29205_eb41a3-1e inner-column-3\"><div class=\"kt-inside-inner-col\">\n<h3 class=\"wp-block-heading\" id=\"roselyne-crausaz\">Roselyne Crausaz<\/h3>\n\n\n<div class=\"wp-block-image is-resized is-style-rounded\">\n<figure class=\"aligncenter size-medium\"><img loading=\"lazy\" decoding=\"async\" width=\"300\" height=\"300\" src=\"https:\/\/concourshelenedemontgeroult.ch\/wp-content\/uploads\/2022\/02\/roselinecrausaz1-300x300.jpg\" alt=\"\" class=\"wp-image-29296\" srcset=\"https:\/\/concourshelenedemontgeroult.ch\/wp-content\/uploads\/2022\/02\/roselinecrausaz1-300x300.jpg 300w, https:\/\/concourshelenedemontgeroult.ch\/wp-content\/uploads\/2022\/02\/roselinecrausaz1-1024x1024.jpg 1024w, https:\/\/concourshelenedemontgeroult.ch\/wp-content\/uploads\/2022\/02\/roselinecrausaz1-150x150.jpg 150w, https:\/\/concourshelenedemontgeroult.ch\/wp-content\/uploads\/2022\/02\/roselinecrausaz1-768x768.jpg 768w, https:\/\/concourshelenedemontgeroult.ch\/wp-content\/uploads\/2022\/02\/roselinecrausaz1-1536x1536.jpg 1536w, https:\/\/concourshelenedemontgeroult.ch\/wp-content\/uploads\/2022\/02\/roselinecrausaz1-2048x2048.jpg 2048w\" sizes=\"auto, (max-width: 300px) 100vw, 300px\" \/><\/figure>\n<\/div>\n\n\n<p><a href=\"https:\/\/www.fr.ch\/etat-et-droit\/gouvernement-et-administration\/roselyne-crausaz-ancienne-conseillere-detat\" data-type=\"URL\" data-id=\"https:\/\/www.fr.ch\/etat-et-droit\/gouvernement-et-administration\/roselyne-crausaz-ancienne-conseillere-detat\" target=\"_blank\" rel=\"noreferrer noopener\">Retired State Concillor<\/a><\/p>\n\n\n\n<p>Economist<\/p>\n\n\n\n<p class=\"translation-block\">President of the association \u00ab\u00a0<a rel=\"noreferrer noopener\" href=\"https:\/\/illens.ch\/\" target=\"_blank\">Ch\u00e2teau d\u2019Illens, Fribourg (CH)<\/a>\u00a0\u00bb<\/p>\n<\/div><\/div>\n\n\n<style>.kadence-column29205_83dc37-d1 > .kt-inside-inner-col{padding-right:10px;padding-left:10px;}.kadence-column29205_83dc37-d1 > .kt-inside-inner-col,.kadence-column29205_83dc37-d1 > .kt-inside-inner-col:before{border-top-left-radius:0px;border-top-right-radius:0px;border-bottom-right-radius:0px;border-bottom-left-radius:0px;}.kadence-column29205_83dc37-d1 > .kt-inside-inner-col{column-gap:var(--global-kb-gap-sm, 1rem);}.kadence-column29205_83dc37-d1 > .kt-inside-inner-col{flex-direction:column;}.kadence-column29205_83dc37-d1 > .kt-inside-inner-col > .aligncenter{width:100%;}.kadence-column29205_83dc37-d1 > .kt-inside-inner-col{background-color:var(--global-palette7, #EDF2F7);}.kadence-column29205_83dc37-d1 > .kt-inside-inner-col:before{opacity:0.3;}.kadence-column29205_83dc37-d1{position:relative;}@media all and (max-width: 1024px){.kadence-column29205_83dc37-d1 > .kt-inside-inner-col{flex-direction:column;justify-content:center;}}@media all and (max-width: 767px){.kadence-column29205_83dc37-d1 > .kt-inside-inner-col{flex-direction:column;justify-content:center;}}<\/style>\n<div class=\"wp-block-kadence-column kadence-column29205_83dc37-d1\"><div class=\"kt-inside-inner-col\">\n<h3 class=\"wp-block-heading\">Solstice D\u00e9nervaud<\/h3>\n\n\n<div class=\"wp-block-image is-resized is-style-rounded\">\n<figure class=\"aligncenter size-medium\" id=\"solstice-denervaud\"><img loading=\"lazy\" decoding=\"async\" width=\"300\" height=\"300\" src=\"https:\/\/concourshelenedemontgeroult.ch\/wp-content\/uploads\/2022\/02\/Solstice_Ishtar-Music-017carrenb-300x300.jpg\" alt=\"portrait solstice denervaud\" class=\"wp-image-29412\" srcset=\"https:\/\/concourshelenedemontgeroult.ch\/wp-content\/uploads\/2022\/02\/Solstice_Ishtar-Music-017carrenb-300x300.jpg 300w, https:\/\/concourshelenedemontgeroult.ch\/wp-content\/uploads\/2022\/02\/Solstice_Ishtar-Music-017carrenb-1024x1024.jpg 1024w, https:\/\/concourshelenedemontgeroult.ch\/wp-content\/uploads\/2022\/02\/Solstice_Ishtar-Music-017carrenb-150x150.jpg 150w, https:\/\/concourshelenedemontgeroult.ch\/wp-content\/uploads\/2022\/02\/Solstice_Ishtar-Music-017carrenb-768x768.jpg 768w, https:\/\/concourshelenedemontgeroult.ch\/wp-content\/uploads\/2022\/02\/Solstice_Ishtar-Music-017carrenb-1536x1536.jpg 1536w, https:\/\/concourshelenedemontgeroult.ch\/wp-content\/uploads\/2022\/02\/Solstice_Ishtar-Music-017carrenb-2048x2048.jpg 2048w\" sizes=\"auto, (max-width: 300px) 100vw, 300px\" \/><\/figure>\n<\/div>\n\n\n<p class=\"has-text-align-left\">Artistic agent and organiser of contemporary music shows throughout Switzerland<\/p>\n\n\n\n<p>Directrice de <a href=\"https:\/\/www.ishtarmusic.com\/\" target=\"_blank\" rel=\"noopener\">Ishtar music S\u00e0rl<\/a><\/p>\n<\/div><\/div>\n\n<\/div><\/div>\n\n\n<p><\/p>","protected":false},"excerpt":{"rendered":"<p>Conseill\u00e8re d&rsquo;\u00c9tat \u00e9m\u00e9rite et pianistes, les membres du comit\u00e9&nbsp;sont tous peu ou prou apparent\u00e9s \u00e0 H\u00e9l\u00e8ne de Nervo Jean-Claude D\u00e9nervaud Pianiste, concertiste Professeur au Conservatoire de Fribourg Pr\u00e9sident Guy Fasel Pianiste P\u00e9dagogue passionn\u00e9 Professeur retrait\u00e9 du Conservatoire de Fribourg Vice-pr\u00e9sident, tr\u00e9sorier Marlyse Fasel Pianiste Professeure retrait\u00e9e du Conservatoire de Fribourg Secr\u00e9taire, coordinatrice du Concours Roselyne&#8230;<\/p>","protected":false},"author":1,"featured_media":0,"parent":0,"menu_order":0,"comment_status":"closed","ping_status":"closed","template":"","meta":{"_kad_post_transparent":"","_kad_post_title":"","_kad_post_layout":"","_kad_post_sidebar_id":"","_kad_post_content_style":"","_kad_post_vertical_padding":"","_kad_post_feature":"","_kad_post_feature_position":"","_kad_post_header":false,"_kad_post_footer":false,"_kad_post_classname":"","footnotes":""},"class_list":["post-29205","page","type-page","status-publish","hentry"],"_links":{"self":[{"href":"https:\/\/concourshelenedemontgeroult.ch\/en\/wp-json\/wp\/v2\/pages\/29205","targetHints":{"allow":["GET"]}}],"collection":[{"href":"https:\/\/concourshelenedemontgeroult.ch\/en\/wp-json\/wp\/v2\/pages"}],"about":[{"href":"https:\/\/concourshelenedemontgeroult.ch\/en\/wp-json\/wp\/v2\/types\/page"}],"author":[{"embeddable":true,"href":"https:\/\/concourshelenedemontgeroult.ch\/en\/wp-json\/wp\/v2\/users\/1"}],"replies":[{"embeddable":true,"href":"https:\/\/concourshelenedemontgeroult.ch\/en\/wp-json\/wp\/v2\/comments?post=29205"}],"version-history":[{"count":60,"href":"https:\/\/concourshelenedemontgeroult.ch\/en\/wp-json\/wp\/v2\/pages\/29205\/revisions"}],"predecessor-version":[{"id":31053,"href":"https:\/\/concourshelenedemontgeroult.ch\/en\/wp-json\/wp\/v2\/pages\/29205\/revisions\/31053"}],"wp:attachment":[{"href":"https:\/\/concourshelenedemontgeroult.ch\/en\/wp-json\/wp\/v2\/media?parent=29205"}],"curies":[{"name":"wp","href":"https:\/\/api.w.org\/{rel}","templated":true}]}}