{"id":36,"date":"2017-02-16T09:13:19","date_gmt":"2017-02-16T08:13:19","guid":{"rendered":"http:\/\/mxajfmgl.preview.infomaniak.website\/?page_id=36"},"modified":"2022-10-07T09:46:45","modified_gmt":"2022-10-07T07:46:45","slug":"helene-de-montgeroult","status":"publish","type":"page","link":"https:\/\/concourshelenedemontgeroult.ch\/en\/helene-de-montgeroult\/","title":{"rendered":"H\u00e9l\u00e8ne de Montgeroult (1764-1836)"},"content":{"rendered":"<h1 class=\"has-text-align-center wp-block-heading\" id=\"helene-de-montgeroult\">H\u00e9l\u00e8ne de Montgeroult (1764-1836)<\/h1>\n\n\n<style>.kb-image_afaa8b-4b.kb-image-is-ratio-size, .kb-image_afaa8b-4b .kb-image-is-ratio-size{max-width:414px;width:100%;}.wp-block-kadence-column > .kt-inside-inner-col > .kb-image_afaa8b-4b.kb-image-is-ratio-size, .wp-block-kadence-column > .kt-inside-inner-col > .kb-image_afaa8b-4b .kb-image-is-ratio-size{align-self:unset;}.kb-image_afaa8b-4b figure{max-width:414px;}.kb-image_afaa8b-4b .image-is-svg, .kb-image_afaa8b-4b .image-is-svg img{width:100%;}.kb-image_afaa8b-4b:not(.kb-image-is-ratio-size) .kb-img, .kb-image_afaa8b-4b.kb-image-is-ratio-size{padding-top:0px;}.kb-image_afaa8b-4b .kb-image-has-overlay:after{opacity:0.3;}<\/style>\n<div class=\"wp-block-kadence-image kb-image_afaa8b-4b\"><figure class=\"aligncenter kb-image-is-ratio-size\"><div class=\"kb-is-ratio-image kb-image-ratio-square\"><img loading=\"lazy\" decoding=\"async\" width=\"148\" height=\"148\" src=\"https:\/\/concourshelenedemontgeroult.ch\/wp-content\/uploads\/2022\/01\/390px-Portrait_de_la_mere_de_His_de_la_Salle_Madame_Helene_de_Montgeroult_-_par_COSWAY_Richardcopie-edited.jpg\" alt=\"H\u00e9l\u00e8ne de Montgeroultportrait par Richard Cosway\" class=\"kb-img wp-image-29045\"\/><\/div><figcaption class=\"translation-block\">Portrait of Madame H\u00e9l\u00e8ne de Montgeroult,\nby Richard Cosway.<\/figcaption><\/figure><\/div>\n\n\n\n<h2 class=\"wp-block-heading\" id=\"qui-est-helene-de-montgeroult\" style=\"font-size:19px\">Who is H\u00e9l\u00e8ne de Montgeroult?<\/h2>\n\n\n\n<p class=\"has-theme-palette-7-background-color has-background\">Born in Lyon in 1764, H\u00e9l\u00e8ne de Montgeroult was highly praised by her contemporaries as a pianofortist, composer and teacher.<\/p>\n\n\n<style>#kt-layout-id_4d51f2-fd > .kt-row-column-wrap{align-content:start;}:where(#kt-layout-id_4d51f2-fd > .kt-row-column-wrap) > .wp-block-kadence-column{justify-content:start;}#kt-layout-id_4d51f2-fd > .kt-row-column-wrap{column-gap:var(--global-kb-gap-md, 2rem);row-gap:var(--global-kb-gap-md, 2rem);padding-top:var( --global-kb-row-default-top, 25px );padding-bottom:var( --global-kb-row-default-bottom, 25px );padding-top:var(--global-kb-spacing-sm, 1.5rem);padding-bottom:var(--global-kb-spacing-sm, 1.5rem);}#kt-layout-id_4d51f2-fd > .kt-row-column-wrap > div:not(.added-for-specificity){grid-column:initial;}#kt-layout-id_4d51f2-fd > .kt-row-column-wrap{grid-template-columns:repeat(3, minmax(0, 1fr));}#kt-layout-id_4d51f2-fd > .kt-row-layout-overlay{opacity:0.30;}@media all and (max-width: 1024px){#kt-layout-id_4d51f2-fd > .kt-row-column-wrap > div:not(.added-for-specificity){grid-column:initial;}}@media all and (max-width: 1024px){#kt-layout-id_4d51f2-fd > .kt-row-column-wrap{grid-template-columns:repeat(3, minmax(0, 1fr));}}@media all and (max-width: 767px){#kt-layout-id_4d51f2-fd > .kt-row-column-wrap > div:not(.added-for-specificity){grid-column:initial;}#kt-layout-id_4d51f2-fd > .kt-row-column-wrap{grid-template-columns:minmax(0, 1fr);}}<\/style>\n<div class=\"wp-block-kadence-rowlayout alignnone\"><div id=\"kt-layout-id_4d51f2-fd\" class=\"kt-row-layout-inner kt-layout-id_4d51f2-fd\"><div class=\"kt-row-column-wrap kt-has-3-columns kt-gutter-default kt-v-gutter-default kt-row-valign-top kt-row-layout-equal kt-tab-layout-inherit kt-m-colapse-left-to-right kt-mobile-layout-row\"><style>.kadence-column_0a7a9d-88 > .kt-inside-inner-col{display:flex;}.kadence-column_0a7a9d-88 > .kt-inside-inner-col{padding-top:10px;padding-bottom:10px;padding-left:10px;padding-right:10px;}.kadence-column_0a7a9d-88 > .kt-inside-inner-col{border-top-width:0px;border-right-width:0px;border-bottom-width:0px;border-left-width:0px;}.kadence-column_0a7a9d-88 > .kt-inside-inner-col,.kadence-column_0a7a9d-88 > .kt-inside-inner-col:before{border-top-left-radius:0px;border-top-right-radius:0px;border-bottom-right-radius:0px;border-bottom-left-radius:0px;}.kadence-column_0a7a9d-88 > .kt-inside-inner-col{column-gap:var(--global-kb-gap-sm, 1rem);}.kadence-column_0a7a9d-88 > .kt-inside-inner-col{flex-direction:column;justify-content:flex-start;}.kadence-column_0a7a9d-88 > .kt-inside-inner-col > .aligncenter{width:100%;}.kt-row-column-wrap > .kadence-column_0a7a9d-88{align-self:flex-start;}.kt-inner-column-height-full:not(.kt-has-1-columns) > .wp-block-kadence-column.kadence-column_0a7a9d-88{align-self:auto;}.kt-inner-column-height-full:not(.kt-has-1-columns) > .wp-block-kadence-column.kadence-column_0a7a9d-88 > .kt-inside-inner-col{flex-direction:column;justify-content:flex-start;}.kadence-column_0a7a9d-88 > .kt-inside-inner-col{background-color:var(--global-palette7, #EDF2F7);}.kadence-column_0a7a9d-88 > .kt-inside-inner-col:before{opacity:0.3;}.kadence-column_0a7a9d-88{position:relative;}@media all and (max-width: 1024px){.kt-row-column-wrap > .kadence-column_0a7a9d-88{align-self:flex-start;}}@media all and (max-width: 1024px){.kt-inner-column-height-full:not(.kt-has-1-columns) > .wp-block-kadence-column.kadence-column_0a7a9d-88{align-self:auto;}}@media all and (max-width: 1024px){.kt-inner-column-height-full:not(.kt-has-1-columns) > .wp-block-kadence-column.kadence-column_0a7a9d-88 > .kt-inside-inner-col{flex-direction:column;justify-content:flex-start;}}@media all and (max-width: 1024px){.kadence-column_0a7a9d-88 > .kt-inside-inner-col{flex-direction:column;justify-content:flex-start;}}@media all and (max-width: 767px){.kt-row-column-wrap > .kadence-column_0a7a9d-88{align-self:flex-start;}.kt-inner-column-height-full:not(.kt-has-1-columns) > .wp-block-kadence-column.kadence-column_0a7a9d-88{align-self:auto;}.kt-inner-column-height-full:not(.kt-has-1-columns) > .wp-block-kadence-column.kadence-column_0a7a9d-88 > .kt-inside-inner-col{flex-direction:column;justify-content:flex-start;}.kadence-column_0a7a9d-88 > .kt-inside-inner-col{flex-direction:column;justify-content:flex-start;}}<\/style>\n<div class=\"wp-block-kadence-column inner-column-1 kadence-column_0a7a9d-88\"><div class=\"kt-inside-inner-col\">\n<h2 class=\"has-medium-font-size wp-block-heading\" id=\"la-pianiste-1\">The pianist<\/h2>\n\n\n\n<blockquote class=\"wp-block-quote is-style-large is-layout-flow wp-block-quote-is-layout-flow\" style=\"font-size:15px\"><p><em>\"The whole direction of Madame de Montgeroult's talent was towards expression and the art of singing.\"<\/em><\/p><cite>Baron Louis de Tr\u00e9mont (1779-1852)<\/cite><\/blockquote>\n\n\n\n<p>All those who had the privilege of hearing her were unanimous: H\u00e9l\u00e8ne de Montgeroult was an immense pianist, a brilliant improviser and virtuoso. Her touch and the expression of her playing were particularly aknowledged. H\u00e9l\u00e8ne de Montgeroult's social status as a marquise did not allow her to perform in concert halls. She also always preferred to play for a select audience of true music lovers rather than in salons where cards were played and people chatted during the performance of musical 'entertainments'. This is why, as soon as she started composing, H\u00e9l\u00e8ne de Montgeroult only played at home.<\/p>\n<\/div><\/div>\n\n\n<style>.kadence-column_f560f1-3c > .kt-inside-inner-col{padding-top:10px;padding-bottom:10px;padding-left:10px;padding-right:10px;}.kadence-column_f560f1-3c > .kt-inside-inner-col{border-top-width:0px;border-right-width:0px;border-bottom-width:0px;border-left-width:0px;}.kadence-column_f560f1-3c > .kt-inside-inner-col,.kadence-column_f560f1-3c > .kt-inside-inner-col:before{border-top-left-radius:0px;border-top-right-radius:0px;border-bottom-right-radius:0px;border-bottom-left-radius:0px;}.kadence-column_f560f1-3c > .kt-inside-inner-col{column-gap:var(--global-kb-gap-sm, 1rem);}.kadence-column_f560f1-3c > .kt-inside-inner-col{flex-direction:column;}.kadence-column_f560f1-3c > .kt-inside-inner-col > .aligncenter{width:100%;}.kadence-column_f560f1-3c > .kt-inside-inner-col{background-color:#eee6e1;}.kadence-column_f560f1-3c > .kt-inside-inner-col:before{opacity:0.3;}.kadence-column_f560f1-3c{position:relative;}@media all and (max-width: 1024px){.kadence-column_f560f1-3c > .kt-inside-inner-col{flex-direction:column;justify-content:center;}}@media all and (max-width: 767px){.kadence-column_f560f1-3c > .kt-inside-inner-col{flex-direction:column;justify-content:center;}}<\/style>\n<div class=\"wp-block-kadence-column inner-column-2 kadence-column_f560f1-3c\"><div class=\"kt-inside-inner-col\">\n<h2 class=\"has-medium-font-size wp-block-heading\" id=\"la-compositrice-1\">The composer<\/h2>\n\n\n\n<blockquote class=\"wp-block-quote is-style-large is-layout-flow wp-block-quote-is-layout-flow\" style=\"font-size:15px\"><p>\"\u00a0<em>There is Schubert, Impromptu-style, in Etude No. 62; Chopin, Op. 10 No. 12, in Etude No. 107; and even Brahms, Intermezzi-style, in Etude No. 104<\/em>.\"<\/p><cite>J\u00e9r\u00f4me Bastianelli, Critique des \u00c9tudes d&rsquo;H\u00e9l\u00e8ne de Montgeroult, Diapason, 2007<\/cite><\/blockquote>\n\n\n\n<p>H\u00e9l\u00e8ne de Montgeroult's work includes Sonatas, Fantasias, Nocturnes and above all a \"Complete Course for the Teaching of the forte piano, leading progressively from the first elements to the greatest difficulties\". In this course there are 972 exercises and 114 studies which are more akin to \"musical moments\" or \"impromptus\" than to the arid exercises which were common at the time.<\/p>\n\n\n<style>.kb-image_d7ee43-70 .kb-image-has-overlay:after{opacity:0.3;}<\/style>\n<div class=\"wp-block-kadence-image kb-image_d7ee43-70\"><figure class=\"aligncenter size-large\"><img loading=\"lazy\" decoding=\"async\" width=\"748\" height=\"1024\" src=\"https:\/\/concourshelenedemontgeroult.ch\/wp-content\/uploads\/2022\/01\/Cours_complet_pour_lenseignement_du_forte-piano_-_Helene_de_Montgeroult_-_page_de_titre-1-748x1024.png\" alt=\"page de couverture du &quot;cours complet pour l'enseignement du forte-piano, par Madame la Marquise de Montgeroult\" class=\"kb-img wp-image-28855\" srcset=\"https:\/\/concourshelenedemontgeroult.ch\/wp-content\/uploads\/2022\/01\/Cours_complet_pour_lenseignement_du_forte-piano_-_Helene_de_Montgeroult_-_page_de_titre-1-748x1024.png 748w, https:\/\/concourshelenedemontgeroult.ch\/wp-content\/uploads\/2022\/01\/Cours_complet_pour_lenseignement_du_forte-piano_-_Helene_de_Montgeroult_-_page_de_titre-1-219x300.png 219w, https:\/\/concourshelenedemontgeroult.ch\/wp-content\/uploads\/2022\/01\/Cours_complet_pour_lenseignement_du_forte-piano_-_Helene_de_Montgeroult_-_page_de_titre-1-768x1051.png 768w, https:\/\/concourshelenedemontgeroult.ch\/wp-content\/uploads\/2022\/01\/Cours_complet_pour_lenseignement_du_forte-piano_-_Helene_de_Montgeroult_-_page_de_titre-1.png 774w\" sizes=\"auto, (max-width: 748px) 100vw, 748px\" \/><figcaption>Cover page of the \u00ab\u00a0Cours Complet pour l\u2019enseignement du Fort\u00e9-Piano\u00a0\u00bb, Paris<\/figcaption><\/figure><\/div>\n<\/div><\/div>\n\n\n<style>.kadence-column_46ab32-d0 > .kt-inside-inner-col{padding-top:10px;padding-bottom:10px;padding-left:10px;padding-right:10px;}.kadence-column_46ab32-d0 > .kt-inside-inner-col{border-top-width:0px;border-right-width:0px;border-bottom-width:0px;border-left-width:0px;}.kadence-column_46ab32-d0 > .kt-inside-inner-col,.kadence-column_46ab32-d0 > .kt-inside-inner-col:before{border-top-left-radius:0px;border-top-right-radius:0px;border-bottom-right-radius:0px;border-bottom-left-radius:0px;}.kadence-column_46ab32-d0 > .kt-inside-inner-col{column-gap:var(--global-kb-gap-sm, 1rem);}.kadence-column_46ab32-d0 > .kt-inside-inner-col{flex-direction:column;}.kadence-column_46ab32-d0 > .kt-inside-inner-col > .aligncenter{width:100%;}.kadence-column_46ab32-d0 > .kt-inside-inner-col{background-color:var(--global-palette7, #EDF2F7);}.kadence-column_46ab32-d0 > .kt-inside-inner-col:before{opacity:0.3;}.kadence-column_46ab32-d0{position:relative;}@media all and (max-width: 1024px){.kadence-column_46ab32-d0 > .kt-inside-inner-col{flex-direction:column;justify-content:center;}}@media all and (max-width: 767px){.kadence-column_46ab32-d0 > .kt-inside-inner-col{flex-direction:column;justify-content:center;}}<\/style>\n<div class=\"wp-block-kadence-column inner-column-3 kadence-column_46ab32-d0\"><div class=\"kt-inside-inner-col\">\n<h2 class=\"has-medium-font-size wp-block-heading\" id=\"la-pedagogue-1\">The pedagogue<\/h2>\n\n\n\n<blockquote class=\"wp-block-quote is-style-large is-layout-flow wp-block-quote-is-layout-flow\" style=\"font-size:16px\"><p>\"If singing well is the greatest difficulty on all instruments, one might almost despair of overcoming it on the Forte-Piano, which, deprived of the faculty of sustaining sounds, has given everything when touched; but feeling makes one ingenious, and the need to express what one feels can create resources that escape the mechanic.\"<\/p><cite>H\u00e9l\u00e8ne de Mongeroult , Observations sur l&rsquo;\u00c9tude n\u00b0110.<\/cite><\/blockquote>\n\n\n\n<p>Madame de Montgeroult was the first woman to teach at the Conservatoire National de Paris. She was hired as soon as it was created in 1795, as a \"first class teacher, men\". Three years later she resigned for health reasons. She taught the music of Johann Sebastian Bach and Handel to her students. Her course shows a great concern for pedagogy: she prefaces each piece with a few words to point out the pitfalls to be avoided and to suggest working methods.<\/p>\n<\/div><\/div>\n<\/div><\/div><\/div>\n\n\n\n<div class=\"wp-block-columns is-layout-flex wp-container-core-columns-is-layout-9d6595d7 wp-block-columns-is-layout-flex\">\n<div class=\"wp-block-column is-layout-flow wp-block-column-is-layout-flow\"><style>#kt-layout-id_64f5d9-b5 > .kt-row-column-wrap{align-content:start;}:where(#kt-layout-id_64f5d9-b5 > .kt-row-column-wrap) > .wp-block-kadence-column{justify-content:start;}#kt-layout-id_64f5d9-b5 > .kt-row-column-wrap{column-gap:var(--global-kb-gap-md, 2rem);row-gap:var(--global-kb-gap-md, 2rem);padding-top:var( --global-kb-row-default-top, 25px );padding-bottom:var( --global-kb-row-default-bottom, 25px );padding-top:var(--global-kb-spacing-sm, 1.5rem);padding-bottom:var(--global-kb-spacing-sm, 1.5rem);grid-template-columns:minmax(0, 1fr);}#kt-layout-id_64f5d9-b5 > .kt-row-layout-overlay{opacity:0.30;}@media all and (max-width: 1024px){#kt-layout-id_64f5d9-b5 > .kt-row-column-wrap{grid-template-columns:minmax(0, 1fr);}}@media all and (max-width: 767px){#kt-layout-id_64f5d9-b5 > .kt-row-column-wrap{grid-template-columns:minmax(0, 1fr);}}<\/style>\n<div class=\"wp-block-kadence-rowlayout alignnone\"><div id=\"kt-layout-id_64f5d9-b5\" class=\"kt-row-layout-inner kt-layout-id_64f5d9-b5\"><div class=\"kt-row-column-wrap kt-has-1-columns kt-gutter-default kt-v-gutter-default kt-row-valign-top kt-row-layout-equal kt-tab-layout-inherit kt-m-colapse-left-to-right kt-mobile-layout-row\"><style>.kadence-column_44ab54-b8 > .kt-inside-inner-col{padding-left:10px;padding-right:10px;}.kadence-column_44ab54-b8 > .kt-inside-inner-col{border-top-width:0px;border-right-width:0px;border-bottom-width:0px;border-left-width:0px;}.kadence-column_44ab54-b8 > .kt-inside-inner-col,.kadence-column_44ab54-b8 > .kt-inside-inner-col:before{border-top-left-radius:0px;border-top-right-radius:0px;border-bottom-right-radius:0px;border-bottom-left-radius:0px;}.kadence-column_44ab54-b8 > .kt-inside-inner-col{column-gap:var(--global-kb-gap-sm, 1rem);}.kadence-column_44ab54-b8 > .kt-inside-inner-col{flex-direction:column;}.kadence-column_44ab54-b8 > .kt-inside-inner-col > .aligncenter{width:100%;}.kadence-column_44ab54-b8 > .kt-inside-inner-col{background-color:var(--global-palette7, #EDF2F7);}.kadence-column_44ab54-b8 > .kt-inside-inner-col:before{opacity:0.3;}.kadence-column_44ab54-b8{position:relative;}@media all and (max-width: 1024px){.kadence-column_44ab54-b8 > .kt-inside-inner-col{flex-direction:column;justify-content:center;}}@media all and (max-width: 767px){.kadence-column_44ab54-b8 > .kt-inside-inner-col{flex-direction:column;justify-content:center;}}<\/style>\n<div class=\"wp-block-kadence-column inner-column-1 kadence-column_44ab54-b8\"><div class=\"kt-inside-inner-col\">\n<h2 class=\"wp-block-heading\" id=\"reperes-chronologiques-1\" style=\"font-size:24px\">Montgeroult's life<\/h2>\n\n\n\n<h2 class=\"has-medium-font-size wp-block-heading\" id=\"helene-de-nervo-1\">H\u00e9l\u00e8ne de Nervo<\/h2>\n\n\n\n<div class=\"wp-block-group\"><div class=\"wp-block-group__inner-container is-layout-flow wp-block-group-is-layout-flow\">\n<p class=\"translation-block\"><strong>1764<\/strong> Birth of <strong>H\u00e9l\u00e8ne de Nervo<\/strong> in Lyon<\/p>\n<\/div><\/div>\n\n\n\n<div class=\"wp-block-group\"><div class=\"wp-block-group__inner-container is-layout-flow wp-block-group-is-layout-flow\">\n<p><strong>1766<\/strong>   Birth of his brother Christophe-Olympe in Paris where the family seems to have settled<\/p>\n<\/div><\/div>\n\n\n\n<div class=\"wp-block-group\"><div class=\"wp-block-group__inner-container is-layout-flow wp-block-group-is-layout-flow\">\n<p><strong>1776<\/strong>   Lessons with H\u00fcllmandel, an Alsatian musician who studied with Carl Philip Emmanuel Bach<\/p>\n<\/div><\/div>\n\n\n\n<div class=\"wp-block-group\"><div class=\"wp-block-group__inner-container is-layout-flow wp-block-group-is-layout-flow\">\n<p class=\"translation-block\"><strong>1784 <\/strong> Marriage to Andr\u00e9-Marie-Gautier <strong>marquis de Montgeroult<\/strong><\/p>\n<\/div><\/div>\n\n\n\n<h2 class=\"has-medium-font-size wp-block-heading\" id=\"marquise-de-montgeroult-1\">Marquise de Montgeroult<\/h2>\n\n\n\n<p class=\"translation-block\"><strong>1785<\/strong> <em>\u00ab Premier concerto pour piano \u00bb, <\/em>adapted from a concerto by Viotti that she has just met<\/p>\n\n\n\n<p class=\"translation-block\"><strong>1786<\/strong> Lessons with Dussek, who dedicated to him <em>Three sonatas for Harpsichord or Forte-Piano, two of which with Violin oblig\u00e9 and the third without Accompaniment<\/em> op.5<\/p>\n\n\n\n<p><strong>1788-1789<\/strong>   Begins to write her \"Complete Course\".<\/p>\n\n\n\n<h2 class=\"has-medium-font-size wp-block-heading\" id=\"sous-la-revolution-1\">During the Revolution<\/h2>\n\n\n\n<p><strong>1789<\/strong>   14 July, storming of the Bastille. First wave of emigration<\/p>\n\n\n\n<p><strong>1792<\/strong>   July to December: stay in England after the sale of the Ch\u00e2teau de Montgeroult<\/p>\n\n\n\n<p><strong>1793<\/strong>   A trip to Germany around Easter. Unexpectedly, she replaces her host, an organist suffering from an attack of gout, at the Easter service. The Montgeroult couple leaves for Naples with a secret diplomatic delegation. Arrest by the Austrians in Novale (Italy). The delegates are taken to Mantua and imprisoned. H\u00e9l\u00e8ne is released soon after but her husband remains in prison where he dies on 2 September. Search of the Montgeroult's home. Return to Paris in October<\/p>\n\n\n\n<p><strong>1794<\/strong>   H\u00e9l\u00e8ne de Montgeroult, incarcerated in the Conciergerie, saves her head, it is said, by playing and improvising brilliantly on the theme of the Marseillaise<\/p>\n\n\n\n<h2 class=\"has-medium-font-size wp-block-heading\" id=\"professeur-au-conservatoire-de-paris\">Professor at the Conservatoire de Paris<\/h2>\n\n\n\n<p class=\"translation-block\"><strong>1795<\/strong> Professor \"de premi\u00e8re classe\" at the newly created Conservatoire de Paris. In charge of the piano class <em>Men<\/em>.  First and only female instrumental teacher at the Conservatoire at that time. Birth of her son<\/strong> <strong>Aim\u00e9-Charles-Horace.<\/strong> Publication of <em> Trois<\/em> <em>sonates<\/em> op.1<\/p>\n\n\n\n<p class=\"translation-block\"><strong>1796<\/strong>  Trip to Berlin to publish her <em>Sonate en fa mineur<\/em><\/p>\n\n\n\n<p class=\"translation-block\"><strong>1797<\/strong>   Marriage to <strong>Charles-Antoine-Hyacinthe His<\/strong> who gave his name to H\u00e9l\u00e8ne's son. <strong>Aim\u00e9-Charles-Horace His de la Salle<\/strong> became an eminent art collector, particularly of drawings, which he bequeathed to the Louvre. Under the title <strong>\u00ab\u00a0Officier et gentleman au XIX\u00e8me si\u00e8cle: la collection His de la Salle au mus\u00e9e du Louvre\u00a0\u00bb<\/strong>, an exhibition has been dedicated to his donation between the end of 2019 and February 2020 at the Louvre.<\/p>\n\n\n\n<p><strong>1798<\/strong>   Resignation from the Conservatoire (it was not until 50 years later and the appointment of Louise Farrenc that there was once again a woman piano teacher at the Paris Conservatoire)<\/p>\n\n\n\n<h2 class=\"has-medium-font-size wp-block-heading\" id=\"compositrice-1\">Composer<\/h2>\n\n\n\n<p class=\"translation-block\"><strong>1800<\/strong>   <em>Trois sonates <\/em>op.2. Cours de contrepoint avec Reicha<\/p>\n\n\n\n<h2 class=\"has-medium-font-size wp-block-heading\" id=\"sous-le-premier-empire-1\">Sous le Premier Empire<\/h2>\n\n\n\n<p><strong>1802<\/strong>   Divorce from Charles-Antoine His<\/p>\n\n\n\n<p class=\"translation-block\"><strong>1804<\/strong>   <em>Pi\u00e8ces pour piano<\/em> op.3<\/p>\n\n\n\n<p class=\"translation-block\"><strong>1804-1807<\/strong>   <em>Trois Fantaisies<\/em> op.4 et <em>Trois sonates <\/em>op.5<\/p>\n\n\n\n<p><strong>1807<\/strong>   <em>Six Nocturnes<\/em> op.6<\/p>\n\n\n\n<p class=\"translation-block\"><strong>1810<\/strong>   ach\u00e8vement du <em>Cours complet pour l\u2019enseignement du Fort\u00e9-Piano conduisant progressivement des premiers \u00e9l\u00e9ments aux plus grandes difficult\u00e9s<\/em>, <em>en trois parties<\/em>.<\/p>\n\n\n\n<p><strong>1812<\/strong> the Complete course is still in print<\/p>\n\n\n\n<h2 class=\"has-medium-font-size wp-block-heading\" id=\"sous-la-restauration-1\">During the Restoration<\/h2>\n\n\n\n<p><strong>1818<\/strong>   Stays in England<\/p>\n\n\n\n<p class=\"translation-block\"><strong>1820<\/strong> Edition of the <em>Cours complet<\/em> at Janet&amp;Cotelle. Marriage to Count <strong>Dunod de Charnage<\/strong><\/p>\n\n\n\n<p><strong>1826<\/strong>   Death of Count Dunod de Charnage<\/p>\n\n\n\n<h2 class=\"has-medium-font-size wp-block-heading\" id=\"italie-1\">Italy<\/h2>\n\n\n\n<p><strong>1834<\/strong> departure for Italy with his son<\/p>\n\n\n\n<p><strong>1836<\/strong> Died in Florence where she is buried (Santa Croce)<\/p>\n\n\n\n<p>J\u00e9r\u00f4me Dorival, musician and historian, devoted a very detailed study to this artist, published in 2007 by Sym\u00e9trie under the title \"H\u00e9l\u00e8ne de Montgeroult, la Marquise et la Marseillaise\".<\/p>\n\n\n<style>.wp-block-kadence-advancedbtn.kb-btns_99e2f6-76{gap:var(--global-kb-gap-xs, 0.5rem );justify-content:center;align-items:center;}.kt-btns_99e2f6-76 .kt-button{font-weight:normal;font-style:normal;}.kt-btns_99e2f6-76 .kt-btn-wrap-0{margin-right:5px;}.wp-block-kadence-advancedbtn.kt-btns_99e2f6-76 .kt-btn-wrap-0 .kt-button{color:#555555;border-color:#555555;}.wp-block-kadence-advancedbtn.kt-btns_99e2f6-76 .kt-btn-wrap-0 .kt-button:hover, .wp-block-kadence-advancedbtn.kt-btns_99e2f6-76 .kt-btn-wrap-0 .kt-button:focus{color:#ffffff;border-color:#444444;}.wp-block-kadence-advancedbtn.kt-btns_99e2f6-76 .kt-btn-wrap-0 .kt-button::before{display:none;}.wp-block-kadence-advancedbtn.kt-btns_99e2f6-76 .kt-btn-wrap-0 .kt-button:hover, .wp-block-kadence-advancedbtn.kt-btns_99e2f6-76 .kt-btn-wrap-0 .kt-button:focus{background:#444444;}<\/style>\n<div class=\"wp-block-kadence-advancedbtn kt-btn-align-center kt-btn-tablet-align-inherit kt-btn-mobile-align-inherit kt-btns-wrap kt-btns_99e2f6-76\"><div class=\"kt-btn-wrap kt-btn-wrap-0\"><a class=\"kt-button button kt-btn-0-action kt-btn-size-custom kt-btn-style-basic kt-btn-svg-show-always kt-btn-has-text-true kt-btn-has-svg-false\" href=\"https:\/\/symetrie.com\/fr\/titres\/helene-montgeroult-marquise-marseillaise\" target=\"_blank\" rel=\"noreferrer noopener\"><span class=\"kt-btn-inner-text\">More about H\u00e9l\u00e8ne de Montgeroult<\/span><\/a><\/div><\/div>\n\n\n\n<p> <\/p>\n<\/div><\/div>\n<\/div><\/div><\/div>\n<\/div>\n<\/div>\n\n\n\n<p><\/p>\n\n\n\n<p><\/p>","protected":false},"excerpt":{"rendered":"<p>H\u00e9l\u00e8ne de Montgeroult (1764-1836) Qui est H\u00e9l\u00e8ne de Montgeroult ? N\u00e9e \u00e0 Lyon en 1764, H\u00e9l\u00e8ne de Montgeroult a suscit\u00e9 les plus vifs \u00e9loges de ses contemporains, tant comme pianofortiste, que comme compositrice et p\u00e9dagogue. La pianiste \u00ab\u00a0Toute la direction du talent de Madame de Montgeroult \u00e9tait port\u00e9e vers l&rsquo;expression et l&rsquo;art de chanter\u00a0\u00bb Baron&#8230;<\/p>","protected":false},"author":1,"featured_media":0,"parent":0,"menu_order":0,"comment_status":"closed","ping_status":"closed","template":"","meta":{"_kad_post_transparent":"","_kad_post_title":"","_kad_post_layout":"","_kad_post_sidebar_id":"","_kad_post_content_style":"","_kad_post_vertical_padding":"","_kad_post_feature":"","_kad_post_feature_position":"","_kad_post_header":false,"_kad_post_footer":false,"_kad_post_classname":"","footnotes":""},"class_list":["post-36","page","type-page","status-publish","hentry"],"_links":{"self":[{"href":"https:\/\/concourshelenedemontgeroult.ch\/en\/wp-json\/wp\/v2\/pages\/36","targetHints":{"allow":["GET"]}}],"collection":[{"href":"https:\/\/concourshelenedemontgeroult.ch\/en\/wp-json\/wp\/v2\/pages"}],"about":[{"href":"https:\/\/concourshelenedemontgeroult.ch\/en\/wp-json\/wp\/v2\/types\/page"}],"author":[{"embeddable":true,"href":"https:\/\/concourshelenedemontgeroult.ch\/en\/wp-json\/wp\/v2\/users\/1"}],"replies":[{"embeddable":true,"href":"https:\/\/concourshelenedemontgeroult.ch\/en\/wp-json\/wp\/v2\/comments?post=36"}],"version-history":[{"count":59,"href":"https:\/\/concourshelenedemontgeroult.ch\/en\/wp-json\/wp\/v2\/pages\/36\/revisions"}],"predecessor-version":[{"id":29999,"href":"https:\/\/concourshelenedemontgeroult.ch\/en\/wp-json\/wp\/v2\/pages\/36\/revisions\/29999"}],"wp:attachment":[{"href":"https:\/\/concourshelenedemontgeroult.ch\/en\/wp-json\/wp\/v2\/media?parent=36"}],"curies":[{"name":"wp","href":"https:\/\/api.w.org\/{rel}","templated":true}]}}