{"id":28851,"date":"2022-01-20T10:39:51","date_gmt":"2022-01-20T09:39:51","guid":{"rendered":"https:\/\/concourshelenedemontgeroult.ch\/?page_id=28851"},"modified":"2023-12-04T21:14:20","modified_gmt":"2023-12-04T20:14:20","slug":"confidentialite","status":"publish","type":"page","link":"https:\/\/concourshelenedemontgeroult.ch\/fr_fr\/confidentialite\/","title":{"rendered":"Impressum et mentions l\u00e9gales"},"content":{"rendered":"\n<h2 class=\"wp-block-heading has-medium-font-size\" id=\"qui-sommes-nous\">Qui sommes-nous&nbsp;?<\/h2>\n\n\n\n<p style=\"font-size:16px\">L&#8217;adresse de notre site est : https:\/\/concourshelenedemontgeroult.ch<\/p>\n\n\n\n<h2 class=\"wp-block-heading has-medium-font-size\" id=\"administration\">Administration<\/h2>\n\n\n\n<p style=\"font-size:15px\"><strong class=\"privacy-policy-tutorial\">Association                                                                                                                                     &#8220;Concours H\u00e9l\u00e8ne de Montgeroult-de Nervo,                                                                                   CH 1680 Romont <\/strong>&#8221;                                                                                  info@concourshelenedemontgeroult.ch<\/p>\n\n\n\n<h2 class=\"wp-block-heading has-medium-font-size\" id=\"site-web\">Site web<\/h2>\n\n\n\n<p>Marlyse Fasel, Lausanne                                                                                                                CMS: WordPress , Kadence                                 <\/p>\n\n\n\n<h2 class=\"wp-block-heading has-medium-font-size\" id=\"images\">Images<\/h2>\n\n\n\n<p>Le portrait de Madame de Montgeroult ainsi que les images de son &#8220;cours complet pour l&#8217;enseignement du piano forte&#8221; sont publi\u00e9es sur internet et libres de droits. La photographie de l&#8217;H\u00f4tel de Nervo \u00e0 Lyon est \u00e9galement disponible sur internet, libre de droits. Les renseignements g\u00e9n\u00e9alogiques sur la famille de Nervo ont \u00e9t\u00e9 puis\u00e9s dans l&#8217;ouvrage de <strong>Joseph Denervaud<\/strong>, &#8220;Les Denervaud aupr\u00e8s de leur arbre, historique de la famille Denervaud&#8221;, 2005<\/p>\n\n\n\n<p>Les reflets 2023 sont des photos de Joseph Carlucci.<\/p>\n\n\n\n<h2 class=\"wp-block-heading has-medium-font-size\" id=\"renvois-et-liens\">Renvois et liens<\/h2>\n\n\n\n<p>Les renvois et liens vers d&#8217;autres sites internet ne sont pas de la responsabilit\u00e9 de l&#8217;Association. L&#8217;acc\u00e8s \u00e0 ces sites se fait sous la responsabilit\u00e9 des utilisateurs.<\/p>\n\n\n\n<h2 class=\"wp-block-heading has-medium-font-size\" id=\"utilisation-et-transmission-de-vos-donnees-personnelles\">Utilisation et transmission de vos donn\u00e9es personnelles<\/h2>\n\n\n\n<p>Conform\u00e9ment \u00e0 l&#8217;art. 13 de la Constitution f\u00e9d\u00e9rale, vos donn\u00e9es personnelles sont trait\u00e9es de fa\u00e7on strictement confidentielles et ne sont ni donn\u00e9es ni vendues \u00e0 des tiers.<\/p>\n\n\n\n<p>Nous nous effor\u00e7ons, en collaboration avec nos h\u00e9bergeurs, de prot\u00e9ger au mieux possible nos banques de donn\u00e9es.<\/p>\n\n\n<style>.wp-block-kadence-advancedbtn.kb-btns28851_b85d19-92{gap:var(--global-kb-gap-xs, 0.5rem );justify-content:center;align-items:center;}.kt-btns28851_b85d19-92 .kt-button{font-weight:normal;font-style:normal;}<\/style>\n<div class=\"wp-block-kadence-advancedbtn kb-buttons-wrap kb-btns28851_b85d19-92\"><style>ul.menu .wp-block-kadence-advancedbtn .kb-btn28851_a22639-e3.kb-button{width:initial;}.wp-block-kadence-advancedbtn .kb-btn28851_a22639-e3.kb-button{color:#555555;border-top-color:#555555;border-top-style:solid;border-right-color:#555555;border-right-style:solid;border-bottom-color:#555555;border-bottom-style:solid;border-left-color:#555555;border-left-style:solid;}.wp-block-kadence-advancedbtn .kb-btn28851_a22639-e3.kb-button:hover, .wp-block-kadence-advancedbtn .kb-btn28851_a22639-e3.kb-button:focus{color:#ffffff;background:#444444;border-top-color:#444444;border-top-style:solid;border-right-color:#444444;border-right-style:solid;border-bottom-color:#444444;border-bottom-style:solid;border-left-color:#444444;border-left-style:solid;}@media all and (max-width: 1024px){.wp-block-kadence-advancedbtn .kb-btn28851_a22639-e3.kb-button{border-top-color:#555555;border-top-style:solid;border-right-color:#555555;border-right-style:solid;border-bottom-color:#555555;border-bottom-style:solid;border-left-color:#555555;border-left-style:solid;}}@media all and (max-width: 1024px){.wp-block-kadence-advancedbtn .kb-btn28851_a22639-e3.kb-button:hover, .wp-block-kadence-advancedbtn .kb-btn28851_a22639-e3.kb-button:focus{border-top-color:#444444;border-top-style:solid;border-right-color:#444444;border-right-style:solid;border-bottom-color:#444444;border-bottom-style:solid;border-left-color:#444444;border-left-style:solid;}}@media all and (max-width: 767px){.wp-block-kadence-advancedbtn .kb-btn28851_a22639-e3.kb-button{border-top-color:#555555;border-top-style:solid;border-right-color:#555555;border-right-style:solid;border-bottom-color:#555555;border-bottom-style:solid;border-left-color:#555555;border-left-style:solid;}.wp-block-kadence-advancedbtn .kb-btn28851_a22639-e3.kb-button:hover, .wp-block-kadence-advancedbtn .kb-btn28851_a22639-e3.kb-button:focus{border-top-color:#444444;border-top-style:solid;border-right-color:#444444;border-right-style:solid;border-bottom-color:#444444;border-bottom-style:solid;border-left-color:#444444;border-left-style:solid;}}<\/style><a class=\"kb-button kt-button button kb-btn28851_a22639-e3 kt-btn-size-standard kt-btn-width-type-auto kb-btn-global-outline  kt-btn-has-text-true kt-btn-has-svg-false  wp-block-kadence-singlebtn\" href=\"https:\/\/concourshelenedemontgeroult.ch\/\"><span class=\"kt-btn-inner-text\">Retour \u00e0 l&#8217;accueil<\/span><\/a><\/div>\n\n\n<style>.wp-block-kadence-advancedbtn.kb-btns28851_e87718-fd{gap:var(--global-kb-gap-xs, 0.5rem );justify-content:center;align-items:center;}.kt-btns28851_e87718-fd .kt-button{font-weight:normal;font-style:normal;}.kt-btns28851_e87718-fd .kt-btn-wrap-0{margin-right:5px;}.wp-block-kadence-advancedbtn.kt-btns28851_e87718-fd .kt-btn-wrap-0 .kt-button{color:#555555;border-color:#555555;}.wp-block-kadence-advancedbtn.kt-btns28851_e87718-fd .kt-btn-wrap-0 .kt-button:hover, .wp-block-kadence-advancedbtn.kt-btns28851_e87718-fd .kt-btn-wrap-0 .kt-button:focus{color:#ffffff;border-color:#444444;}.wp-block-kadence-advancedbtn.kt-btns28851_e87718-fd .kt-btn-wrap-0 .kt-button::before{display:none;}.wp-block-kadence-advancedbtn.kt-btns28851_e87718-fd .kt-btn-wrap-0 .kt-button:hover, .wp-block-kadence-advancedbtn.kt-btns28851_e87718-fd .kt-btn-wrap-0 .kt-button:focus{background:#444444;}<\/style>\n<div class=\"wp-block-kadence-advancedbtn kb-buttons-wrap kb-btns28851_e87718-fd\"><style>ul.menu .wp-block-kadence-advancedbtn .kb-btn28851_0e225f-0b.kb-button{width:initial;}<\/style><a class=\"kb-button kt-button button kb-btn28851_0e225f-0b kt-btn-size-standard kt-btn-width-type-auto kb-btn-global-fill  kt-btn-has-text-true kt-btn-has-svg-false  wp-block-kadence-singlebtn\" href=\"https:\/\/www.privacybee.ch\/v\/cllxi5rio14599220x1bvjhwfbg?lang=enhttps:\/\/www.privacybee.ch\/v\/cllxi5rio14599220x1bvjhwfbg?lang=en\" target=\"_blank\" rel=\"noopener\"><span class=\"kt-btn-inner-text\">Protection des donn\u00e9es<\/span><\/a><\/div>\n","protected":false},"excerpt":{"rendered":"<p>Qui sommes-nous&nbsp;? L&#8217;adresse de notre site est : https:\/\/concourshelenedemontgeroult.ch Administration Association &#8220;Concours H\u00e9l\u00e8ne de Montgeroult-de Nervo, CH 1680 Romont &#8221; info@concourshelenedemontgeroult.ch Site web Marlyse Fasel, Lausanne CMS: WordPress , Kadence Images Le portrait de Madame de Montgeroult ainsi que les images de son &#8220;cours complet pour l&#8217;enseignement du piano forte&#8221; sont publi\u00e9es sur internet et&#8230;<\/p>\n","protected":false},"author":1,"featured_media":0,"parent":0,"menu_order":0,"comment_status":"closed","ping_status":"closed","template":"","meta":{"_kad_post_transparent":"default","_kad_post_title":"show","_kad_post_layout":"narrow","_kad_post_sidebar_id":"","_kad_post_content_style":"boxed","_kad_post_vertical_padding":"show","_kad_post_feature":"","_kad_post_feature_position":"","_kad_post_header":false,"_kad_post_footer":false,"_kad_post_classname":"","footnotes":""},"class_list":["post-28851","page","type-page","status-publish","hentry"],"_links":{"self":[{"href":"https:\/\/concourshelenedemontgeroult.ch\/fr_fr\/wp-json\/wp\/v2\/pages\/28851","targetHints":{"allow":["GET"]}}],"collection":[{"href":"https:\/\/concourshelenedemontgeroult.ch\/fr_fr\/wp-json\/wp\/v2\/pages"}],"about":[{"href":"https:\/\/concourshelenedemontgeroult.ch\/fr_fr\/wp-json\/wp\/v2\/types\/page"}],"author":[{"embeddable":true,"href":"https:\/\/concourshelenedemontgeroult.ch\/fr_fr\/wp-json\/wp\/v2\/users\/1"}],"replies":[{"embeddable":true,"href":"https:\/\/concourshelenedemontgeroult.ch\/fr_fr\/wp-json\/wp\/v2\/comments?post=28851"}],"version-history":[{"count":19,"href":"https:\/\/concourshelenedemontgeroult.ch\/fr_fr\/wp-json\/wp\/v2\/pages\/28851\/revisions"}],"predecessor-version":[{"id":30664,"href":"https:\/\/concourshelenedemontgeroult.ch\/fr_fr\/wp-json\/wp\/v2\/pages\/28851\/revisions\/30664"}],"wp:attachment":[{"href":"https:\/\/concourshelenedemontgeroult.ch\/fr_fr\/wp-json\/wp\/v2\/media?parent=28851"}],"curies":[{"name":"wp","href":"https:\/\/api.w.org\/{rel}","templated":true}]}}