{"id":29083,"date":"2022-01-26T18:44:29","date_gmt":"2022-01-26T17:44:29","guid":{"rendered":"https:\/\/concourshelenedemontgeroult.ch\/?page_id=29083"},"modified":"2022-02-21T15:26:49","modified_gmt":"2022-02-21T14:26:49","slug":"statuts","status":"publish","type":"page","link":"https:\/\/concourshelenedemontgeroult.ch\/fr_fr\/statuts\/","title":{"rendered":"Statuts"},"content":{"rendered":"<style>#kt-layout-id_561665-2e > .kt-row-column-wrap{align-content:start;}:where(#kt-layout-id_561665-2e > .kt-row-column-wrap) > .wp-block-kadence-column{justify-content:start;}#kt-layout-id_561665-2e > .kt-row-column-wrap{column-gap:var(--global-kb-gap-md, 2rem);row-gap:var(--global-kb-gap-md, 2rem);max-width:var( --global-content-width, 1290px );padding-left:var(--global-content-edge-padding);padding-right:var(--global-content-edge-padding);padding-top:var( --global-kb-row-default-top, 25px );padding-bottom:var( --global-kb-row-default-bottom, 25px );padding-left:10px;padding-right:10px;grid-template-columns:minmax(0, 1fr);}#kt-layout-id_561665-2e > .kt-row-layout-overlay{opacity:0.30;}@media all and (max-width: 1024px){#kt-layout-id_561665-2e > .kt-row-column-wrap{grid-template-columns:minmax(0, 1fr);}}@media all and (max-width: 767px){#kt-layout-id_561665-2e > .kt-row-column-wrap{grid-template-columns:minmax(0, 1fr);}}<\/style>\n<div class=\"wp-block-kadence-rowlayout alignnone\"><div id=\"kt-layout-id_561665-2e\" class=\"kt-row-layout-inner kt-layout-id_561665-2e\"><div class=\"kt-row-column-wrap kt-has-1-columns kt-gutter-default kt-v-gutter-default kt-row-valign-top kt-row-layout-equal kt-tab-layout-inherit kt-m-colapse-left-to-right kt-mobile-layout-row kb-theme-content-width\"><style>.kadence-column_723141-1c > .kt-inside-inner-col{padding-top:10px;padding-bottom:10px;padding-left:20px;padding-right:20px;}.kadence-column_723141-1c > .kt-inside-inner-col{border-top-width:0px;border-right-width:0px;border-bottom-width:0px;border-left-width:0px;}.kadence-column_723141-1c > .kt-inside-inner-col,.kadence-column_723141-1c > .kt-inside-inner-col:before{border-top-left-radius:0px;border-top-right-radius:0px;border-bottom-right-radius:0px;border-bottom-left-radius:0px;}.kadence-column_723141-1c > .kt-inside-inner-col{column-gap:var(--global-kb-gap-sm, 1rem);}.kadence-column_723141-1c > .kt-inside-inner-col{flex-direction:column;}.kadence-column_723141-1c > .kt-inside-inner-col > .aligncenter{width:100%;}.kadence-column_723141-1c > .kt-inside-inner-col{background-color:var(--global-palette7, #EDF2F7);}.kadence-column_723141-1c > .kt-inside-inner-col:before{opacity:0.3;}.kadence-column_723141-1c{position:relative;}@media all and (max-width: 1024px){.kadence-column_723141-1c > .kt-inside-inner-col{flex-direction:column;justify-content:center;}}@media all and (max-width: 767px){.kadence-column_723141-1c > .kt-inside-inner-col{flex-direction:column;justify-content:center;}}<\/style>\n<div class=\"wp-block-kadence-column inner-column-1 kadence-column_723141-1c\"><div class=\"kt-inside-inner-col\"><style>.wp-block-kadence-advancedheading.kt-adv-heading_c188f6-97, .wp-block-kadence-advancedheading.kt-adv-heading_c188f6-97[data-kb-block=\"kb-adv-heading_c188f6-97\"]{font-style:normal;}.wp-block-kadence-advancedheading.kt-adv-heading_c188f6-97 mark.kt-highlight, .wp-block-kadence-advancedheading.kt-adv-heading_c188f6-97[data-kb-block=\"kb-adv-heading_c188f6-97\"] mark.kt-highlight{font-style:normal;color:#f76a0c;-webkit-box-decoration-break:clone;box-decoration-break:clone;padding-top:0px;padding-right:0px;padding-bottom:0px;padding-left:0px;}.wp-block-kadence-advancedheading.kt-adv-heading_c188f6-97 img.kb-inline-image, .wp-block-kadence-advancedheading.kt-adv-heading_c188f6-97[data-kb-block=\"kb-adv-heading_c188f6-97\"] img.kb-inline-image{width:150px;vertical-align:baseline;}<\/style>\n<h1 class=\"kt-adv-heading_c188f6-97 wp-block-kadence-advancedheading\" data-kb-block=\"kb-adv-heading_c188f6-97\">Nos statuts<\/h1>\n\n\n\n<p>L&#8217;Association<strong> &#8220;Concours H\u00e9l\u00e8ne de Montgeroult-de Nervo, Romont (CH)&#8221;<\/strong> a pour but de faire conna\u00eetre et de promouvoir l&#8217;oeuvre de la pianiste et compositrice H\u00e9l\u00e8ne de Montgeroult (1764-1836), n\u00e9e de Nervo, principalement en organisant, \u00e0 Romont, des concours de piano pour jeunes musiciens.<\/p>\n\n\n\n<p>Pour atteindre ce but, l&#8217;association met sur pied des \u00e9v\u00e9nements destin\u00e9s \u00e0 un public cible de musiciens, professeurs, \u00e9tudiants et amateurs de musique classique<\/p>\n\n\n\n<p>Vous pouvez prendre connaissance de l&#8217;ensemble de nos statuts <a href=\"https:\/\/concourshelenedemontgeroult.ch\/wp-content\/uploads\/2022\/01\/De\u0301nervaud-Mongeroult-He\u0301le\u0300ne-Statuts.pdf\" target=\"_blank\" rel=\"noreferrer noopener\">ici<\/a><\/p>\n\n\n\n<p>En devenant membre de notre Association, vous contribuez \u00e0 faire rayonner l&#8217;oeuvre d&#8217;une artiste d&#8217;exception.  Comme tant d&#8217;autres artistes femmes de cette \u00e9poque, H\u00e9l\u00e8ne de Montgeroult-de Nervo est tomb\u00e9e rapidement dans l&#8217;oubli. Pourtant, la critique actuelle note que sa musique semble relier Haydn et Mozart \u00e0 Schumann, Mendelssohn, Schubert ou encore Chopin. <\/p>\n\n\n\n<p>D&#8217;autre part, vous encouragez la pratique de la musique classique et du piano en particulier parmi les jeunes musiciens. <\/p>\n\n\n\n<p>Le d\u00e9roulement du &#8220;Concours H\u00e9l\u00e8ne de Montgeroult&#8221; promet d&#8217;attirer de jeunes pianistes accompagn\u00e9s de leur famille et de leur professeur \u00e0 Romont. Ils ne manqueront pas de d\u00e9couvrir les charmes qu&#8217;offre cette cit\u00e9 m\u00e9di\u00e9vale et d&#8217;en parler autour d&#8217;eux.<\/p>\n\n\n\n<p><\/p>\n<\/div><\/div>\n<\/div><\/div><\/div>\n\n\n\n<p><\/p>\n","protected":false},"excerpt":{"rendered":"<p>Nos statuts L&#8217;Association &#8220;Concours H\u00e9l\u00e8ne de Montgeroult-de Nervo, Romont (CH)&#8221; a pour but de faire conna\u00eetre et de promouvoir l&#8217;oeuvre de la pianiste et compositrice H\u00e9l\u00e8ne de Montgeroult (1764-1836), n\u00e9e de Nervo, principalement en organisant, \u00e0 Romont, des concours de piano pour jeunes musiciens. Pour atteindre ce but, l&#8217;association met sur pied des \u00e9v\u00e9nements destin\u00e9s&#8230;<\/p>\n","protected":false},"author":1,"featured_media":0,"parent":0,"menu_order":0,"comment_status":"closed","ping_status":"closed","template":"","meta":{"_kad_post_transparent":"","_kad_post_title":"","_kad_post_layout":"","_kad_post_sidebar_id":"","_kad_post_content_style":"","_kad_post_vertical_padding":"","_kad_post_feature":"","_kad_post_feature_position":"","_kad_post_header":false,"_kad_post_footer":false,"_kad_post_classname":"","footnotes":""},"class_list":["post-29083","page","type-page","status-publish","hentry"],"_links":{"self":[{"href":"https:\/\/concourshelenedemontgeroult.ch\/fr_fr\/wp-json\/wp\/v2\/pages\/29083","targetHints":{"allow":["GET"]}}],"collection":[{"href":"https:\/\/concourshelenedemontgeroult.ch\/fr_fr\/wp-json\/wp\/v2\/pages"}],"about":[{"href":"https:\/\/concourshelenedemontgeroult.ch\/fr_fr\/wp-json\/wp\/v2\/types\/page"}],"author":[{"embeddable":true,"href":"https:\/\/concourshelenedemontgeroult.ch\/fr_fr\/wp-json\/wp\/v2\/users\/1"}],"replies":[{"embeddable":true,"href":"https:\/\/concourshelenedemontgeroult.ch\/fr_fr\/wp-json\/wp\/v2\/comments?post=29083"}],"version-history":[{"count":6,"href":"https:\/\/concourshelenedemontgeroult.ch\/fr_fr\/wp-json\/wp\/v2\/pages\/29083\/revisions"}],"predecessor-version":[{"id":29508,"href":"https:\/\/concourshelenedemontgeroult.ch\/fr_fr\/wp-json\/wp\/v2\/pages\/29083\/revisions\/29508"}],"wp:attachment":[{"href":"https:\/\/concourshelenedemontgeroult.ch\/fr_fr\/wp-json\/wp\/v2\/media?parent=29083"}],"curies":[{"name":"wp","href":"https:\/\/api.w.org\/{rel}","templated":true}]}}