{"id":29522,"date":"2022-02-23T11:31:17","date_gmt":"2022-02-23T10:31:17","guid":{"rendered":"https:\/\/concourshelenedemontgeroult.ch\/?page_id=29522"},"modified":"2025-01-03T20:11:15","modified_gmt":"2025-01-03T19:11:15","slug":"concours-helene-de-montgeroult-de-nervo","status":"publish","type":"page","link":"https:\/\/concourshelenedemontgeroult.ch\/it\/concours-helene-de-montgeroult-de-nervo\/","title":{"rendered":"Adh\u00e9sion \u00e0 l&rsquo;Association Concours H\u00e9l\u00e8ne de Montgeroult-de Nervo"},"content":{"rendered":"<style>.wp-block-kadence-advancedheading.kt-adv-heading29522_69b2b6-52, .wp-block-kadence-advancedheading.kt-adv-heading29522_69b2b6-52[data-kb-block=\"kb-adv-heading29522_69b2b6-52\"]{font-size:28px;font-style:normal;}.wp-block-kadence-advancedheading.kt-adv-heading29522_69b2b6-52 mark.kt-highlight, .wp-block-kadence-advancedheading.kt-adv-heading29522_69b2b6-52[data-kb-block=\"kb-adv-heading29522_69b2b6-52\"] mark.kt-highlight{font-style:normal;color:#f76a0c;-webkit-box-decoration-break:clone;box-decoration-break:clone;padding-top:0px;padding-right:0px;padding-bottom:0px;padding-left:0px;}.wp-block-kadence-advancedheading.kt-adv-heading29522_69b2b6-52 img.kb-inline-image, .wp-block-kadence-advancedheading.kt-adv-heading29522_69b2b6-52[data-kb-block=\"kb-adv-heading29522_69b2b6-52\"] img.kb-inline-image{width:150px;vertical-align:baseline;}@media all and (max-width: 767px){.wp-block-kadence-advancedheading.kt-adv-heading29522_69b2b6-52, .wp-block-kadence-advancedheading.kt-adv-heading29522_69b2b6-52[data-kb-block=\"kb-adv-heading29522_69b2b6-52\"]{font-size:20px;}}<\/style>\n<h1 class=\"kt-adv-heading29522_69b2b6-52 wp-block-kadence-advancedheading\" data-kb-block=\"kb-adv-heading29522_69b2b6-52\">Bulletin d&rsquo;adh\u00e9sion \u00e0 l&rsquo;Association \u00ab\u00a0Concours H\u00e9l\u00e8ne de Montgeroult-de Nervo\u00a0\u00bb<\/h1>\n\n\n<style>.kb-row-layout-id29522_1a6e42-1b > .kt-row-column-wrap{align-content:start;}:where(.kb-row-layout-id29522_1a6e42-1b > .kt-row-column-wrap) > .wp-block-kadence-column{justify-content:start;}.kb-row-layout-id29522_1a6e42-1b > .kt-row-column-wrap{column-gap:var(--global-kb-gap-md, 2rem);row-gap:var(--global-kb-gap-md, 2rem);padding-top:var(--global-kb-spacing-sm, 1.5rem);padding-bottom:var(--global-kb-spacing-sm, 1.5rem);grid-template-columns:repeat(2, minmax(0, 1fr));}.kb-row-layout-id29522_1a6e42-1b > .kt-row-layout-overlay{opacity:0.30;}@media all and (max-width: 1024px){.kb-row-layout-id29522_1a6e42-1b > .kt-row-column-wrap{grid-template-columns:repeat(2, minmax(0, 1fr));}}@media all and (max-width: 767px){.kb-row-layout-id29522_1a6e42-1b > .kt-row-column-wrap{grid-template-columns:minmax(0, 1fr);}}<\/style><div class=\"kb-row-layout-wrap kb-row-layout-id29522_1a6e42-1b alignnone wp-block-kadence-rowlayout\"><div class=\"kt-row-column-wrap kt-has-2-columns kt-row-layout-equal kt-tab-layout-inherit kt-mobile-layout-row kt-row-valign-top\">\n<style>.kadence-column29522_932319-0c > .kt-inside-inner-col{padding-right:10px;padding-left:10px;}.kadence-column29522_932319-0c > .kt-inside-inner-col,.kadence-column29522_932319-0c > .kt-inside-inner-col:before{border-top-left-radius:0px;border-top-right-radius:0px;border-bottom-right-radius:0px;border-bottom-left-radius:0px;}.kadence-column29522_932319-0c > .kt-inside-inner-col{column-gap:var(--global-kb-gap-sm, 1rem);}.kadence-column29522_932319-0c > .kt-inside-inner-col{flex-direction:column;}.kadence-column29522_932319-0c > .kt-inside-inner-col > .aligncenter{width:100%;}.kadence-column29522_932319-0c > .kt-inside-inner-col{background-color:var(--global-palette7, #EDF2F7);}.kadence-column29522_932319-0c > .kt-inside-inner-col:before{opacity:0.3;}.kadence-column29522_932319-0c{position:relative;}@media all and (max-width: 1024px){.kadence-column29522_932319-0c > .kt-inside-inner-col{flex-direction:column;justify-content:center;}}@media all and (max-width: 767px){.kadence-column29522_932319-0c > .kt-inside-inner-col{flex-direction:column;justify-content:center;}}<\/style>\n<div class=\"wp-block-kadence-column kadence-column29522_932319-0c inner-column-1\"><div class=\"kt-inside-inner-col\">\n<p>Vous pouvez consulter nos statuts <a href=\"https:\/\/concourshelenedemontgeroult.ch\/statuts\/\" data-type=\"page\" data-id=\"29083\">ici<\/a><\/p>\n\n\n\n<p>Pour adh\u00e9rer \u00e0 notre Association, utilisez notre formulaire en ligne. <\/p>\n\n\n\n<p>Montant des cotisations annuelles:<\/p>\n\n\n\n<p>Membre individuel : 50 CHF<\/p>\n\n\n\n<p>Couple : 80 CHF<\/p>\n\n\n\n<p>Personnes morales : 300 CHF<\/p>\n\n\n\n<p>Vous pouvez aussi faire un don ponctuel. Pour un don  d\u00e8s 100 CHF, vous figurerez sur la liste de nos donateurs, publi\u00e9e dans le programme du Concours H\u00e9l\u00e8ne de Montgeroult. Vous pouvez demander \u00e0 rester anonyme.<\/p>\n\n\n<style>.wp-block-kadence-advancedheading.kt-adv-heading29522_be13f9-7d, .wp-block-kadence-advancedheading.kt-adv-heading29522_be13f9-7d[data-kb-block=\"kb-adv-heading29522_be13f9-7d\"]{padding-bottom:20px;font-size:17px;line-height:45px;font-style:normal;}.wp-block-kadence-advancedheading.kt-adv-heading29522_be13f9-7d mark.kt-highlight, .wp-block-kadence-advancedheading.kt-adv-heading29522_be13f9-7d[data-kb-block=\"kb-adv-heading29522_be13f9-7d\"] mark.kt-highlight{font-style:normal;color:#f76a0c;-webkit-box-decoration-break:clone;box-decoration-break:clone;padding-top:0px;padding-right:0px;padding-bottom:0px;padding-left:0px;}.wp-block-kadence-advancedheading.kt-adv-heading29522_be13f9-7d img.kb-inline-image, .wp-block-kadence-advancedheading.kt-adv-heading29522_be13f9-7d[data-kb-block=\"kb-adv-heading29522_be13f9-7d\"] img.kb-inline-image{width:150px;vertical-align:baseline;}@media all and (max-width: 767px){.wp-block-kadence-advancedheading.kt-adv-heading29522_be13f9-7d, .wp-block-kadence-advancedheading.kt-adv-heading29522_be13f9-7d[data-kb-block=\"kb-adv-heading29522_be13f9-7d\"]{font-size:13px;}}<\/style>\n<h2 class=\"kt-adv-heading29522_be13f9-7d wp-block-kadence-advancedheading\" data-kb-block=\"kb-adv-heading29522_be13f9-7d\"><strong>Coordonn\u00e9es bancaires<\/strong>:<\/h2>\n\n\n<style>.wp-block-kadence-advancedheading.kt-adv-heading29522_e9f378-e4, .wp-block-kadence-advancedheading.kt-adv-heading29522_e9f378-e4[data-kb-block=\"kb-adv-heading29522_e9f378-e4\"]{padding-right:100px;font-size:15px;line-height:5px;font-style:normal;}.wp-block-kadence-advancedheading.kt-adv-heading29522_e9f378-e4 mark.kt-highlight, .wp-block-kadence-advancedheading.kt-adv-heading29522_e9f378-e4[data-kb-block=\"kb-adv-heading29522_e9f378-e4\"] mark.kt-highlight{font-style:normal;color:#f76a0c;-webkit-box-decoration-break:clone;box-decoration-break:clone;padding-top:0px;padding-right:0px;padding-bottom:0px;padding-left:0px;}.wp-block-kadence-advancedheading.kt-adv-heading29522_e9f378-e4 img.kb-inline-image, .wp-block-kadence-advancedheading.kt-adv-heading29522_e9f378-e4[data-kb-block=\"kb-adv-heading29522_e9f378-e4\"] img.kb-inline-image{width:150px;vertical-align:baseline;}@media all and (max-width: 767px){.wp-block-kadence-advancedheading.kt-adv-heading29522_e9f378-e4, .wp-block-kadence-advancedheading.kt-adv-heading29522_e9f378-e4[data-kb-block=\"kb-adv-heading29522_e9f378-e4\"]{padding-right:0px;padding-left:0px;font-size:13px;line-height:15px;}}<\/style>\n<p class=\"kt-adv-heading29522_e9f378-e4 wp-block-kadence-advancedheading\" data-kb-block=\"kb-adv-heading29522_e9f378-e4\"><strong>Concours H\u00e9l\u00e8ne de Montgeroult-de Nervo<\/strong>   <\/p>\n\n\n<style>.wp-block-kadence-advancedheading.kt-adv-heading29522_765851-fb, .wp-block-kadence-advancedheading.kt-adv-heading29522_765851-fb[data-kb-block=\"kb-adv-heading29522_765851-fb\"]{padding-top:0px;padding-right:100px;padding-bottom:0px;font-size:15px;line-height:5px;font-style:normal;}.wp-block-kadence-advancedheading.kt-adv-heading29522_765851-fb mark.kt-highlight, .wp-block-kadence-advancedheading.kt-adv-heading29522_765851-fb[data-kb-block=\"kb-adv-heading29522_765851-fb\"] mark.kt-highlight{font-style:normal;color:#f76a0c;-webkit-box-decoration-break:clone;box-decoration-break:clone;padding-top:0px;padding-right:0px;padding-bottom:0px;padding-left:0px;}.wp-block-kadence-advancedheading.kt-adv-heading29522_765851-fb img.kb-inline-image, .wp-block-kadence-advancedheading.kt-adv-heading29522_765851-fb[data-kb-block=\"kb-adv-heading29522_765851-fb\"] img.kb-inline-image{width:150px;vertical-align:baseline;}@media all and (max-width: 767px){.wp-block-kadence-advancedheading.kt-adv-heading29522_765851-fb, .wp-block-kadence-advancedheading.kt-adv-heading29522_765851-fb[data-kb-block=\"kb-adv-heading29522_765851-fb\"]{padding-right:15px;font-size:13px;}}<\/style>\n<p class=\"kt-adv-heading29522_765851-fb wp-block-kadence-advancedheading\" data-kb-block=\"kb-adv-heading29522_765851-fb\"><strong>1680 Romont<\/strong><\/p>\n\n\n<style>.wp-block-kadence-advancedheading.kt-adv-heading29522_ff2ffd-c2, .wp-block-kadence-advancedheading.kt-adv-heading29522_ff2ffd-c2[data-kb-block=\"kb-adv-heading29522_ff2ffd-c2\"]{padding-right:190px;font-size:16px;line-height:24px;font-style:normal;}.wp-block-kadence-advancedheading.kt-adv-heading29522_ff2ffd-c2 mark.kt-highlight, .wp-block-kadence-advancedheading.kt-adv-heading29522_ff2ffd-c2[data-kb-block=\"kb-adv-heading29522_ff2ffd-c2\"] mark.kt-highlight{font-style:normal;color:#f76a0c;-webkit-box-decoration-break:clone;box-decoration-break:clone;padding-top:0px;padding-right:0px;padding-bottom:0px;padding-left:0px;}.wp-block-kadence-advancedheading.kt-adv-heading29522_ff2ffd-c2 img.kb-inline-image, .wp-block-kadence-advancedheading.kt-adv-heading29522_ff2ffd-c2[data-kb-block=\"kb-adv-heading29522_ff2ffd-c2\"] img.kb-inline-image{width:150px;vertical-align:baseline;}@media all and (max-width: 767px){.wp-block-kadence-advancedheading.kt-adv-heading29522_ff2ffd-c2, .wp-block-kadence-advancedheading.kt-adv-heading29522_ff2ffd-c2[data-kb-block=\"kb-adv-heading29522_ff2ffd-c2\"]{padding-right:20px;font-size:15px;}}<\/style>\n<p class=\"kt-adv-heading29522_ff2ffd-c2 wp-block-kadence-advancedheading\" data-kb-block=\"kb-adv-heading29522_ff2ffd-c2\"><strong>Banque cantonale de Fribourg <\/strong>   <\/p>\n\n\n<style>.wp-block-kadence-advancedheading.kt-adv-heading29522_e4a3ae-57, .wp-block-kadence-advancedheading.kt-adv-heading29522_e4a3ae-57[data-kb-block=\"kb-adv-heading29522_e4a3ae-57\"]{padding-top:0px;padding-right:150px;padding-bottom:0px;font-size:16px;line-height:5px;font-style:normal;}.wp-block-kadence-advancedheading.kt-adv-heading29522_e4a3ae-57 mark.kt-highlight, .wp-block-kadence-advancedheading.kt-adv-heading29522_e4a3ae-57[data-kb-block=\"kb-adv-heading29522_e4a3ae-57\"] mark.kt-highlight{font-style:normal;color:#f76a0c;-webkit-box-decoration-break:clone;box-decoration-break:clone;padding-top:0px;padding-right:0px;padding-bottom:0px;padding-left:0px;}.wp-block-kadence-advancedheading.kt-adv-heading29522_e4a3ae-57 img.kb-inline-image, .wp-block-kadence-advancedheading.kt-adv-heading29522_e4a3ae-57[data-kb-block=\"kb-adv-heading29522_e4a3ae-57\"] img.kb-inline-image{width:150px;vertical-align:baseline;}@media all and (max-width: 767px){.wp-block-kadence-advancedheading.kt-adv-heading29522_e4a3ae-57, .wp-block-kadence-advancedheading.kt-adv-heading29522_e4a3ae-57[data-kb-block=\"kb-adv-heading29522_e4a3ae-57\"]{padding-right:20px;font-size:15px;}}<\/style>\n<p class=\"kt-adv-heading29522_e4a3ae-57 wp-block-kadence-advancedheading\" data-kb-block=\"kb-adv-heading29522_e4a3ae-57\">IBAN: <strong>CH92 0076 8300 1638 5100 1<\/strong><\/p>\n\n\n<style>.wp-block-kadence-advancedheading.kt-adv-heading29522_fdd009-58, .wp-block-kadence-advancedheading.kt-adv-heading29522_fdd009-58[data-kb-block=\"kb-adv-heading29522_fdd009-58\"]{padding-top:0px;padding-right:150px;padding-bottom:0px;font-size:16px;line-height:5px;font-style:normal;}.wp-block-kadence-advancedheading.kt-adv-heading29522_fdd009-58 mark.kt-highlight, .wp-block-kadence-advancedheading.kt-adv-heading29522_fdd009-58[data-kb-block=\"kb-adv-heading29522_fdd009-58\"] mark.kt-highlight{font-style:normal;color:#f76a0c;-webkit-box-decoration-break:clone;box-decoration-break:clone;padding-top:0px;padding-right:0px;padding-bottom:0px;padding-left:0px;}.wp-block-kadence-advancedheading.kt-adv-heading29522_fdd009-58 img.kb-inline-image, .wp-block-kadence-advancedheading.kt-adv-heading29522_fdd009-58[data-kb-block=\"kb-adv-heading29522_fdd009-58\"] img.kb-inline-image{width:150px;vertical-align:baseline;}@media all and (max-width: 767px){.wp-block-kadence-advancedheading.kt-adv-heading29522_fdd009-58, .wp-block-kadence-advancedheading.kt-adv-heading29522_fdd009-58[data-kb-block=\"kb-adv-heading29522_fdd009-58\"]{padding-right:20px;font-size:15px;}}<\/style>\n<p class=\"kt-adv-heading29522_fdd009-58 wp-block-kadence-advancedheading\" data-kb-block=\"kb-adv-heading29522_fdd009-58\">SWIFT\/BIC  : <strong>BEFRCH22 <\/strong>          <\/p>\n\n\n<style>.wp-block-kadence-advancedheading.kt-adv-heading29522_b3e35e-5d, .wp-block-kadence-advancedheading.kt-adv-heading29522_b3e35e-5d[data-kb-block=\"kb-adv-heading29522_b3e35e-5d\"]{padding-top:0px;padding-right:150px;padding-bottom:0px;font-size:16px;line-height:5px;font-style:normal;}.wp-block-kadence-advancedheading.kt-adv-heading29522_b3e35e-5d mark.kt-highlight, .wp-block-kadence-advancedheading.kt-adv-heading29522_b3e35e-5d[data-kb-block=\"kb-adv-heading29522_b3e35e-5d\"] mark.kt-highlight{font-style:normal;color:#f76a0c;-webkit-box-decoration-break:clone;box-decoration-break:clone;padding-top:0px;padding-right:0px;padding-bottom:0px;padding-left:0px;}.wp-block-kadence-advancedheading.kt-adv-heading29522_b3e35e-5d img.kb-inline-image, .wp-block-kadence-advancedheading.kt-adv-heading29522_b3e35e-5d[data-kb-block=\"kb-adv-heading29522_b3e35e-5d\"] img.kb-inline-image{width:150px;vertical-align:baseline;}@media all and (max-width: 767px){.wp-block-kadence-advancedheading.kt-adv-heading29522_b3e35e-5d, .wp-block-kadence-advancedheading.kt-adv-heading29522_b3e35e-5d[data-kb-block=\"kb-adv-heading29522_b3e35e-5d\"]{padding-right:20px;font-size:15px;}}<\/style>\n<p class=\"kt-adv-heading29522_b3e35e-5d wp-block-kadence-advancedheading\" data-kb-block=\"kb-adv-heading29522_b3e35e-5d\">Clearing bancaire : <strong>768<\/strong>                    <\/p>\n\n\n<style>.wp-block-kadence-advancedheading.kt-adv-heading29522_eaafa1-ee, .wp-block-kadence-advancedheading.kt-adv-heading29522_eaafa1-ee[data-kb-block=\"kb-adv-heading29522_eaafa1-ee\"]{padding-top:0px;padding-right:150px;padding-bottom:0px;font-size:16px;line-height:5px;font-style:normal;}.wp-block-kadence-advancedheading.kt-adv-heading29522_eaafa1-ee mark.kt-highlight, .wp-block-kadence-advancedheading.kt-adv-heading29522_eaafa1-ee[data-kb-block=\"kb-adv-heading29522_eaafa1-ee\"] mark.kt-highlight{font-style:normal;color:#f76a0c;-webkit-box-decoration-break:clone;box-decoration-break:clone;padding-top:0px;padding-right:0px;padding-bottom:0px;padding-left:0px;}.wp-block-kadence-advancedheading.kt-adv-heading29522_eaafa1-ee img.kb-inline-image, .wp-block-kadence-advancedheading.kt-adv-heading29522_eaafa1-ee[data-kb-block=\"kb-adv-heading29522_eaafa1-ee\"] img.kb-inline-image{width:150px;vertical-align:baseline;}@media all and (max-width: 767px){.wp-block-kadence-advancedheading.kt-adv-heading29522_eaafa1-ee, .wp-block-kadence-advancedheading.kt-adv-heading29522_eaafa1-ee[data-kb-block=\"kb-adv-heading29522_eaafa1-ee\"]{padding-right:20px;font-size:15px;}}<\/style>\n<p class=\"kt-adv-heading29522_eaafa1-ee wp-block-kadence-advancedheading\" data-kb-block=\"kb-adv-heading29522_eaafa1-ee\">CCP : <strong>17-49-3 <\/strong>                                   <\/p>\n\n\n<style>.wp-block-kadence-advancedheading.kt-adv-heading29522_b0a8fe-06, .wp-block-kadence-advancedheading.kt-adv-heading29522_b0a8fe-06[data-kb-block=\"kb-adv-heading29522_b0a8fe-06\"]{padding-top:0px;padding-right:150px;padding-bottom:0px;font-size:16px;line-height:5px;font-style:normal;}.wp-block-kadence-advancedheading.kt-adv-heading29522_b0a8fe-06 mark.kt-highlight, .wp-block-kadence-advancedheading.kt-adv-heading29522_b0a8fe-06[data-kb-block=\"kb-adv-heading29522_b0a8fe-06\"] mark.kt-highlight{font-style:normal;color:#f76a0c;-webkit-box-decoration-break:clone;box-decoration-break:clone;padding-top:0px;padding-right:0px;padding-bottom:0px;padding-left:0px;}.wp-block-kadence-advancedheading.kt-adv-heading29522_b0a8fe-06 img.kb-inline-image, .wp-block-kadence-advancedheading.kt-adv-heading29522_b0a8fe-06[data-kb-block=\"kb-adv-heading29522_b0a8fe-06\"] img.kb-inline-image{width:150px;vertical-align:baseline;}@media all and (max-width: 767px){.wp-block-kadence-advancedheading.kt-adv-heading29522_b0a8fe-06, .wp-block-kadence-advancedheading.kt-adv-heading29522_b0a8fe-06[data-kb-block=\"kb-adv-heading29522_b0a8fe-06\"]{padding-right:20px;font-size:15px;}}<\/style>\n<p class=\"kt-adv-heading29522_b0a8fe-06 wp-block-kadence-advancedheading\" data-kb-block=\"kb-adv-heading29522_b0a8fe-06\">N\u00b0 de compte : <strong>30 01 638.510-01<\/strong><\/p>\n\n\n\n<p><\/p>\n<\/div><\/div>\n\n\n<style>.kadence-column29522_420f17-8e > .kt-inside-inner-col{padding-right:10px;padding-left:10px;}.kadence-column29522_420f17-8e > .kt-inside-inner-col,.kadence-column29522_420f17-8e > .kt-inside-inner-col:before{border-top-left-radius:0px;border-top-right-radius:0px;border-bottom-right-radius:0px;border-bottom-left-radius:0px;}.kadence-column29522_420f17-8e > .kt-inside-inner-col{column-gap:var(--global-kb-gap-sm, 1rem);}.kadence-column29522_420f17-8e > .kt-inside-inner-col{flex-direction:column;}.kadence-column29522_420f17-8e > .kt-inside-inner-col > .aligncenter{width:100%;}.kadence-column29522_420f17-8e > .kt-inside-inner-col{background-color:var(--global-palette7, #EDF2F7);}.kadence-column29522_420f17-8e > .kt-inside-inner-col:before{opacity:0.3;}.kadence-column29522_420f17-8e{position:relative;}@media all and (max-width: 1024px){.kadence-column29522_420f17-8e > .kt-inside-inner-col{flex-direction:column;justify-content:center;}}@media all and (max-width: 767px){.kadence-column29522_420f17-8e > .kt-inside-inner-col{flex-direction:column;justify-content:center;}}<\/style>\n<div class=\"wp-block-kadence-column kadence-column29522_420f17-8e inner-column-2\"><div class=\"kt-inside-inner-col\"><style>.kadence-form-29522_f55664-1b .kb-form .kadence-blocks-form-field .kb-text-style-field, .kadence-form-29522_f55664-1b .kb-form .kadence-blocks-form-field .kb-select-style-field{border-radius:0px;font-size:12px;}.kb-form input.kadence-blocks-field.verify{opacity:0.0;position:absolute;top:0.0;left:0.0;width:0.0;height:0.0;z-index:-1;}<\/style>\n<div class=\"wp-block-kadence-form kadence-form-29522_f55664-1b kb-form-wrap kb-form-align-left\"><form class=\"kb-form\" action=\"\" method=\"post\"><div class=\"kadence-blocks-form-field kb-field-desk-width-60 kb-input-size-small\"><label for=\"kb_field_29522_f55664-1b_0\">Nom<span class=\"required\">*<\/span><\/label><input name=\"kb_field_0\" id=\"kb_field_29522_f55664-1b_0\" data-label=\"Nom\" type=\"text\" placeholder=\"\" value=\"\" data-type=\"text\" class=\"kb-field kb-text-style-field kb-text-field kb-field-0\" data-required=\"yes\" data-required-message=\"Vous devez indiquer un nom\"\/><\/div><div class=\"kadence-blocks-form-field kb-form-field-1 kb-field-desk-width-60 kb-input-size-small\"><label for=\"kb_field_29522_f55664-1b_1\">Pr\u00e9nom<span class=\"required\">*<\/span><\/label><input name=\"kb_field_1\" id=\"kb_field_29522_f55664-1b_1\" data-label=\"Pr\u00e9nom\" type=\"text\" placeholder=\"\" value=\"\" data-type=\"text\" class=\"kb-field kb-text-style-field kb-text-field kb-field-1\" data-required=\"yes\" data-required-message=\"vous devez indiquer un pr\u00e9nom\"\/><\/div><div class=\"kadence-blocks-form-field kb-form-field-2 kb-field-desk-width-100 kb-input-size-small\"><label for=\"kb_field_29522_f55664-1b_2\">Adresse postale<span class=\"required\">*<\/span><\/label><input name=\"kb_field_2\" id=\"kb_field_29522_f55664-1b_2\" data-label=\"Adresse postale\" type=\"text\" placeholder=\"\" value=\"\" data-type=\"text\" class=\"kb-field kb-text-style-field kb-text-field kb-field-2\" data-required=\"yes\" data-required-message=\"Merci de nous indiquer votre adresse postale\"\/><\/div><div class=\"kadence-blocks-form-field kb-form-field-3 kb-field-desk-width-100 kb-input-size-small\"><label for=\"kb_field_29522_f55664-1b_3\">Num\u00e9ro postal et localit\u00e9<span class=\"required\">*<\/span><\/label><input name=\"kb_field_3\" id=\"kb_field_29522_f55664-1b_3\" data-label=\"Num\u00e9ro postal et localit\u00e9\" type=\"text\" placeholder=\"\" value=\"\" data-type=\"text\" class=\"kb-field kb-text-style-field kb-text-field kb-field-3\" data-required=\"yes\" data-required-message=\"Veuillez nous indiquer la localit\u00e9 et le num\u00e9ro postal, s'il vous pla\u00eet.\"\/><\/div><div class=\"kadence-blocks-form-field kb-form-field-4 kb-field-desk-width-50 kb-input-size-small\"><label for=\"kb_field_29522_f55664-1b_4\">Pays<span class=\"required\">*<\/span><\/label><input name=\"kb_field_4\" id=\"kb_field_29522_f55664-1b_4\" data-label=\"Pays\" type=\"text\" placeholder=\"\" value=\"\" data-type=\"text\" class=\"kb-field kb-text-style-field kb-text-field kb-field-4\" data-required=\"yes\" data-required-message=\"Dans quel pays?\"\/><\/div><div class=\"kadence-blocks-form-field kb-form-field-5 kb-field-desk-width-100 kb-input-size-small\"><label for=\"kb_field_29522_f55664-1b_5\">Email<span class=\"required\">*<\/span><\/label><input name=\"kb_field_5\" id=\"kb_field_29522_f55664-1b_5\" data-label=\"Email\" type=\"email\" placeholder=\"\" value=\"\" data-type=\"email\" class=\"kb-field kb-text-style-field kb-email-field kb-field-5\" data-required=\"yes\" data-required-message=\"Votre adresse e-mail est obligatoire\" data-validation-message=\"cette adresse e-mail n'est pas valide\"\/><\/div><div class=\"kadence-blocks-form-field kb-form-field-6 kb-field-desk-width-60 kb-field-mobile-width-100 kb-input-size-small\"><label for=\"kb_field_29522_f55664-1b_6\">Montant de la cotisation<span class=\"required\">*<\/span><\/label><select name=\"kb_field_6\" id=\"kb_field_29522_f55664-1b_6\" data-label=\"Montant de la cotisation\" type=\"select\" value=\"\" data-type=\"select\" class=\"kb-field kb-select-style-field kb-select-field kb-field-6\" data-required=\"yes\" data-required-message=\"merci d'indiquer le montant de votre cotisation\"><option value=\"\" disabled selected>Choisissez ici le montant de votre costisation<\/option><option value=\"Membre individuel 50 CHF\">Membre individuel 50 CHF<\/option><option value=\"Couple 80 CHF\">Couple 80 CHF<\/option><option value=\"Personne morale 300 CHF\">Personne morale 300 CHF<\/option><\/select><\/div><div class=\"kadence-blocks-form-field kb-form-field-7 kb-field-desk-width-60 kb-input-size-small\"><label for=\"kb_field_29522_f55664-1b_7\">Don ponctuel<\/label><input name=\"kb_field_7\" id=\"kb_field_29522_f55664-1b_7\" data-label=\"Don ponctuel\" type=\"text\" placeholder=\"Indiquez ici le montant de votre don\" value=\"\" data-type=\"text\" class=\"kb-field kb-text-style-field kb-text-field kb-field-7\"\/><\/div><div class=\"kadence-blocks-form-field kb-form-field-8 kb-field-desk-width-100 kb-input-size-small\"><label for=\"kb_field_29522_f55664-1b_8\">Je ne souhaite pas que mon nom figure sur la liste des donateurs<\/label><input name=\"kb_field_8\" id=\"kb_field_29522_f55664-1b_8\" data-label=\"Je ne souhaite pas que mon nom figure sur la liste des donateurs\" type=\"text\" placeholder=\"Indiquez-nous si vous acceptez de figurer dans la liste des donateurs\" value=\"\" data-type=\"text\" class=\"kb-field kb-text-style-field kb-text-field kb-field-8\"\/><\/div><div class=\"kadence-blocks-form-field kb-form-field-9 kb-field-desk-width-100 kb-input-size-small\"><label for=\"kb_field_29522_f55664-1b_9\">Message<\/label><input name=\"kb_field_9\" id=\"kb_field_29522_f55664-1b_9\" data-label=\"Message\" type=\"text\" placeholder=\"\" value=\"\" data-type=\"text\" class=\"kb-field kb-text-style-field kb-text-field kb-field-9\"\/><\/div><input type=\"hidden\" name=\"_kb_form_id\" value=\"29522_f55664-1b\"\/><input type=\"hidden\" name=\"_kb_form_post_id\" value=\"29522\"\/><input type=\"hidden\" name=\"action\" value=\"kb_process_ajax_submit\"\/><label class=\"kadence-verify-label\">Email<input class=\"kadence-blocks-field verify\" type=\"text\" name=\"_kb_verify_email\" autocomplete=\"new-password\" aria-hidden=\"true\" placeholder=\"Email\" tabindex=\"-1\" data-1p-ignore=\"true\" data-lpignore=\"true\" \/><\/label><div class=\"kadence-blocks-form-field kb-submit-field kb-field-desk-width-100\"><button class=\"kb-forms-submit button kb-button-size-standard kb-button-width-auto\">Envoyer<\/button><\/div><\/form><\/div>\n<noscript><div class=\"kadence-blocks-form-message kadence-blocks-form-warning\">Devi abilitare JavaScript nel tuo browser per inviare il modulo<\/div><style>.kadence-form-29522_f55664-1b .kadence-blocks-form-field.kb-submit-field { display: none; }<\/style><\/noscript><\/div><\/div>\n\n<\/div><\/div>","protected":false},"excerpt":{"rendered":"<p>Bulletin d&rsquo;adh\u00e9sion \u00e0 l&rsquo;Association \u00ab\u00a0Concours H\u00e9l\u00e8ne de Montgeroult-de Nervo\u00a0\u00bb Vous pouvez consulter nos statuts ici Pour adh\u00e9rer \u00e0 notre Association, utilisez notre formulaire en ligne. Montant des cotisations annuelles: Membre individuel : 50 CHF Couple : 80 CHF Personnes morales : 300 CHF Vous pouvez aussi faire un don ponctuel. Pour un don d\u00e8s 100&#8230;<\/p>","protected":false},"author":1,"featured_media":0,"parent":0,"menu_order":0,"comment_status":"closed","ping_status":"closed","template":"","meta":{"_kad_post_transparent":"","_kad_post_title":"","_kad_post_layout":"","_kad_post_sidebar_id":"","_kad_post_content_style":"","_kad_post_vertical_padding":"","_kad_post_feature":"","_kad_post_feature_position":"","_kad_post_header":false,"_kad_post_footer":false,"_kad_post_classname":"","footnotes":""},"class_list":["post-29522","page","type-page","status-publish","hentry"],"_links":{"self":[{"href":"https:\/\/concourshelenedemontgeroult.ch\/it\/wp-json\/wp\/v2\/pages\/29522","targetHints":{"allow":["GET"]}}],"collection":[{"href":"https:\/\/concourshelenedemontgeroult.ch\/it\/wp-json\/wp\/v2\/pages"}],"about":[{"href":"https:\/\/concourshelenedemontgeroult.ch\/it\/wp-json\/wp\/v2\/types\/page"}],"author":[{"embeddable":true,"href":"https:\/\/concourshelenedemontgeroult.ch\/it\/wp-json\/wp\/v2\/users\/1"}],"replies":[{"embeddable":true,"href":"https:\/\/concourshelenedemontgeroult.ch\/it\/wp-json\/wp\/v2\/comments?post=29522"}],"version-history":[{"count":20,"href":"https:\/\/concourshelenedemontgeroult.ch\/it\/wp-json\/wp\/v2\/pages\/29522\/revisions"}],"predecessor-version":[{"id":30930,"href":"https:\/\/concourshelenedemontgeroult.ch\/it\/wp-json\/wp\/v2\/pages\/29522\/revisions\/30930"}],"wp:attachment":[{"href":"https:\/\/concourshelenedemontgeroult.ch\/it\/wp-json\/wp\/v2\/media?parent=29522"}],"curies":[{"name":"wp","href":"https:\/\/api.w.org\/{rel}","templated":true}]}}