{"id":36,"date":"2017-02-16T09:13:19","date_gmt":"2017-02-16T08:13:19","guid":{"rendered":"http:\/\/mxajfmgl.preview.infomaniak.website\/?page_id=36"},"modified":"2022-10-07T09:46:45","modified_gmt":"2022-10-07T07:46:45","slug":"helene-de-montgeroult","status":"publish","type":"page","link":"https:\/\/concourshelenedemontgeroult.ch\/it\/helene-de-montgeroult\/","title":{"rendered":"H\u00e9l\u00e8ne de Montgeroult (1764-1836)"},"content":{"rendered":"<h1 class=\"has-text-align-center wp-block-heading\" id=\"helene-de-montgeroult\">H\u00e9l\u00e8ne de Montgeroult (1764-1836)<\/h1>\n\n\n<style>.kb-image_afaa8b-4b.kb-image-is-ratio-size, .kb-image_afaa8b-4b .kb-image-is-ratio-size{max-width:414px;width:100%;}.wp-block-kadence-column > .kt-inside-inner-col > .kb-image_afaa8b-4b.kb-image-is-ratio-size, .wp-block-kadence-column > .kt-inside-inner-col > .kb-image_afaa8b-4b .kb-image-is-ratio-size{align-self:unset;}.kb-image_afaa8b-4b figure{max-width:414px;}.kb-image_afaa8b-4b .image-is-svg, .kb-image_afaa8b-4b .image-is-svg img{width:100%;}.kb-image_afaa8b-4b:not(.kb-image-is-ratio-size) .kb-img, .kb-image_afaa8b-4b.kb-image-is-ratio-size{padding-top:0px;}.kb-image_afaa8b-4b .kb-image-has-overlay:after{opacity:0.3;}<\/style>\n<div class=\"wp-block-kadence-image kb-image_afaa8b-4b\"><figure class=\"aligncenter kb-image-is-ratio-size\"><div class=\"kb-is-ratio-image kb-image-ratio-square\"><img loading=\"lazy\" decoding=\"async\" width=\"148\" height=\"148\" src=\"https:\/\/concourshelenedemontgeroult.ch\/wp-content\/uploads\/2022\/01\/390px-Portrait_de_la_mere_de_His_de_la_Salle_Madame_Helene_de_Montgeroult_-_par_COSWAY_Richardcopie-edited.jpg\" alt=\"H\u00e9l\u00e8ne de Montgeroultportrait par Richard Cosway\" class=\"kb-img wp-image-29045\"\/><\/div><figcaption class=\"translation-block\">Ritratto di Madame H\u00e9l\u00e8ne de Montgeroult di Richard Cosway<\/figcaption><\/figure><\/div>\n\n\n\n<h2 class=\"wp-block-heading\" id=\"qui-est-helene-de-montgeroult\" style=\"font-size:19px\">Chi \u00e8 H\u00e9l\u00e8ne de Montgeroult?<\/h2>\n\n\n\n<p class=\"has-theme-palette-7-background-color has-background\">Nata a Lyon nel 1764, H\u00e9l\u00e8ne de Montgeroult fu molto apprezzata dai suoi contemporanei, sia come pianista che come compositrice e insegnante.<\/p>\n\n\n<style>#kt-layout-id_4d51f2-fd > .kt-row-column-wrap{align-content:start;}:where(#kt-layout-id_4d51f2-fd > .kt-row-column-wrap) > .wp-block-kadence-column{justify-content:start;}#kt-layout-id_4d51f2-fd > .kt-row-column-wrap{column-gap:var(--global-kb-gap-md, 2rem);row-gap:var(--global-kb-gap-md, 2rem);padding-top:var( --global-kb-row-default-top, 25px );padding-bottom:var( --global-kb-row-default-bottom, 25px );padding-top:var(--global-kb-spacing-sm, 1.5rem);padding-bottom:var(--global-kb-spacing-sm, 1.5rem);}#kt-layout-id_4d51f2-fd > .kt-row-column-wrap > div:not(.added-for-specificity){grid-column:initial;}#kt-layout-id_4d51f2-fd > .kt-row-column-wrap{grid-template-columns:repeat(3, minmax(0, 1fr));}#kt-layout-id_4d51f2-fd > .kt-row-layout-overlay{opacity:0.30;}@media all and (max-width: 1024px){#kt-layout-id_4d51f2-fd > .kt-row-column-wrap > div:not(.added-for-specificity){grid-column:initial;}}@media all and (max-width: 1024px){#kt-layout-id_4d51f2-fd > .kt-row-column-wrap{grid-template-columns:repeat(3, minmax(0, 1fr));}}@media all and (max-width: 767px){#kt-layout-id_4d51f2-fd > .kt-row-column-wrap > div:not(.added-for-specificity){grid-column:initial;}#kt-layout-id_4d51f2-fd > .kt-row-column-wrap{grid-template-columns:minmax(0, 1fr);}}<\/style>\n<div class=\"wp-block-kadence-rowlayout alignnone\"><div id=\"kt-layout-id_4d51f2-fd\" class=\"kt-row-layout-inner kt-layout-id_4d51f2-fd\"><div class=\"kt-row-column-wrap kt-has-3-columns kt-gutter-default kt-v-gutter-default kt-row-valign-top kt-row-layout-equal kt-tab-layout-inherit kt-m-colapse-left-to-right kt-mobile-layout-row\"><style>.kadence-column_0a7a9d-88 > .kt-inside-inner-col{display:flex;}.kadence-column_0a7a9d-88 > .kt-inside-inner-col{padding-top:10px;padding-bottom:10px;padding-left:10px;padding-right:10px;}.kadence-column_0a7a9d-88 > .kt-inside-inner-col{border-top-width:0px;border-right-width:0px;border-bottom-width:0px;border-left-width:0px;}.kadence-column_0a7a9d-88 > .kt-inside-inner-col,.kadence-column_0a7a9d-88 > .kt-inside-inner-col:before{border-top-left-radius:0px;border-top-right-radius:0px;border-bottom-right-radius:0px;border-bottom-left-radius:0px;}.kadence-column_0a7a9d-88 > .kt-inside-inner-col{column-gap:var(--global-kb-gap-sm, 1rem);}.kadence-column_0a7a9d-88 > .kt-inside-inner-col{flex-direction:column;justify-content:flex-start;}.kadence-column_0a7a9d-88 > .kt-inside-inner-col > .aligncenter{width:100%;}.kt-row-column-wrap > .kadence-column_0a7a9d-88{align-self:flex-start;}.kt-inner-column-height-full:not(.kt-has-1-columns) > .wp-block-kadence-column.kadence-column_0a7a9d-88{align-self:auto;}.kt-inner-column-height-full:not(.kt-has-1-columns) > .wp-block-kadence-column.kadence-column_0a7a9d-88 > .kt-inside-inner-col{flex-direction:column;justify-content:flex-start;}.kadence-column_0a7a9d-88 > .kt-inside-inner-col{background-color:var(--global-palette7, #EDF2F7);}.kadence-column_0a7a9d-88 > .kt-inside-inner-col:before{opacity:0.3;}.kadence-column_0a7a9d-88{position:relative;}@media all and (max-width: 1024px){.kt-row-column-wrap > .kadence-column_0a7a9d-88{align-self:flex-start;}}@media all and (max-width: 1024px){.kt-inner-column-height-full:not(.kt-has-1-columns) > .wp-block-kadence-column.kadence-column_0a7a9d-88{align-self:auto;}}@media all and (max-width: 1024px){.kt-inner-column-height-full:not(.kt-has-1-columns) > .wp-block-kadence-column.kadence-column_0a7a9d-88 > .kt-inside-inner-col{flex-direction:column;justify-content:flex-start;}}@media all and (max-width: 1024px){.kadence-column_0a7a9d-88 > .kt-inside-inner-col{flex-direction:column;justify-content:flex-start;}}@media all and (max-width: 767px){.kt-row-column-wrap > .kadence-column_0a7a9d-88{align-self:flex-start;}.kt-inner-column-height-full:not(.kt-has-1-columns) > .wp-block-kadence-column.kadence-column_0a7a9d-88{align-self:auto;}.kt-inner-column-height-full:not(.kt-has-1-columns) > .wp-block-kadence-column.kadence-column_0a7a9d-88 > .kt-inside-inner-col{flex-direction:column;justify-content:flex-start;}.kadence-column_0a7a9d-88 > .kt-inside-inner-col{flex-direction:column;justify-content:flex-start;}}<\/style>\n<div class=\"wp-block-kadence-column inner-column-1 kadence-column_0a7a9d-88\"><div class=\"kt-inside-inner-col\">\n<h2 class=\"has-medium-font-size wp-block-heading\" id=\"la-pianiste-1\">La pianista<\/h2>\n\n\n\n<blockquote class=\"wp-block-quote is-style-large is-layout-flow wp-block-quote-is-layout-flow\" style=\"font-size:15px\"><p><em>\"L'intera direzione del talento di Madame de Montgeroult era rivolta all'espressione e all'arte del canto\".<\/em><\/p><cite>Baron Louis de Tr\u00e9mont (1779-1852)<\/cite><\/blockquote>\n\n\n\n<p>Tutti coloro che hanno avuto il privilegio di ascoltarla sono unanimi: H\u00e9l\u00e8ne de Montgeroult era un'immensa pianista: brillante improvvisatrice e virtuosa, si distingueva soprattutto per il suo tocco e l'espressione del suo modo di suonare. Lo status sociale di H\u00e9l\u00e8ne de Montgeroult come marchesa non le permetteva di esibirsi nelle sale da concerto. Inoltre, ha sempre preferito suonare per un pubblico selezionato di veri amanti della musica piuttosto che in salotti dove si giocava a carte e si chiacchierava durante l'esecuzione di \"intrattenimenti\" musicali. Per questo motivo, non appena ha iniziato a comporre, H\u00e9l\u00e8ne de Montgeroult ha suonato solo a casa.<\/p>\n<\/div><\/div>\n\n\n<style>.kadence-column_f560f1-3c > .kt-inside-inner-col{padding-top:10px;padding-bottom:10px;padding-left:10px;padding-right:10px;}.kadence-column_f560f1-3c > .kt-inside-inner-col{border-top-width:0px;border-right-width:0px;border-bottom-width:0px;border-left-width:0px;}.kadence-column_f560f1-3c > .kt-inside-inner-col,.kadence-column_f560f1-3c > .kt-inside-inner-col:before{border-top-left-radius:0px;border-top-right-radius:0px;border-bottom-right-radius:0px;border-bottom-left-radius:0px;}.kadence-column_f560f1-3c > .kt-inside-inner-col{column-gap:var(--global-kb-gap-sm, 1rem);}.kadence-column_f560f1-3c > .kt-inside-inner-col{flex-direction:column;}.kadence-column_f560f1-3c > .kt-inside-inner-col > .aligncenter{width:100%;}.kadence-column_f560f1-3c > .kt-inside-inner-col{background-color:#eee6e1;}.kadence-column_f560f1-3c > .kt-inside-inner-col:before{opacity:0.3;}.kadence-column_f560f1-3c{position:relative;}@media all and (max-width: 1024px){.kadence-column_f560f1-3c > .kt-inside-inner-col{flex-direction:column;justify-content:center;}}@media all and (max-width: 767px){.kadence-column_f560f1-3c > .kt-inside-inner-col{flex-direction:column;justify-content:center;}}<\/style>\n<div class=\"wp-block-kadence-column inner-column-2 kadence-column_f560f1-3c\"><div class=\"kt-inside-inner-col\">\n<h2 class=\"has-medium-font-size wp-block-heading\" id=\"la-compositrice-1\">La compositrice<\/h2>\n\n\n\n<blockquote class=\"wp-block-quote is-style-large is-layout-flow wp-block-quote-is-layout-flow\" style=\"font-size:15px\"><p>\"\u00a0<em>C'\u00e8 Schubert, in stile Impromptu, nell'Etude n. 62; Chopin, Op. 10 n. 12, nell'Etude n. 107; e persino Brahms, in stile Intermezzi, nell'Etude n. 104<\/em>.\"<\/p><cite>J\u00e9r\u00f4me Bastianelli, Critique des \u00c9tudes d&rsquo;H\u00e9l\u00e8ne de Montgeroult, Diapason, 2007<\/cite><\/blockquote>\n\n\n\n<p>L'opera di H\u00e9l\u00e8ne de Montgeroult comprende Sonate, Fantasie, Notturni e soprattutto un \"Corso completo per l'insegnamento del pianoforte forte, che conduce progressivamente dai primi elementi alle maggiori difficolt\u00e0\", con 972 esercizi e 114 etudes, pi\u00f9 simili a \"momenti musicali\" o \"impromptus\" che agli aridi esercizi diffusi all'epoca.<\/p>\n\n\n<style>.kb-image_d7ee43-70 .kb-image-has-overlay:after{opacity:0.3;}<\/style>\n<div class=\"wp-block-kadence-image kb-image_d7ee43-70\"><figure class=\"aligncenter size-large\"><img loading=\"lazy\" decoding=\"async\" width=\"748\" height=\"1024\" src=\"https:\/\/concourshelenedemontgeroult.ch\/wp-content\/uploads\/2022\/01\/Cours_complet_pour_lenseignement_du_forte-piano_-_Helene_de_Montgeroult_-_page_de_titre-1-748x1024.png\" alt=\"page de couverture du &quot;cours complet pour l'enseignement du forte-piano, par Madame la Marquise de Montgeroult\" class=\"kb-img wp-image-28855\" srcset=\"https:\/\/concourshelenedemontgeroult.ch\/wp-content\/uploads\/2022\/01\/Cours_complet_pour_lenseignement_du_forte-piano_-_Helene_de_Montgeroult_-_page_de_titre-1-748x1024.png 748w, https:\/\/concourshelenedemontgeroult.ch\/wp-content\/uploads\/2022\/01\/Cours_complet_pour_lenseignement_du_forte-piano_-_Helene_de_Montgeroult_-_page_de_titre-1-219x300.png 219w, https:\/\/concourshelenedemontgeroult.ch\/wp-content\/uploads\/2022\/01\/Cours_complet_pour_lenseignement_du_forte-piano_-_Helene_de_Montgeroult_-_page_de_titre-1-768x1051.png 768w, https:\/\/concourshelenedemontgeroult.ch\/wp-content\/uploads\/2022\/01\/Cours_complet_pour_lenseignement_du_forte-piano_-_Helene_de_Montgeroult_-_page_de_titre-1.png 774w\" sizes=\"auto, (max-width: 748px) 100vw, 748px\" \/><figcaption>Frontespizio del \"Cours complet pour l'enseignement du Fort\u00e9-Piano\", Paris<\/figcaption><\/figure><\/div>\n<\/div><\/div>\n\n\n<style>.kadence-column_46ab32-d0 > .kt-inside-inner-col{padding-top:10px;padding-bottom:10px;padding-left:10px;padding-right:10px;}.kadence-column_46ab32-d0 > .kt-inside-inner-col{border-top-width:0px;border-right-width:0px;border-bottom-width:0px;border-left-width:0px;}.kadence-column_46ab32-d0 > .kt-inside-inner-col,.kadence-column_46ab32-d0 > .kt-inside-inner-col:before{border-top-left-radius:0px;border-top-right-radius:0px;border-bottom-right-radius:0px;border-bottom-left-radius:0px;}.kadence-column_46ab32-d0 > .kt-inside-inner-col{column-gap:var(--global-kb-gap-sm, 1rem);}.kadence-column_46ab32-d0 > .kt-inside-inner-col{flex-direction:column;}.kadence-column_46ab32-d0 > .kt-inside-inner-col > .aligncenter{width:100%;}.kadence-column_46ab32-d0 > .kt-inside-inner-col{background-color:var(--global-palette7, #EDF2F7);}.kadence-column_46ab32-d0 > .kt-inside-inner-col:before{opacity:0.3;}.kadence-column_46ab32-d0{position:relative;}@media all and (max-width: 1024px){.kadence-column_46ab32-d0 > .kt-inside-inner-col{flex-direction:column;justify-content:center;}}@media all and (max-width: 767px){.kadence-column_46ab32-d0 > .kt-inside-inner-col{flex-direction:column;justify-content:center;}}<\/style>\n<div class=\"wp-block-kadence-column inner-column-3 kadence-column_46ab32-d0\"><div class=\"kt-inside-inner-col\">\n<h2 class=\"has-medium-font-size wp-block-heading\" id=\"la-pedagogue-1\">La pedagoga<\/h2>\n\n\n\n<blockquote class=\"wp-block-quote is-style-large is-layout-flow wp-block-quote-is-layout-flow\" style=\"font-size:16px\"><p>\"Se cantare bene \u00e8 la difficolt\u00e0 pi\u00f9 grande su tutti gli strumenti, si potrebbe quasi disperare di superarla sul Forte-Piano, che, privato della facolt\u00e0 di sostenere i suoni, ha dato tutto quando \u00e8 stato toccato; ma il sentimento rende ingegnosi, e la necessit\u00e0 di esprimere ci\u00f2 che si sente pu\u00f2 creare risorse che sfuggono al meccanico.\"<\/p><cite>H\u00e9l\u00e8ne de Mongeroult , Observations sur l&rsquo;\u00c9tude n\u00b0110.<\/cite><\/blockquote>\n\n\n\n<p>Madame de Montgeroult \u00e8 stata la prima donna a insegnare al Conservatorio Nazionale di Parigi. Fu assunta non appena fu creata nel 1795, come \"professore di prima classe, uomini\". Tre anni dopo si \u00e8 dimessa per motivi di salute. Ha insegnato ai suoi studenti la musica di Johann Sebastian Bach e Handel. Il suo corso mostra una grande attenzione per la pedagogia: prefigura ogni brano con poche parole per indicare le insidie da evitare e per suggerire metodi di lavoro.<\/p>\n<\/div><\/div>\n<\/div><\/div><\/div>\n\n\n\n<div class=\"wp-block-columns is-layout-flex wp-container-core-columns-is-layout-9d6595d7 wp-block-columns-is-layout-flex\">\n<div class=\"wp-block-column is-layout-flow wp-block-column-is-layout-flow\"><style>#kt-layout-id_64f5d9-b5 > .kt-row-column-wrap{align-content:start;}:where(#kt-layout-id_64f5d9-b5 > .kt-row-column-wrap) > .wp-block-kadence-column{justify-content:start;}#kt-layout-id_64f5d9-b5 > .kt-row-column-wrap{column-gap:var(--global-kb-gap-md, 2rem);row-gap:var(--global-kb-gap-md, 2rem);padding-top:var( --global-kb-row-default-top, 25px );padding-bottom:var( --global-kb-row-default-bottom, 25px );padding-top:var(--global-kb-spacing-sm, 1.5rem);padding-bottom:var(--global-kb-spacing-sm, 1.5rem);grid-template-columns:minmax(0, 1fr);}#kt-layout-id_64f5d9-b5 > .kt-row-layout-overlay{opacity:0.30;}@media all and (max-width: 1024px){#kt-layout-id_64f5d9-b5 > .kt-row-column-wrap{grid-template-columns:minmax(0, 1fr);}}@media all and (max-width: 767px){#kt-layout-id_64f5d9-b5 > .kt-row-column-wrap{grid-template-columns:minmax(0, 1fr);}}<\/style>\n<div class=\"wp-block-kadence-rowlayout alignnone\"><div id=\"kt-layout-id_64f5d9-b5\" class=\"kt-row-layout-inner kt-layout-id_64f5d9-b5\"><div class=\"kt-row-column-wrap kt-has-1-columns kt-gutter-default kt-v-gutter-default kt-row-valign-top kt-row-layout-equal kt-tab-layout-inherit kt-m-colapse-left-to-right kt-mobile-layout-row\"><style>.kadence-column_44ab54-b8 > .kt-inside-inner-col{padding-left:10px;padding-right:10px;}.kadence-column_44ab54-b8 > .kt-inside-inner-col{border-top-width:0px;border-right-width:0px;border-bottom-width:0px;border-left-width:0px;}.kadence-column_44ab54-b8 > .kt-inside-inner-col,.kadence-column_44ab54-b8 > .kt-inside-inner-col:before{border-top-left-radius:0px;border-top-right-radius:0px;border-bottom-right-radius:0px;border-bottom-left-radius:0px;}.kadence-column_44ab54-b8 > .kt-inside-inner-col{column-gap:var(--global-kb-gap-sm, 1rem);}.kadence-column_44ab54-b8 > .kt-inside-inner-col{flex-direction:column;}.kadence-column_44ab54-b8 > .kt-inside-inner-col > .aligncenter{width:100%;}.kadence-column_44ab54-b8 > .kt-inside-inner-col{background-color:var(--global-palette7, #EDF2F7);}.kadence-column_44ab54-b8 > .kt-inside-inner-col:before{opacity:0.3;}.kadence-column_44ab54-b8{position:relative;}@media all and (max-width: 1024px){.kadence-column_44ab54-b8 > .kt-inside-inner-col{flex-direction:column;justify-content:center;}}@media all and (max-width: 767px){.kadence-column_44ab54-b8 > .kt-inside-inner-col{flex-direction:column;justify-content:center;}}<\/style>\n<div class=\"wp-block-kadence-column inner-column-1 kadence-column_44ab54-b8\"><div class=\"kt-inside-inner-col\">\n<h2 class=\"wp-block-heading\" id=\"reperes-chronologiques-1\" style=\"font-size:24px\">Biografia<\/h2>\n\n\n\n<h2 class=\"has-medium-font-size wp-block-heading\" id=\"helene-de-nervo-1\">H\u00e9l\u00e8ne de Nervo<\/h2>\n\n\n\n<div class=\"wp-block-group\"><div class=\"wp-block-group__inner-container is-layout-flow wp-block-group-is-layout-flow\">\n<p><strong>1764<\/strong>    Naissance \u00e0 Lyon d&rsquo;<strong>H\u00e9l\u00e8ne de Nervo<\/strong><\/p>\n<\/div><\/div>\n\n\n\n<div class=\"wp-block-group\"><div class=\"wp-block-group__inner-container is-layout-flow wp-block-group-is-layout-flow\">\n<p><strong>1766<\/strong>   Nascita del suo fratello Christophe-Olympe in Paris<\/p>\n<\/div><\/div>\n\n\n\n<div class=\"wp-block-group\"><div class=\"wp-block-group__inner-container is-layout-flow wp-block-group-is-layout-flow\">\n<p><strong>1776<\/strong>   Corsi con H\u00fcllmandel, musicista che si dice abbia studiato con Carl Philipp Emmanuel Bach<\/p>\n<\/div><\/div>\n\n\n\n<div class=\"wp-block-group\"><div class=\"wp-block-group__inner-container is-layout-flow wp-block-group-is-layout-flow\">\n<p><strong>1784 <\/strong>  Mariage avec Andr\u00e9-Marie-Gautier <strong>marquis de Montgeroult<\/strong><\/p>\n<\/div><\/div>\n\n\n\n<h2 class=\"has-medium-font-size wp-block-heading\" id=\"marquise-de-montgeroult-1\">Marquise de Montgeroult<\/h2>\n\n\n\n<p><strong>1785<\/strong>   <em>\u00ab\u00a0Premier concerto pour piano\u00a0\u00bb, <\/em>adapt\u00e9 d&rsquo;un concerto de Viotti dont elle vient de faire connaissance<\/p>\n\n\n\n<p><strong>1786<\/strong>   Le\u00e7ons avec Dussek qui lui d\u00e9diera <em>Trois sonates pour le Clavecin ou le Forte-Piano, dont deux avec Violon oblig\u00e9 et la troisi\u00e8me sans Accompagnement <\/em>op.5<\/p>\n\n\n\n<p><strong>1788-1789<\/strong>   Commence \u00e0 \u00e9crire son \u00ab\u00a0Cours complet\u00a0\u00bb<\/p>\n\n\n\n<h2 class=\"has-medium-font-size wp-block-heading\" id=\"sous-la-revolution-1\">Sous la R\u00e9volution<\/h2>\n\n\n\n<p><strong>1789<\/strong>   14 juillet, prise de la Bastille. Premi\u00e8re vague d&rsquo;\u00e9migration<\/p>\n\n\n\n<p><strong>1792<\/strong>   Juillet \u00e0 d\u00e9cembre: s\u00e9jour en Angleterre apr\u00e8s la vente du Ch\u00e2teau de Montgeroult<\/p>\n\n\n\n<p><strong>1793<\/strong>   Voyage en Allemagne autour de P\u00e2ques. \u00c0 l&rsquo;improviste, elle remplace son h\u00f4te, organiste atteint d&rsquo;une attaque de goutte, lors de l&rsquo;office du jour de P\u00e2ques. D\u00e9part du couple Montgeroult pour Naples avec une d\u00e9l\u00e9gation diplomatique secr\u00e8te. Arrestation par les Autrichiens \u00e0 Novale (Italie). Les d\u00e9l\u00e9gu\u00e9s sont conduits \u00e0 Mantoue et incarc\u00e9r\u00e9s. H\u00e9l\u00e8ne est rel\u00e2ch\u00e9e peu apr\u00e8s mais son mari reste en prison o\u00f9 il meurt le 2 septembre. Perquisition au domicile des Montgeroult. Retour \u00e0 Paris en octobre<\/p>\n\n\n\n<p><strong>1794<\/strong>   H\u00e9l\u00e8ne de Montgeroult, incarc\u00e9r\u00e9e \u00e0 la Conciergerie, sauve sa t\u00eate, raconte-t-on, en jouant et improvisant brillamment sur le th\u00e8me de la Marseillaise<\/p>\n\n\n\n<h2 class=\"has-medium-font-size wp-block-heading\" id=\"professeur-au-conservatoire-de-paris\">Professeur au Conservatoire de Paris<\/h2>\n\n\n\n<p><strong>1795<\/strong>   Professeur \u00ab\u00a0de premi\u00e8re classe\u00a0\u00bb au Conservatoire de Paris qui vient d&rsquo;\u00eatre cr\u00e9\u00e9. Charg\u00e9e de la classe de piano <em>Hommes<\/em>. Premi\u00e8re et seule femme professeur d&rsquo;instrument \u00e0 cette \u00e9poque au Conservatoire. Naissance de <strong>son fils<\/strong> <strong>Aim\u00e9-Charles-Horace.<\/strong> Publication de<em> Trois<\/em> <em>sonates<\/em> op.1<\/p>\n\n\n\n<p><strong>1796<\/strong>   Voyage \u00e0 Berlin pour \u00e9diter sa <em>Sonate en fa mineur<\/em><\/p>\n\n\n\n<p><strong>1797<\/strong>   Mariage avec <strong>Charles-Antoine-Hyacinthe His<\/strong> qui donne son nom au fils d&rsquo;H\u00e9l\u00e8ne. <strong>Aim\u00e9-Charles-Horace His de la Salle<\/strong> deviendra un \u00e9minent collectionneur d&rsquo;art, en particulier de dessins qu&rsquo;il l\u00e9guera au Louvre. Sous le titre <strong>\u00ab\u00a0Officier et gentleman au XIX\u00e8me si\u00e8cle: la collection His de la Salle au mus\u00e9e du Louvre\u00a0\u00bb<\/strong>, une exposition a \u00e9t\u00e9 consacr\u00e9e \u00e0 sa donation entre fin 2019 et f\u00e9vrier 2020 au mus\u00e9e du Louvre.<\/p>\n\n\n\n<p><strong>1798<\/strong>   D\u00e9mission du Conservatoire (il faudra attendre 50 ans et la nomination de Louise Farrenc pour avoir \u00e0 nouveau une femme professeur de piano au Conservatoire de Paris)<\/p>\n\n\n\n<h2 class=\"has-medium-font-size wp-block-heading\" id=\"compositrice-1\">Compositrice<\/h2>\n\n\n\n<p><strong>1800<\/strong>   <em>Trois sonates <\/em>op.2. Cours de contrepoint avec Reicha<\/p>\n\n\n\n<h2 class=\"has-medium-font-size wp-block-heading\" id=\"sous-le-premier-empire-1\">Sous le Premier Empire<\/h2>\n\n\n\n<p><strong>1802<\/strong>   Divorce d&rsquo;avec Charles-Antoine His<\/p>\n\n\n\n<p><strong>1804<\/strong>   <em>Pi\u00e8ces pour piano<\/em> op.3<\/p>\n\n\n\n<p><strong>1804-1807<\/strong>   <em>Trois Fantaisies<\/em> op.4 et <em>Trois sonates <\/em>op.5<\/p>\n\n\n\n<p><strong>1807<\/strong>   <em>Six Nocturnes<\/em> op.6<\/p>\n\n\n\n<p><strong>1810<\/strong>   ach\u00e8vement du <em>Cours complet pour l&rsquo;enseignement du Fort\u00e9-Piano conduisant progressivement des premiers \u00e9l\u00e9ments aux plus grandes difficult\u00e9s<\/em>, <em>en trois parties<\/em>.<\/p>\n\n\n\n<p><strong>1812<\/strong> le Cours complet est encore \u00e0 la gravure<\/p>\n\n\n\n<h2 class=\"has-medium-font-size wp-block-heading\" id=\"sous-la-restauration-1\">Sous la Restauration<\/h2>\n\n\n\n<p><strong>1818<\/strong>   S\u00e9jours en Angleterre<\/p>\n\n\n\n<p><strong>1820<\/strong>  \u00c9dition du <em>Cours complet<\/em> chez Janet&amp;Cotelle. Mariage avec le comte <strong>Dunod de Charnage<\/strong><\/p>\n\n\n\n<p><strong>1826<\/strong>   Mort du comte Dunod de Charnage<\/p>\n\n\n\n<h2 class=\"has-medium-font-size wp-block-heading\" id=\"italie-1\">Italie<\/h2>\n\n\n\n<p><strong>1834<\/strong> d\u00e9part pour l&rsquo;Italie en compagnie de son fils<\/p>\n\n\n\n<p><strong>1836<\/strong> Mort \u00e0 Florence o\u00f9 elle est enterr\u00e9e (Santa Croce)<\/p>\n\n\n\n<p>J\u00e9r\u00f4me Dorival, musicien et historien, a consacr\u00e9 une \u00e9tude tr\u00e8s fouill\u00e9e \u00e0 cette artiste,  parue en 2007 aux \u00e9ditions Sym\u00e9trie sous le titre \u00ab\u00a0H\u00e9l\u00e8ne de Montgeroult, la Marquise et la Marseillaise\u00a0\u00bb<\/p>\n\n\n<style>.wp-block-kadence-advancedbtn.kb-btns_99e2f6-76{gap:var(--global-kb-gap-xs, 0.5rem );justify-content:center;align-items:center;}.kt-btns_99e2f6-76 .kt-button{font-weight:normal;font-style:normal;}.kt-btns_99e2f6-76 .kt-btn-wrap-0{margin-right:5px;}.wp-block-kadence-advancedbtn.kt-btns_99e2f6-76 .kt-btn-wrap-0 .kt-button{color:#555555;border-color:#555555;}.wp-block-kadence-advancedbtn.kt-btns_99e2f6-76 .kt-btn-wrap-0 .kt-button:hover, .wp-block-kadence-advancedbtn.kt-btns_99e2f6-76 .kt-btn-wrap-0 .kt-button:focus{color:#ffffff;border-color:#444444;}.wp-block-kadence-advancedbtn.kt-btns_99e2f6-76 .kt-btn-wrap-0 .kt-button::before{display:none;}.wp-block-kadence-advancedbtn.kt-btns_99e2f6-76 .kt-btn-wrap-0 .kt-button:hover, .wp-block-kadence-advancedbtn.kt-btns_99e2f6-76 .kt-btn-wrap-0 .kt-button:focus{background:#444444;}<\/style>\n<div class=\"wp-block-kadence-advancedbtn kt-btn-align-center kt-btn-tablet-align-inherit kt-btn-mobile-align-inherit kt-btns-wrap kt-btns_99e2f6-76\"><div class=\"kt-btn-wrap kt-btn-wrap-0\"><a class=\"kt-button button kt-btn-0-action kt-btn-size-custom kt-btn-style-basic kt-btn-svg-show-always kt-btn-has-text-true kt-btn-has-svg-false\" href=\"https:\/\/symetrie.com\/fr\/titres\/helene-montgeroult-marquise-marseillaise\" target=\"_blank\" rel=\"noreferrer noopener\"><span class=\"kt-btn-inner-text\">Pour en savoir plus sur H\u00e9l\u00e8ne de Montgeroult<\/span><\/a><\/div><\/div>\n\n\n\n<p> <\/p>\n<\/div><\/div>\n<\/div><\/div><\/div>\n<\/div>\n<\/div>\n\n\n\n<p><\/p>\n\n\n\n<p><\/p>","protected":false},"excerpt":{"rendered":"<p>H\u00e9l\u00e8ne de Montgeroult (1764-1836) Qui est H\u00e9l\u00e8ne de Montgeroult ? N\u00e9e \u00e0 Lyon en 1764, H\u00e9l\u00e8ne de Montgeroult a suscit\u00e9 les plus vifs \u00e9loges de ses contemporains, tant comme pianofortiste, que comme compositrice et p\u00e9dagogue. La pianiste \u00ab\u00a0Toute la direction du talent de Madame de Montgeroult \u00e9tait port\u00e9e vers l&rsquo;expression et l&rsquo;art de chanter\u00a0\u00bb Baron&#8230;<\/p>","protected":false},"author":1,"featured_media":0,"parent":0,"menu_order":0,"comment_status":"closed","ping_status":"closed","template":"","meta":{"_kad_post_transparent":"","_kad_post_title":"","_kad_post_layout":"","_kad_post_sidebar_id":"","_kad_post_content_style":"","_kad_post_vertical_padding":"","_kad_post_feature":"","_kad_post_feature_position":"","_kad_post_header":false,"_kad_post_footer":false,"_kad_post_classname":"","footnotes":""},"class_list":["post-36","page","type-page","status-publish","hentry"],"_links":{"self":[{"href":"https:\/\/concourshelenedemontgeroult.ch\/it\/wp-json\/wp\/v2\/pages\/36","targetHints":{"allow":["GET"]}}],"collection":[{"href":"https:\/\/concourshelenedemontgeroult.ch\/it\/wp-json\/wp\/v2\/pages"}],"about":[{"href":"https:\/\/concourshelenedemontgeroult.ch\/it\/wp-json\/wp\/v2\/types\/page"}],"author":[{"embeddable":true,"href":"https:\/\/concourshelenedemontgeroult.ch\/it\/wp-json\/wp\/v2\/users\/1"}],"replies":[{"embeddable":true,"href":"https:\/\/concourshelenedemontgeroult.ch\/it\/wp-json\/wp\/v2\/comments?post=36"}],"version-history":[{"count":59,"href":"https:\/\/concourshelenedemontgeroult.ch\/it\/wp-json\/wp\/v2\/pages\/36\/revisions"}],"predecessor-version":[{"id":29999,"href":"https:\/\/concourshelenedemontgeroult.ch\/it\/wp-json\/wp\/v2\/pages\/36\/revisions\/29999"}],"wp:attachment":[{"href":"https:\/\/concourshelenedemontgeroult.ch\/it\/wp-json\/wp\/v2\/media?parent=36"}],"curies":[{"name":"wp","href":"https:\/\/api.w.org\/{rel}","templated":true}]}}